{"id":28060,"date":"2021-12-14T09:11:28","date_gmt":"2021-12-14T09:11:28","guid":{"rendered":"https:\/\/gridinteriorsystem.com\/om-grid\/privatlivspolitik\/"},"modified":"2025-10-15T13:23:21","modified_gmt":"2025-10-15T13:23:21","slug":"privatlivspolitik","status":"publish","type":"page","link":"https:\/\/gridinteriorsystem.com\/da\/om-grid\/privatlivspolitik\/","title":{"rendered":"Privatlivspolitik"},"content":{"rendered":"\t\t<div data-elementor-type=\"wp-page\" data-elementor-id=\"28060\" class=\"elementor elementor-28060 elementor-404\" data-elementor-settings=\"{&quot;ha_cmc_init_switcher&quot;:&quot;no&quot;}\" data-elementor-post-type=\"page\">\n\t\t\t\t\t\t<section class=\"elementor-section elementor-top-section elementor-element elementor-element-ae14ad0 elementor-section-boxed elementor-section-height-default elementor-section-height-default\" data-id=\"ae14ad0\" data-element_type=\"section\" data-e-type=\"section\" data-settings=\"{&quot;jet_parallax_layout_list&quot;:[],&quot;_ha_eqh_enable&quot;:false}\">\n\t\t\t\t\t\t<div class=\"elementor-container elementor-column-gap-default\">\n\t\t\t\t\t<div class=\"elementor-column elementor-col-50 elementor-top-column elementor-element elementor-element-d4fbcc2\" data-id=\"d4fbcc2\" data-element_type=\"column\" data-e-type=\"column\">\n\t\t\t<div class=\"elementor-widget-wrap elementor-element-populated\">\n\t\t\t\t\t\t<div class=\"elementor-element elementor-element-0a37d72 elementor-widget elementor-widget-heading\" data-id=\"0a37d72\" data-element_type=\"widget\" data-e-type=\"widget\" data-widget_type=\"heading.default\">\n\t\t\t\t<div class=\"elementor-widget-container\">\n\t\t\t\t\t<h2 class=\"elementor-heading-title elementor-size-default\">Din privatliv er vigtigt for os.<\/h2>\t\t\t\t<\/div>\n\t\t\t\t<\/div>\n\t\t\t\t\t<\/div>\n\t\t<\/div>\n\t\t\t\t<div class=\"elementor-column elementor-col-50 elementor-top-column elementor-element elementor-element-c73d279\" data-id=\"c73d279\" data-element_type=\"column\" data-e-type=\"column\">\n\t\t\t<div class=\"elementor-widget-wrap elementor-element-populated\">\n\t\t\t\t\t\t<div class=\"elementor-element elementor-element-bc66c92 elementor-widget elementor-widget-spacer\" data-id=\"bc66c92\" data-element_type=\"widget\" data-e-type=\"widget\" data-widget_type=\"spacer.default\">\n\t\t\t\t<div class=\"elementor-widget-container\">\n\t\t\t\t\t\t\t<div class=\"elementor-spacer\">\n\t\t\t<div class=\"elementor-spacer-inner\"><\/div>\n\t\t<\/div>\n\t\t\t\t\t\t<\/div>\n\t\t\t\t<\/div>\n\t\t\t\t\t<\/div>\n\t\t<\/div>\n\t\t\t\t\t<\/div>\n\t\t<\/section>\n\t\t\t\t<section class=\"elementor-section elementor-top-section elementor-element elementor-element-5308e03 elementor-section-boxed elementor-section-height-default elementor-section-height-default\" data-id=\"5308e03\" data-element_type=\"section\" data-e-type=\"section\" data-settings=\"{&quot;jet_parallax_layout_list&quot;:[],&quot;_ha_eqh_enable&quot;:false}\">\n\t\t\t\t\t\t<div class=\"elementor-container elementor-column-gap-default\">\n\t\t\t\t\t<div class=\"elementor-column elementor-col-100 elementor-top-column elementor-element elementor-element-dbcec38\" data-id=\"dbcec38\" data-element_type=\"column\" data-e-type=\"column\">\n\t\t\t<div class=\"elementor-widget-wrap elementor-element-populated\">\n\t\t\t\t\t\t<div class=\"elementor-element elementor-element-8d7ce12 elementor-widget elementor-widget-spacer\" data-id=\"8d7ce12\" data-element_type=\"widget\" data-e-type=\"widget\" data-widget_type=\"spacer.default\">\n\t\t\t\t<div class=\"elementor-widget-container\">\n\t\t\t\t\t\t\t<div class=\"elementor-spacer\">\n\t\t\t<div class=\"elementor-spacer-inner\"><\/div>\n\t\t<\/div>\n\t\t\t\t\t\t<\/div>\n\t\t\t\t<\/div>\n\t\t\t\t<div class=\"elementor-element elementor-element-a947d8d elementor-invisible elementor-widget elementor-widget-text-editor\" data-id=\"a947d8d\" data-element_type=\"widget\" data-e-type=\"widget\" data-settings=\"{&quot;motion_fx_motion_fx_mouse&quot;:&quot;yes&quot;,&quot;_animation&quot;:&quot;fadeIn&quot;}\" data-widget_type=\"text-editor.default\">\n\t\t\t\t<div class=\"elementor-widget-container\">\n\t\t\t\t\t\t\t\t\t<p>Hos GRID System ApS er vi opm\u00e6rksomme p\u00e5 behovet for beskyttelse og ansvarlig behandling af personoplysninger.<\/p><p>Derfor arbejder vi ud fra f\u00f8lgende principper:<\/p><ul><li>Ingen videregivelse af personoplysninger til tredjeparter.<\/li><li>Ingen indhentning af personoplysninger fra tredjeparter.<\/li><li>Det er valgfrit, om du \u00f8nsker at tilmelde dig vores nyhedsbrev, og du kan til enhver tid afmelde dig.<\/li><li>I overensstemmelse med persondataforordningen kan du altid f\u00e5 oplyst, hvilke oplysninger vi har registreret om dig, hvis du kontakter os.<\/li><\/ul><p>Nedenfor kan du l\u00e6se mere om, hvordan vi indsamler, beskytter og bruger dine personoplysninger.<\/p><p><strong>Cookies<\/strong><br>Vi bruger ikke personligt f\u00f8lsomme cookies. Det betyder, at vi ikke gemmer personlige data, men kun data, der hj\u00e6lper dig med at v\u00e6re logget ind, og som husker og sporer brugeradf\u00e6rd. <\/p><p><strong>Leadinfo<\/strong><br>Vi bruger leadgenereringstjenesten fra Leadinfo B.V., Rotterdam, Holland, som genkender virksomheders bes\u00f8g p\u00e5 vores hjemmeside baseret p\u00e5 IP-adresser og viser os relaterede offentligt tilg\u00e6ngelige oplysninger, s\u00e5som virksomhedsnavne eller adresser. Derudover placerer Leadinfo to f\u00f8rstepartscookies for at skabe gennemsigtighed om, hvordan vores bes\u00f8gende bruger vores hjemmeside, og v\u00e6rkt\u00f8jet behandler dom\u00e6ner fra indtastede formularer (f.eks. \u00bbleadinfo.com\u00ab) for at sammenholde IP-adresser med virksomheder og forbedre sine tjenester. For yderligere information, bes\u00f8g www.leadinfo.com. P\u00e5 denne side: www.leadinfo.com\/en\/opt-out har du mulighed for at frav\u00e6lge. I tilf\u00e6lde af fravalg vil dine data ikke l\u00e6ngere blive brugt af Leadinfo.    <\/p><p><strong>Log og statistik<\/strong><br>P\u00e5 www.gridinteriorsystem.com bruger vi logstatistikker. Det betyder, at et statistisk system indsamler data, der kan give et statistisk billede af, hvor mange bes\u00f8gende vores hjemmeside har haft, hvor de kommer fra, hvilken del af siden de kommer fra osv. P\u00e5 www.gridinteriorsystem.com bruger vi logstatistikker med det form\u00e5l at optimere vores hjemmeside og dens funktioner. Logstatistikker bruges blandt andet til at \u00f8ge brugervenligheden og m\u00e5lrettet markedsf\u00f8ring.   <\/p><p><strong> <\/strong><\/p><p><strong>Nyhedsbrev<\/strong><br>Hvis du v\u00e6lger at tilmelde dig vores nyhedsbrev og lignende information, gemmer vi dit navn, din e-mailadresse og dit registrerede land og sprog for at kunne sende dig de \u00f8nskede oplysninger via e-mail. Du kan til enhver tid afmelde denne service via et link \u00f8verst og nederst i nyhedsbrevet. Hvis du har sp\u00f8rgsm\u00e5l vedr\u00f8rende vores behandling af personoplysninger, er du velkommen til at sende os en e-mail til <br><a href=\"https:\/\/gridinteriorsystem.com\/about\/privacy-policy\/grid@gridsystem.dk\">grid@gridsystem.dk<\/a>.  <\/p><p><strong> <\/strong><\/p><p>Dine rettigheder i henhold til <strong>databeskyttelsesloven<\/strong><br>I forbindelse med vores behandling af dine personoplysninger har du f\u00f8lgende rettigheder:<\/p><ul><li>Retten til at modtage oplysninger om behandlingen af dine personoplysninger<\/li><li>Retten til at f\u00e5 adgang til dine personoplysninger<\/li><li>Retten til at f\u00e5 dine forkerte personoplysninger rettet<\/li><li>Retten til at f\u00e5 dine personoplysninger slettet<\/li><li>Retten til at g\u00f8re indsigelse mod brugen af personoplysninger til direkte markedsf\u00f8ring<\/li><li>Retten til at g\u00f8re indsigelse mod automatiske individuelle afg\u00f8relser, herunder profilering<\/li><li>Retten til at overf\u00f8re dine personoplysninger (dataportabilitet)<\/li><\/ul><p>Alle ovenst\u00e5ende rettigheder h\u00e5ndteres manuelt ved at kontakte os. Husk at oplyse dit fulde navn og din e-mailadresse, n\u00e5r du kontakter os. Du kan kontakte os p\u00e5 <br>\n  <a href=\"https:\/\/gridinteriorsystem.com\/about\/privacy-policy\/grid@gridsystem.dk\">grid@gridsystem.dk.<\/a>\n  <\/p><p>Vi kan afvise anmodninger, der er urimeligt gentagne, kr\u00e6ver uforholdsm\u00e6ssig teknisk indgriben (f.eks. at udvikle et nyt system eller \u00e6ndre en eksisterende praksis v\u00e6sentligt), p\u00e5virker beskyttelsen af andre personers personoplysninger eller er ekstremt upraktiske.<\/p><p>Hvis vi kan rette oplysningerne, vil vi naturligvis g\u00f8re det uden beregning, medmindre det kr\u00e6ver en uforholdsm\u00e6ssig stor indsats. Vi bestr\u00e6ber os p\u00e5 at vedligeholde vores tjenester p\u00e5 en m\u00e5de, der beskytter data mod fejlagtig eller skadelig destruktion. N\u00e5r vi sletter dine personoplysninger fra vores tjenester, er det derfor ikke altid muligt for os at slette tilsvarende kopier fra vores arkivserver med det samme, og det er ikke sikkert, at dataene fjernes fra vores backup-systemer, inden opbevaringsperioden udl\u00f8ber.  <\/p><p>Du har til enhver tid ret til at klage til Datatilsynet ved at skrive til Datatilsynet, Borgergade 28, 5. sal, 1300 K\u00f8benhavn K eller via Datatilsynets hjemmeside (<a href=\"https:\/\/www.datatilsynet.dk\/borger\/klage.til-datatilsynet\/\" target=\"_blank\" rel=\"noopener\">https:\/\/www.datatilsynet.dk\/borger\/klage.til-datatilsynet\/<\/a>).<\/p><p><strong> <\/strong><\/p><p>Overholdelse af og samarbejde med tilsynsmyndigheder<br>Vi gennemg\u00e5r regelm\u00e6ssigt vores egen overholdelse af vores privatlivspolitik. Vi overholder ogs\u00e5 forskellige selvregulerende sikkerhedspolitikker. Hvis vi modtager formelle skriftlige klager, kontakter vi afsenderen for at f\u00f8lge op p\u00e5 klagen. Vi samarbejder med de relevante tilsynsmyndigheder, f.eks. Datatilsynet, for at l\u00f8se klager vedr\u00f8rende overf\u00f8rsel af personoplysninger, som vi ikke kan l\u00f8se direkte med vores brugere.   <\/p><p><strong> <\/strong><\/p><p>\u00c6ndringer<br>Vores privatlivspolitik kan \u00e6ndres fra tid til anden. Eventuelle \u00e6ndringer i denne privatlivspolitik vil blive angivet p\u00e5 denne side, og hvis der sker v\u00e6sentlige \u00e6ndringer, vil vi g\u00f8re opm\u00e6rksom p\u00e5 dem p\u00e5 en mere synlig m\u00e5de (for visse tjenester vil vi blandt andet informere dig om \u00e6ndringer via e-mail). <\/p>\t\t\t\t\t\t\t\t<\/div>\n\t\t\t\t<\/div>\n\t\t\t\t\t<\/div>\n\t\t<\/div>\n\t\t\t\t\t<\/div>\n\t\t<\/section>\n\t\t\t\t<\/div>\n\t\t","protected":false},"excerpt":{"rendered":"<p>Din privatliv er vigtigt for os. Hos GRID System ApS er vi opm\u00e6rksomme p\u00e5 behovet for beskyttelse og ansvarlig behandling af personoplysninger. Derfor arbejder vi ud fra f\u00f8lgende principper: Ingen videregivelse af personoplysninger til tredjeparter. Ingen indhentning af personoplysninger fra tredjeparter. Det er valgfrit, om du \u00f8nsker at tilmelde dig vores nyhedsbrev, og du kan [&hellip;]<\/p>\n","protected":false},"author":11,"featured_media":0,"parent":27986,"menu_order":60,"comment_status":"closed","ping_status":"closed","template":"","meta":{"inline_featured_image":false,"footnotes":""},"class_list":["post-28060","page","type-page","status-publish","hentry"],"_links":{"self":[{"href":"https:\/\/gridinteriorsystem.com\/da\/wp-json\/wp\/v2\/pages\/28060","targetHints":{"allow":["GET"]}}],"collection":[{"href":"https:\/\/gridinteriorsystem.com\/da\/wp-json\/wp\/v2\/pages"}],"about":[{"href":"https:\/\/gridinteriorsystem.com\/da\/wp-json\/wp\/v2\/types\/page"}],"author":[{"embeddable":true,"href":"https:\/\/gridinteriorsystem.com\/da\/wp-json\/wp\/v2\/users\/11"}],"replies":[{"embeddable":true,"href":"https:\/\/gridinteriorsystem.com\/da\/wp-json\/wp\/v2\/comments?post=28060"}],"version-history":[{"count":1,"href":"https:\/\/gridinteriorsystem.com\/da\/wp-json\/wp\/v2\/pages\/28060\/revisions"}],"predecessor-version":[{"id":28061,"href":"https:\/\/gridinteriorsystem.com\/da\/wp-json\/wp\/v2\/pages\/28060\/revisions\/28061"}],"up":[{"embeddable":true,"href":"https:\/\/gridinteriorsystem.com\/da\/wp-json\/wp\/v2\/pages\/27986"}],"wp:attachment":[{"href":"https:\/\/gridinteriorsystem.com\/da\/wp-json\/wp\/v2\/media?parent=28060"}],"curies":[{"name":"wp","href":"https:\/\/api.w.org\/{rel}","templated":true}]}}