{"id":28173,"date":"2023-03-08T13:13:36","date_gmt":"2023-03-08T13:13:36","guid":{"rendered":"https:\/\/gridinteriorsystem.com\/kontakt\/mod-os-ved-begivenheder\/grid-pa-euroshop-2023\/"},"modified":"2025-10-20T09:26:23","modified_gmt":"2025-10-20T09:26:23","slug":"grid-pa-euroshop-2023","status":"publish","type":"page","link":"https:\/\/gridinteriorsystem.com\/da\/kontakt\/mod-os-ved-begivenheder\/grid-pa-euroshop-2023\/","title":{"rendered":"GRID p\u00e5 Euroshop 2023"},"content":{"rendered":"\t\t<div data-elementor-type=\"wp-page\" data-elementor-id=\"28173\" class=\"elementor elementor-28173 elementor-14192\" data-elementor-settings=\"{&quot;ha_cmc_init_switcher&quot;:&quot;no&quot;}\" data-elementor-post-type=\"page\">\n\t\t\t\t\t\t<section class=\"elementor-section elementor-top-section elementor-element elementor-element-2413e3b elementor-section-boxed elementor-section-height-default elementor-section-height-default\" data-id=\"2413e3b\" data-element_type=\"section\" data-e-type=\"section\" data-settings=\"{&quot;jet_parallax_layout_list&quot;:[],&quot;_ha_eqh_enable&quot;:false}\">\n\t\t\t\t\t\t<div class=\"elementor-container elementor-column-gap-default\">\n\t\t\t\t\t<div class=\"elementor-column elementor-col-100 elementor-top-column elementor-element elementor-element-622ce87\" data-id=\"622ce87\" data-element_type=\"column\" data-e-type=\"column\">\n\t\t\t<div class=\"elementor-widget-wrap elementor-element-populated\">\n\t\t\t\t\t\t<div class=\"elementor-element elementor-element-c55edcd elementor-widget elementor-widget-html\" data-id=\"c55edcd\" data-element_type=\"widget\" data-e-type=\"widget\" data-widget_type=\"html.default\">\n\t\t\t\t<div class=\"elementor-widget-container\">\n\t\t\t\t\t<div style=\"position:relative;height:0;overflow:hidden;padding-bottom:56.25%\"><iframe allowfullscreen=\"\" frameborder=\"0\" src=\"https:\/\/tour3d.dimensione3.com\/Grid-Euroshop2023\" style=\"position: absolute;top:0;left:0;width:100%;height:100%\"><\/iframe><\/div>\t\t\t\t<\/div>\n\t\t\t\t<\/div>\n\t\t\t\t\t<\/div>\n\t\t<\/div>\n\t\t\t\t\t<\/div>\n\t\t<\/section>\n\t\t\t\t<section class=\"elementor-section elementor-top-section elementor-element elementor-element-f143e72 elementor-section-boxed elementor-section-height-default elementor-section-height-default\" data-id=\"f143e72\" data-element_type=\"section\" data-e-type=\"section\" data-settings=\"{&quot;jet_parallax_layout_list&quot;:[],&quot;_ha_eqh_enable&quot;:false}\">\n\t\t\t\t\t\t<div class=\"elementor-container elementor-column-gap-default\">\n\t\t\t\t\t<div class=\"elementor-column elementor-col-50 elementor-top-column elementor-element elementor-element-1d5098e\" data-id=\"1d5098e\" data-element_type=\"column\" data-e-type=\"column\">\n\t\t\t<div class=\"elementor-widget-wrap elementor-element-populated\">\n\t\t\t\t\t\t<div class=\"elementor-element elementor-element-2906512 elementor-widget elementor-widget-spacer\" data-id=\"2906512\" data-element_type=\"widget\" data-e-type=\"widget\" data-widget_type=\"spacer.default\">\n\t\t\t\t<div class=\"elementor-widget-container\">\n\t\t\t\t\t\t\t<div class=\"elementor-spacer\">\n\t\t\t<div class=\"elementor-spacer-inner\"><\/div>\n\t\t<\/div>\n\t\t\t\t\t\t<\/div>\n\t\t\t\t<\/div>\n\t\t\t\t<div class=\"elementor-element elementor-element-62659e7 elementor-widget elementor-widget-heading\" data-id=\"62659e7\" data-element_type=\"widget\" data-e-type=\"widget\" data-widget_type=\"heading.default\">\n\t\t\t\t<div class=\"elementor-widget-container\">\n\t\t\t\t\t<h1 class=\"elementor-heading-title elementor-size-default\">Finalist til prisen for bedste standdesign<\/h1>\t\t\t\t<\/div>\n\t\t\t\t<\/div>\n\t\t\t\t<div class=\"elementor-element elementor-element-8b574c5 elementor-widget elementor-widget-spacer\" data-id=\"8b574c5\" data-element_type=\"widget\" data-e-type=\"widget\" data-widget_type=\"spacer.default\">\n\t\t\t\t<div class=\"elementor-widget-container\">\n\t\t\t\t\t\t\t<div class=\"elementor-spacer\">\n\t\t\t<div class=\"elementor-spacer-inner\"><\/div>\n\t\t<\/div>\n\t\t\t\t\t\t<\/div>\n\t\t\t\t<\/div>\n\t\t\t\t\t<\/div>\n\t\t<\/div>\n\t\t\t\t<div class=\"elementor-column elementor-col-50 elementor-top-column elementor-element elementor-element-d2f75d9\" data-id=\"d2f75d9\" data-element_type=\"column\" data-e-type=\"column\">\n\t\t\t<div class=\"elementor-widget-wrap elementor-element-populated\">\n\t\t\t\t\t\t<div class=\"elementor-element elementor-element-8c53710 elementor-widget elementor-widget-spacer\" data-id=\"8c53710\" data-element_type=\"widget\" data-e-type=\"widget\" data-widget_type=\"spacer.default\">\n\t\t\t\t<div class=\"elementor-widget-container\">\n\t\t\t\t\t\t\t<div class=\"elementor-spacer\">\n\t\t\t<div class=\"elementor-spacer-inner\"><\/div>\n\t\t<\/div>\n\t\t\t\t\t\t<\/div>\n\t\t\t\t<\/div>\n\t\t\t\t<div class=\"elementor-element elementor-element-a99aebe elementor-widget elementor-widget-text-editor\" data-id=\"a99aebe\" data-element_type=\"widget\" data-e-type=\"widget\" data-widget_type=\"text-editor.default\">\n\t\t\t\t<div class=\"elementor-widget-container\">\n\t\t\t\t\t\t\t\t\t<p> <\/p><p style=\"font-weight: 400;\"><strong>Exhibitor Magazine\u2019s EuroShop Award 2023<\/strong><\/p><p> <\/p><p style=\"font-weight: 400;\">Ud af n\u00e6sten 2.300 udstillere blev vores stand udvalgt som finalist af Exhibitor Magazine&#8217;s EuroShop Awards 2023 \u2013 som en af 10 i kategorien 40-79 m\u00b2 og en af 50 i alt. <\/p><p> <\/p><p style=\"font-weight: 400;\">Konkurrencen blev bed\u00f8mt af et internationalt panel af marketing- og designeksperter.<\/p><p> <\/p><p style=\"font-weight: 400;\">\u00bbDisse finalister repr\u00e6senterer det ypperste af det ypperste p\u00e5 EuroShop-messen,\u00ab sagde Travis Stanton, chefredakt\u00f8r for Exhibitor Magazine, Exhibitor Group.<\/p><p> <\/p><p style=\"font-weight: 400;\"><em>\u201dI betragtning af at der er omkring 2.300 individuelle stande fordelt over Messe D\u00fcsseldorf-hallerne, skulle udstillerne v\u00e6re blandt de \u00f8verste 2 procent af de repr\u00e6senterede virksomheder for at kvalificere sig til denne prestigefyldte \u00e6re. Vores dommere har helt sikkert en stor opgave foran sig.\u201d<\/em><\/p><p> <\/p><p style=\"font-weight: 400;\">Vi vandt ikke. Men vi var meget stolte over at v\u00e6re nomineret blandt meget st\u00e6rke konkurrenter. <\/p>\t\t\t\t\t\t\t\t<\/div>\n\t\t\t\t<\/div>\n\t\t\t\t<div class=\"elementor-element elementor-element-2d32cf8 elementor-widget elementor-widget-spacer\" data-id=\"2d32cf8\" data-element_type=\"widget\" data-e-type=\"widget\" data-widget_type=\"spacer.default\">\n\t\t\t\t<div class=\"elementor-widget-container\">\n\t\t\t\t\t\t\t<div class=\"elementor-spacer\">\n\t\t\t<div class=\"elementor-spacer-inner\"><\/div>\n\t\t<\/div>\n\t\t\t\t\t\t<\/div>\n\t\t\t\t<\/div>\n\t\t\t\t\t<\/div>\n\t\t<\/div>\n\t\t\t\t\t<\/div>\n\t\t<\/section>\n\t\t\t\t<section class=\"elementor-section elementor-top-section elementor-element elementor-element-96acc9d elementor-section-boxed elementor-section-height-default elementor-section-height-default\" data-id=\"96acc9d\" data-element_type=\"section\" data-e-type=\"section\" data-settings=\"{&quot;jet_parallax_layout_list&quot;:[],&quot;_ha_eqh_enable&quot;:false}\">\n\t\t\t\t\t\t<div class=\"elementor-container elementor-column-gap-default\">\n\t\t\t\t\t<div class=\"elementor-column elementor-col-100 elementor-top-column elementor-element elementor-element-4acd63c\" data-id=\"4acd63c\" data-element_type=\"column\" data-e-type=\"column\">\n\t\t\t<div class=\"elementor-widget-wrap elementor-element-populated\">\n\t\t\t\t\t\t<section class=\"elementor-section elementor-inner-section elementor-element elementor-element-9ac1de7 elementor-section-boxed elementor-section-height-default elementor-section-height-default\" data-id=\"9ac1de7\" data-element_type=\"section\" data-e-type=\"section\" data-settings=\"{&quot;jet_parallax_layout_list&quot;:[],&quot;_ha_eqh_enable&quot;:false}\">\n\t\t\t\t\t\t<div class=\"elementor-container elementor-column-gap-default\">\n\t\t\t\t\t<div class=\"elementor-column elementor-col-50 elementor-inner-column elementor-element elementor-element-29bb066\" data-id=\"29bb066\" data-element_type=\"column\" data-e-type=\"column\">\n\t\t\t<div class=\"elementor-widget-wrap elementor-element-populated\">\n\t\t\t\t\t\t<div class=\"elementor-element elementor-element-d0f2a8e elementor-widget elementor-widget-image\" data-id=\"d0f2a8e\" data-element_type=\"widget\" data-e-type=\"widget\" data-widget_type=\"image.default\">\n\t\t\t\t<div class=\"elementor-widget-container\">\n\t\t\t\t\t\t\t\t\t\t\t\t\t\t\t<img decoding=\"async\" width=\"800\" height=\"532\" src=\"https:\/\/gridinteriorsystem.com\/wp-content\/uploads\/GRID_EUROSHOP23_17-1024x681.jpg\" class=\"attachment-large size-large wp-image-28174\" alt=\"\" srcset=\"https:\/\/gridinteriorsystem.com\/wp-content\/uploads\/GRID_EUROSHOP23_17-1024x681.jpg 1024w, https:\/\/gridinteriorsystem.com\/wp-content\/uploads\/GRID_EUROSHOP23_17-600x399.jpg 600w, https:\/\/gridinteriorsystem.com\/wp-content\/uploads\/GRID_EUROSHOP23_17-300x200.jpg 300w, https:\/\/gridinteriorsystem.com\/wp-content\/uploads\/GRID_EUROSHOP23_17-768x511.jpg 768w, https:\/\/gridinteriorsystem.com\/wp-content\/uploads\/GRID_EUROSHOP23_17.jpg 1452w\" sizes=\"(max-width: 800px) 100vw, 800px\" \/>\t\t\t\t\t\t\t\t\t\t\t\t\t\t\t<\/div>\n\t\t\t\t<\/div>\n\t\t\t\t\t<\/div>\n\t\t<\/div>\n\t\t\t\t<div class=\"elementor-column elementor-col-50 elementor-inner-column elementor-element elementor-element-d6ff076\" data-id=\"d6ff076\" data-element_type=\"column\" data-e-type=\"column\">\n\t\t\t<div class=\"elementor-widget-wrap elementor-element-populated\">\n\t\t\t\t\t\t<div class=\"elementor-element elementor-element-93a12ea elementor-widget elementor-widget-text-editor\" data-id=\"93a12ea\" data-element_type=\"widget\" data-e-type=\"widget\" data-widget_type=\"text-editor.default\">\n\t\t\t\t<div class=\"elementor-widget-container\">\n\t\t\t\t\t\t\t\t\t<p><strong>Fleksibilitet som en funktion<\/strong><br><br>Multifunktionelle og modul\u00e6re m\u00f8bler giver stor fleksibilitet til ethvert rum \u2013 og is\u00e6r rum med kommercielle form\u00e5l, s\u00e5 som en butik, et udstillignsvindue eller et lagerrum. P\u00e5 EuroShop var vores stand en walk-in-oplevelse af modularitet med flere konfigurationer. Bes\u00f8gende fra mange lande rundt om i verden var nysgerrige efter at se, hvordan GRID kunne hj\u00e6lpe med at skabe vellykket butiksindretning, butiksdesign og modul\u00e6r indretning generelt.  <\/p>\t\t\t\t\t\t\t\t<\/div>\n\t\t\t\t<\/div>\n\t\t\t\t\t<\/div>\n\t\t<\/div>\n\t\t\t\t\t<\/div>\n\t\t<\/section>\n\t\t\t\t\t<\/div>\n\t\t<\/div>\n\t\t\t\t\t<\/div>\n\t\t<\/section>\n\t\t\t\t<section class=\"elementor-section elementor-top-section elementor-element elementor-element-d0d042a elementor-section-boxed elementor-section-height-default elementor-section-height-default\" data-id=\"d0d042a\" data-element_type=\"section\" data-e-type=\"section\" data-settings=\"{&quot;jet_parallax_layout_list&quot;:[],&quot;_ha_eqh_enable&quot;:false}\">\n\t\t\t\t\t\t<div class=\"elementor-container elementor-column-gap-default\">\n\t\t\t\t\t<div class=\"elementor-column elementor-col-100 elementor-top-column elementor-element elementor-element-ca8c6fb\" data-id=\"ca8c6fb\" data-element_type=\"column\" data-e-type=\"column\">\n\t\t\t<div class=\"elementor-widget-wrap elementor-element-populated\">\n\t\t\t\t\t\t<section class=\"elementor-section elementor-inner-section elementor-element elementor-element-227dd82 elementor-section-boxed elementor-section-height-default elementor-section-height-default\" data-id=\"227dd82\" data-element_type=\"section\" data-e-type=\"section\" data-settings=\"{&quot;jet_parallax_layout_list&quot;:[],&quot;_ha_eqh_enable&quot;:false}\">\n\t\t\t\t\t\t<div class=\"elementor-container elementor-column-gap-default\">\n\t\t\t\t\t<div class=\"elementor-column elementor-col-50 elementor-inner-column elementor-element elementor-element-33b729e\" data-id=\"33b729e\" data-element_type=\"column\" data-e-type=\"column\">\n\t\t\t<div class=\"elementor-widget-wrap elementor-element-populated\">\n\t\t\t\t\t\t<div class=\"elementor-element elementor-element-24dcd81 elementor-widget elementor-widget-image\" data-id=\"24dcd81\" data-element_type=\"widget\" data-e-type=\"widget\" data-widget_type=\"image.default\">\n\t\t\t\t<div class=\"elementor-widget-container\">\n\t\t\t\t\t\t\t\t\t\t\t\t\t\t\t<img decoding=\"async\" width=\"800\" height=\"532\" src=\"https:\/\/gridinteriorsystem.com\/wp-content\/uploads\/GRID_EUROSHOP23_01-1024x681.jpg\" class=\"attachment-large size-large wp-image-28178\" alt=\"\" srcset=\"https:\/\/gridinteriorsystem.com\/wp-content\/uploads\/GRID_EUROSHOP23_01-1024x681.jpg 1024w, https:\/\/gridinteriorsystem.com\/wp-content\/uploads\/GRID_EUROSHOP23_01-600x399.jpg 600w, https:\/\/gridinteriorsystem.com\/wp-content\/uploads\/GRID_EUROSHOP23_01-300x200.jpg 300w, https:\/\/gridinteriorsystem.com\/wp-content\/uploads\/GRID_EUROSHOP23_01-768x511.jpg 768w, https:\/\/gridinteriorsystem.com\/wp-content\/uploads\/GRID_EUROSHOP23_01.jpg 1452w\" sizes=\"(max-width: 800px) 100vw, 800px\" \/>\t\t\t\t\t\t\t\t\t\t\t\t\t\t\t<\/div>\n\t\t\t\t<\/div>\n\t\t\t\t\t<\/div>\n\t\t<\/div>\n\t\t\t\t<div class=\"elementor-column elementor-col-50 elementor-inner-column elementor-element elementor-element-c5c46a2\" data-id=\"c5c46a2\" data-element_type=\"column\" data-e-type=\"column\">\n\t\t\t<div class=\"elementor-widget-wrap elementor-element-populated\">\n\t\t\t\t\t\t<div class=\"elementor-element elementor-element-8d1d19c elementor-widget elementor-widget-text-editor\" data-id=\"8d1d19c\" data-element_type=\"widget\" data-e-type=\"widget\" data-widget_type=\"text-editor.default\">\n\t\t\t\t<div class=\"elementor-widget-container\">\n\t\t\t\t\t\t\t\t\t<p><strong><b><span lang=\"EN-US\">G\u00f8r din butik mere fleksibel<br><\/span><\/b><\/strong><\/p><p><br>Vores grundl\u00e6gger, designeren Peter J. Lassen, troede p\u00e5 en hidtil uset fleksibilitet og frihed. Han skabte den originale kube, modulet p\u00e5 40 x 40 x 40 cm, som kan udvides uden at v\u00e6re begr\u00e6nset af sin ramme. Med GRID kan du skabe nye rum, figurer og funktioner, hvilket g\u00f8r GRID-systemet til det ultimative modulopbyggede interi\u00f8rsystem \u2013 til detailhandlen og til ethvert rum.  <\/p><p style=\"font-weight: 400;\">Tak, fordi du bes\u00f8gte vores stand p\u00e5 EuroShop.<\/p>\t\t\t\t\t\t\t\t<\/div>\n\t\t\t\t<\/div>\n\t\t\t\t\t<\/div>\n\t\t<\/div>\n\t\t\t\t\t<\/div>\n\t\t<\/section>\n\t\t\t\t\t<\/div>\n\t\t<\/div>\n\t\t\t\t\t<\/div>\n\t\t<\/section>\n\t\t\t\t<section class=\"elementor-section elementor-top-section elementor-element elementor-element-8880a09 elementor-section-boxed elementor-section-height-default elementor-section-height-default\" data-id=\"8880a09\" data-element_type=\"section\" data-e-type=\"section\" data-settings=\"{&quot;jet_parallax_layout_list&quot;:[],&quot;_ha_eqh_enable&quot;:false}\">\n\t\t\t\t\t\t<div class=\"elementor-container elementor-column-gap-default\">\n\t\t\t\t\t<div class=\"elementor-column elementor-col-100 elementor-top-column elementor-element elementor-element-208e68d\" data-id=\"208e68d\" data-element_type=\"column\" data-e-type=\"column\">\n\t\t\t<div class=\"elementor-widget-wrap elementor-element-populated\">\n\t\t\t\t\t\t<div class=\"elementor-element elementor-element-4a1dc71 elementor-widget elementor-widget-heading\" data-id=\"4a1dc71\" data-element_type=\"widget\" data-e-type=\"widget\" data-widget_type=\"heading.default\">\n\t\t\t\t<div class=\"elementor-widget-container\">\n\t\t\t\t\t<h2 class=\"elementor-heading-title elementor-size-default\"><em>\u00bbDisse finalister repr\u00e6senterer det ypperste af det ypperste p\u00e5 EuroShop-messen\u00ab<\/em><\/h2>\t\t\t\t<\/div>\n\t\t\t\t<\/div>\n\t\t\t\t\t<\/div>\n\t\t<\/div>\n\t\t\t\t\t<\/div>\n\t\t<\/section>\n\t\t\t\t<section class=\"elementor-section elementor-top-section elementor-element elementor-element-0d7c9df elementor-section-boxed elementor-section-height-default elementor-section-height-default\" data-id=\"0d7c9df\" data-element_type=\"section\" data-e-type=\"section\" data-settings=\"{&quot;jet_parallax_layout_list&quot;:[],&quot;_ha_eqh_enable&quot;:false}\">\n\t\t\t\t\t\t<div class=\"elementor-container elementor-column-gap-default\">\n\t\t\t\t\t<div class=\"elementor-column elementor-col-100 elementor-top-column elementor-element elementor-element-7b47b97\" data-id=\"7b47b97\" data-element_type=\"column\" data-e-type=\"column\">\n\t\t\t<div class=\"elementor-widget-wrap elementor-element-populated\">\n\t\t\t\t\t\t<div class=\"elementor-element elementor-element-fa3faa6 elementor-widget elementor-widget-gallery\" data-id=\"fa3faa6\" data-element_type=\"widget\" data-e-type=\"widget\" data-settings=\"{&quot;columns&quot;:3,&quot;lazyload&quot;:&quot;yes&quot;,&quot;gallery_layout&quot;:&quot;grid&quot;,&quot;columns_tablet&quot;:2,&quot;columns_mobile&quot;:1,&quot;gap&quot;:{&quot;unit&quot;:&quot;px&quot;,&quot;size&quot;:10,&quot;sizes&quot;:[]},&quot;gap_tablet&quot;:{&quot;unit&quot;:&quot;px&quot;,&quot;size&quot;:10,&quot;sizes&quot;:[]},&quot;gap_mobile&quot;:{&quot;unit&quot;:&quot;px&quot;,&quot;size&quot;:10,&quot;sizes&quot;:[]},&quot;link_to&quot;:&quot;file&quot;,&quot;aspect_ratio&quot;:&quot;3:2&quot;,&quot;overlay_background&quot;:&quot;yes&quot;,&quot;content_hover_animation&quot;:&quot;fade-in&quot;}\" data-widget_type=\"gallery.default\">\n\t\t\t\t<div class=\"elementor-widget-container\">\n\t\t\t\t\t\t\t<div class=\"elementor-gallery__container\">\n\t\t\t\t\t\t\t<a class=\"e-gallery-item elementor-gallery-item elementor-animated-content\" href=\"https:\/\/gridinteriorsystem.com\/wp-content\/uploads\/MicrosoftTeams-image-34.jpg\" data-elementor-open-lightbox=\"yes\" data-elementor-lightbox-slideshow=\"fa3faa6\" data-e-action-hash=\"#elementor-action%3Aaction%3Dlightbox%26settings%3DeyJpZCI6MTUwMTksInVybCI6Imh0dHBzOlwvXC9ncmlkaW50ZXJpb3JzeXN0ZW0uY29tXC93cC1jb250ZW50XC91cGxvYWRzXC9NaWNyb3NvZnRUZWFtcy1pbWFnZS0zNC5qcGciLCJzbGlkZXNob3ciOiJmYTNmYWE2In0%3D\">\n\t\t\t\t\t<div class=\"e-gallery-image elementor-gallery-item__image\" data-thumbnail=\"https:\/\/gridinteriorsystem.com\/wp-content\/uploads\/MicrosoftTeams-image-34-768x1024.jpg\" data-width=\"768\" data-height=\"1024\" aria-label=\"\" role=\"img\" ><\/div>\n\t\t\t\t\t\t\t\t\t\t\t<div class=\"elementor-gallery-item__overlay\"><\/div>\n\t\t\t\t\t\t\t\t\t\t\t\t\t\t<\/a>\n\t\t\t\t\t\t\t<a class=\"e-gallery-item elementor-gallery-item elementor-animated-content\" href=\"https:\/\/gridinteriorsystem.com\/wp-content\/uploads\/GRID_EUROSHOP23_12.jpg\" data-elementor-open-lightbox=\"yes\" data-elementor-lightbox-slideshow=\"fa3faa6\" data-e-action-hash=\"#elementor-action%3Aaction%3Dlightbox%26settings%3DeyJpZCI6MjgxNzcsInVybCI6Imh0dHBzOlwvXC9ncmlkaW50ZXJpb3JzeXN0ZW0uY29tXC93cC1jb250ZW50XC91cGxvYWRzXC9HUklEX0VVUk9TSE9QMjNfMTIuanBnIiwic2xpZGVzaG93IjoiZmEzZmFhNiJ9\">\n\t\t\t\t\t<div class=\"e-gallery-image elementor-gallery-item__image\" data-thumbnail=\"https:\/\/gridinteriorsystem.com\/wp-content\/uploads\/GRID_EUROSHOP23_12-768x1154.jpg\" data-width=\"768\" data-height=\"1154\" aria-label=\"\" role=\"img\" ><\/div>\n\t\t\t\t\t\t\t\t\t\t\t<div class=\"elementor-gallery-item__overlay\"><\/div>\n\t\t\t\t\t\t\t\t\t\t\t\t\t\t<\/a>\n\t\t\t\t\t\t\t<a class=\"e-gallery-item elementor-gallery-item elementor-animated-content\" href=\"https:\/\/gridinteriorsystem.com\/wp-content\/uploads\/GRID_EUROSHOP23_13.jpg\" data-elementor-open-lightbox=\"yes\" data-elementor-lightbox-slideshow=\"fa3faa6\" data-e-action-hash=\"#elementor-action%3Aaction%3Dlightbox%26settings%3DeyJpZCI6MjgxNzksInVybCI6Imh0dHBzOlwvXC9ncmlkaW50ZXJpb3JzeXN0ZW0uY29tXC93cC1jb250ZW50XC91cGxvYWRzXC9HUklEX0VVUk9TSE9QMjNfMTMuanBnIiwic2xpZGVzaG93IjoiZmEzZmFhNiJ9\">\n\t\t\t\t\t<div class=\"e-gallery-image elementor-gallery-item__image\" data-thumbnail=\"https:\/\/gridinteriorsystem.com\/wp-content\/uploads\/GRID_EUROSHOP23_13-768x1154.jpg\" data-width=\"768\" data-height=\"1154\" aria-label=\"\" role=\"img\" ><\/div>\n\t\t\t\t\t\t\t\t\t\t\t<div class=\"elementor-gallery-item__overlay\"><\/div>\n\t\t\t\t\t\t\t\t\t\t\t\t\t\t<\/a>\n\t\t\t\t\t\t\t<a class=\"e-gallery-item elementor-gallery-item elementor-animated-content\" href=\"https:\/\/gridinteriorsystem.com\/wp-content\/uploads\/GRID_EUROSHOP23_05.jpg\" data-elementor-open-lightbox=\"yes\" data-elementor-lightbox-slideshow=\"fa3faa6\" data-e-action-hash=\"#elementor-action%3Aaction%3Dlightbox%26settings%3DeyJpZCI6MTUwMjMsInVybCI6Imh0dHBzOlwvXC9ncmlkaW50ZXJpb3JzeXN0ZW0uY29tXC93cC1jb250ZW50XC91cGxvYWRzXC9HUklEX0VVUk9TSE9QMjNfMDUuanBnIiwic2xpZGVzaG93IjoiZmEzZmFhNiJ9\">\n\t\t\t\t\t<div class=\"e-gallery-image elementor-gallery-item__image\" data-thumbnail=\"https:\/\/gridinteriorsystem.com\/wp-content\/uploads\/GRID_EUROSHOP23_05-768x511.jpg\" data-width=\"768\" data-height=\"511\" aria-label=\"\" role=\"img\" ><\/div>\n\t\t\t\t\t\t\t\t\t\t\t<div class=\"elementor-gallery-item__overlay\"><\/div>\n\t\t\t\t\t\t\t\t\t\t\t\t\t\t<\/a>\n\t\t\t\t\t\t\t<a class=\"e-gallery-item elementor-gallery-item elementor-animated-content\" href=\"https:\/\/gridinteriorsystem.com\/wp-content\/uploads\/GRID_EUROSHOP23_11.jpg\" data-elementor-open-lightbox=\"yes\" data-elementor-lightbox-slideshow=\"fa3faa6\" data-e-action-hash=\"#elementor-action%3Aaction%3Dlightbox%26settings%3DeyJpZCI6MTUwMjUsInVybCI6Imh0dHBzOlwvXC9ncmlkaW50ZXJpb3JzeXN0ZW0uY29tXC93cC1jb250ZW50XC91cGxvYWRzXC9HUklEX0VVUk9TSE9QMjNfMTEuanBnIiwic2xpZGVzaG93IjoiZmEzZmFhNiJ9\">\n\t\t\t\t\t<div class=\"e-gallery-image elementor-gallery-item__image\" data-thumbnail=\"https:\/\/gridinteriorsystem.com\/wp-content\/uploads\/GRID_EUROSHOP23_11-768x1154.jpg\" data-width=\"768\" data-height=\"1154\" aria-label=\"\" role=\"img\" ><\/div>\n\t\t\t\t\t\t\t\t\t\t\t<div class=\"elementor-gallery-item__overlay\"><\/div>\n\t\t\t\t\t\t\t\t\t\t\t\t\t\t<\/a>\n\t\t\t\t\t\t\t<a class=\"e-gallery-item elementor-gallery-item elementor-animated-content\" href=\"https:\/\/gridinteriorsystem.com\/wp-content\/uploads\/GRID_EUROSHOP23_10.jpg\" data-elementor-open-lightbox=\"yes\" data-elementor-lightbox-slideshow=\"fa3faa6\" data-e-action-hash=\"#elementor-action%3Aaction%3Dlightbox%26settings%3DeyJpZCI6MjgxNzYsInVybCI6Imh0dHBzOlwvXC9ncmlkaW50ZXJpb3JzeXN0ZW0uY29tXC93cC1jb250ZW50XC91cGxvYWRzXC9HUklEX0VVUk9TSE9QMjNfMTAuanBnIiwic2xpZGVzaG93IjoiZmEzZmFhNiJ9\">\n\t\t\t\t\t<div class=\"e-gallery-image elementor-gallery-item__image\" data-thumbnail=\"https:\/\/gridinteriorsystem.com\/wp-content\/uploads\/GRID_EUROSHOP23_10-768x1154.jpg\" data-width=\"768\" data-height=\"1154\" aria-label=\"\" role=\"img\" ><\/div>\n\t\t\t\t\t\t\t\t\t\t\t<div class=\"elementor-gallery-item__overlay\"><\/div>\n\t\t\t\t\t\t\t\t\t\t\t\t\t\t<\/a>\n\t\t\t\t\t<\/div>\n\t\t\t\t\t<\/div>\n\t\t\t\t<\/div>\n\t\t\t\t\t<\/div>\n\t\t<\/div>\n\t\t\t\t\t<\/div>\n\t\t<\/section>\n\t\t\t\t<\/div>\n\t\t","protected":false},"excerpt":{"rendered":"<p>Finalist til prisen for bedste standdesign Exhibitor Magazine\u2019s EuroShop Award 2023 Ud af n\u00e6sten 2.300 udstillere blev vores stand udvalgt som finalist af Exhibitor Magazine&#8217;s EuroShop Awards 2023 \u2013 som en af 10 i kategorien 40-79 m\u00b2 og en af 50 i alt. Konkurrencen blev bed\u00f8mt af et internationalt panel af marketing- og designeksperter. \u00bbDisse [&hellip;]<\/p>\n","protected":false},"author":15,"featured_media":28178,"parent":28098,"menu_order":0,"comment_status":"closed","ping_status":"closed","template":"","meta":{"inline_featured_image":false,"footnotes":""},"class_list":["post-28173","page","type-page","status-publish","has-post-thumbnail","hentry"],"_links":{"self":[{"href":"https:\/\/gridinteriorsystem.com\/da\/wp-json\/wp\/v2\/pages\/28173","targetHints":{"allow":["GET"]}}],"collection":[{"href":"https:\/\/gridinteriorsystem.com\/da\/wp-json\/wp\/v2\/pages"}],"about":[{"href":"https:\/\/gridinteriorsystem.com\/da\/wp-json\/wp\/v2\/types\/page"}],"author":[{"embeddable":true,"href":"https:\/\/gridinteriorsystem.com\/da\/wp-json\/wp\/v2\/users\/15"}],"replies":[{"embeddable":true,"href":"https:\/\/gridinteriorsystem.com\/da\/wp-json\/wp\/v2\/comments?post=28173"}],"version-history":[{"count":2,"href":"https:\/\/gridinteriorsystem.com\/da\/wp-json\/wp\/v2\/pages\/28173\/revisions"}],"predecessor-version":[{"id":28182,"href":"https:\/\/gridinteriorsystem.com\/da\/wp-json\/wp\/v2\/pages\/28173\/revisions\/28182"}],"up":[{"embeddable":true,"href":"https:\/\/gridinteriorsystem.com\/da\/wp-json\/wp\/v2\/pages\/28098"}],"wp:featuredmedia":[{"embeddable":true,"href":"https:\/\/gridinteriorsystem.com\/da\/wp-json\/wp\/v2\/media\/28178"}],"wp:attachment":[{"href":"https:\/\/gridinteriorsystem.com\/da\/wp-json\/wp\/v2\/media?parent=28173"}],"curies":[{"name":"wp","href":"https:\/\/api.w.org\/{rel}","templated":true}]}}