{"id":28183,"date":"2022-10-20T12:33:31","date_gmt":"2022-10-20T12:33:31","guid":{"rendered":"https:\/\/gridinteriorsystem.com\/kontakt\/mod-os-ved-begivenheder\/grid-pa-orgatec-2022\/"},"modified":"2025-10-20T09:33:37","modified_gmt":"2025-10-20T09:33:37","slug":"grid-pa-orgatec-2022","status":"publish","type":"page","link":"https:\/\/gridinteriorsystem.com\/da\/kontakt\/mod-os-ved-begivenheder\/grid-pa-orgatec-2022\/","title":{"rendered":"GRID p\u00e5 Orgatec 2022"},"content":{"rendered":"\t\t<div data-elementor-type=\"wp-page\" data-elementor-id=\"28183\" class=\"elementor elementor-28183 elementor-11144\" data-elementor-settings=\"{&quot;ha_cmc_init_switcher&quot;:&quot;no&quot;}\" data-elementor-post-type=\"page\">\n\t\t\t\t\t\t<section class=\"elementor-section elementor-top-section elementor-element elementor-element-2413e3b elementor-section-boxed elementor-section-height-default elementor-section-height-default\" data-id=\"2413e3b\" data-element_type=\"section\" data-e-type=\"section\" data-settings=\"{&quot;jet_parallax_layout_list&quot;:[],&quot;_ha_eqh_enable&quot;:false}\">\n\t\t\t\t\t\t<div class=\"elementor-container elementor-column-gap-default\">\n\t\t\t\t\t<div class=\"elementor-column elementor-col-100 elementor-top-column elementor-element elementor-element-622ce87\" data-id=\"622ce87\" data-element_type=\"column\" data-e-type=\"column\">\n\t\t\t<div class=\"elementor-widget-wrap elementor-element-populated\">\n\t\t\t\t\t\t<div class=\"elementor-element elementor-element-bd69556 elementor-widget elementor-widget-image\" data-id=\"bd69556\" data-element_type=\"widget\" data-e-type=\"widget\" data-widget_type=\"image.default\">\n\t\t\t\t<div class=\"elementor-widget-container\">\n\t\t\t\t\t\t\t\t\t\t\t\t\t\t\t<img decoding=\"async\" width=\"2000\" height=\"1333\" src=\"https:\/\/gridinteriorsystem.com\/wp-content\/uploads\/GRID_Orgatec2022_0023-scaled-e1670420132502.jpg\" class=\"attachment-full size-full wp-image-28192\" alt=\"\" srcset=\"https:\/\/gridinteriorsystem.com\/wp-content\/uploads\/GRID_Orgatec2022_0023-scaled-e1670420132502.jpg 2000w, https:\/\/gridinteriorsystem.com\/wp-content\/uploads\/GRID_Orgatec2022_0023-scaled-e1670420132502-600x400.jpg 600w, https:\/\/gridinteriorsystem.com\/wp-content\/uploads\/GRID_Orgatec2022_0023-scaled-e1670420132502-300x200.jpg 300w, https:\/\/gridinteriorsystem.com\/wp-content\/uploads\/GRID_Orgatec2022_0023-scaled-e1670420132502-1024x682.jpg 1024w, https:\/\/gridinteriorsystem.com\/wp-content\/uploads\/GRID_Orgatec2022_0023-scaled-e1670420132502-768x512.jpg 768w, https:\/\/gridinteriorsystem.com\/wp-content\/uploads\/GRID_Orgatec2022_0023-scaled-e1670420132502-1536x1024.jpg 1536w\" sizes=\"(max-width: 2000px) 100vw, 2000px\" \/>\t\t\t\t\t\t\t\t\t\t\t\t\t\t\t<\/div>\n\t\t\t\t<\/div>\n\t\t\t\t\t<\/div>\n\t\t<\/div>\n\t\t\t\t\t<\/div>\n\t\t<\/section>\n\t\t\t\t<section class=\"elementor-section elementor-top-section elementor-element elementor-element-f143e72 elementor-section-boxed elementor-section-height-default elementor-section-height-default\" data-id=\"f143e72\" data-element_type=\"section\" data-e-type=\"section\" data-settings=\"{&quot;jet_parallax_layout_list&quot;:[],&quot;_ha_eqh_enable&quot;:false}\">\n\t\t\t\t\t\t<div class=\"elementor-container elementor-column-gap-default\">\n\t\t\t\t\t<div class=\"elementor-column elementor-col-50 elementor-top-column elementor-element elementor-element-1d5098e\" data-id=\"1d5098e\" data-element_type=\"column\" data-e-type=\"column\">\n\t\t\t<div class=\"elementor-widget-wrap elementor-element-populated\">\n\t\t\t\t\t\t<div class=\"elementor-element elementor-element-2906512 elementor-widget elementor-widget-spacer\" data-id=\"2906512\" data-element_type=\"widget\" data-e-type=\"widget\" data-widget_type=\"spacer.default\">\n\t\t\t\t<div class=\"elementor-widget-container\">\n\t\t\t\t\t\t\t<div class=\"elementor-spacer\">\n\t\t\t<div class=\"elementor-spacer-inner\"><\/div>\n\t\t<\/div>\n\t\t\t\t\t\t<\/div>\n\t\t\t\t<\/div>\n\t\t\t\t<div class=\"elementor-element elementor-element-62659e7 elementor-widget elementor-widget-heading\" data-id=\"62659e7\" data-element_type=\"widget\" data-e-type=\"widget\" data-widget_type=\"heading.default\">\n\t\t\t\t<div class=\"elementor-widget-container\">\n\t\t\t\t\t<h2 class=\"elementor-heading-title elementor-size-default\">Med de nye produkter bliver GRID-produktfamilien st\u00f8rre og endnu bedre. Det skaber nye muligheder. <\/h2>\t\t\t\t<\/div>\n\t\t\t\t<\/div>\n\t\t\t\t<div class=\"elementor-element elementor-element-8b574c5 elementor-widget elementor-widget-spacer\" data-id=\"8b574c5\" data-element_type=\"widget\" data-e-type=\"widget\" data-widget_type=\"spacer.default\">\n\t\t\t\t<div class=\"elementor-widget-container\">\n\t\t\t\t\t\t\t<div class=\"elementor-spacer\">\n\t\t\t<div class=\"elementor-spacer-inner\"><\/div>\n\t\t<\/div>\n\t\t\t\t\t\t<\/div>\n\t\t\t\t<\/div>\n\t\t\t\t\t<\/div>\n\t\t<\/div>\n\t\t\t\t<div class=\"elementor-column elementor-col-50 elementor-top-column elementor-element elementor-element-d2f75d9\" data-id=\"d2f75d9\" data-element_type=\"column\" data-e-type=\"column\">\n\t\t\t<div class=\"elementor-widget-wrap elementor-element-populated\">\n\t\t\t\t\t\t<div class=\"elementor-element elementor-element-8c53710 elementor-widget elementor-widget-spacer\" data-id=\"8c53710\" data-element_type=\"widget\" data-e-type=\"widget\" data-widget_type=\"spacer.default\">\n\t\t\t\t<div class=\"elementor-widget-container\">\n\t\t\t\t\t\t\t<div class=\"elementor-spacer\">\n\t\t\t<div class=\"elementor-spacer-inner\"><\/div>\n\t\t<\/div>\n\t\t\t\t\t\t<\/div>\n\t\t\t\t<\/div>\n\t\t\t\t<div class=\"elementor-element elementor-element-a99aebe elementor-widget elementor-widget-text-editor\" data-id=\"a99aebe\" data-element_type=\"widget\" data-e-type=\"widget\" data-widget_type=\"text-editor.default\">\n\t\t\t\t<div class=\"elementor-widget-container\">\n\t\t\t\t\t\t\t\t\t<p>P\u00e5 Orgatec 2022, der fandt sted fra 25. til 29. oktober i Messehalle Koeln i K\u00f6ln, lancerede GRID nye udvidelser til vores sortiment, der g\u00f8r GRID-m\u00f8belsystemet st\u00f8rre og endnu bedre. <\/p><p>Opdag de nye<\/p><p><b>Mospaneler<br>St\u00f8ttebj\u00e6lker <br><\/b><b>1\/2-GRID kube <br><\/b><\/p><p>med halve hylder\/sider og halve top-\/bund-\/sidepaneler<\/p><p>og <a href=\"https:\/\/gridinteriorsystem.com\/wp-content\/uploads\/GRID-PRODUCT-GUIDE-JANUARY-2023.pdf\" target=\"_blank\" rel=\"noopener\">download vores produktguide<\/a> for flere detaljer. Eller design dit eget produkt med <a href=\"https:\/\/gridinteriorsystem.com\/download\/grid-on-pcon\/\" target=\"_blank\" rel=\"noopener\"><strong>pCon.planner<\/strong><\/a> nu. <\/p><p>Tak til alle for at have bes\u00f8gt vores stand og for jeres interesse i GRID. Vi er klar til at inspirere jer til at v\u00e6lge GRID \u2013 s\u00e5 I kan f\u00e5 jeres rum til at arbejde for jer. <\/p>\t\t\t\t\t\t\t\t<\/div>\n\t\t\t\t<\/div>\n\t\t\t\t\t<\/div>\n\t\t<\/div>\n\t\t\t\t\t<\/div>\n\t\t<\/section>\n\t\t\t\t<section class=\"elementor-section elementor-top-section elementor-element elementor-element-96acc9d elementor-section-boxed elementor-section-height-default elementor-section-height-default\" data-id=\"96acc9d\" data-element_type=\"section\" data-e-type=\"section\" data-settings=\"{&quot;jet_parallax_layout_list&quot;:[],&quot;_ha_eqh_enable&quot;:false}\">\n\t\t\t\t\t\t<div class=\"elementor-container elementor-column-gap-default\">\n\t\t\t\t\t<div class=\"elementor-column elementor-col-100 elementor-top-column elementor-element elementor-element-4acd63c\" data-id=\"4acd63c\" data-element_type=\"column\" data-e-type=\"column\">\n\t\t\t<div class=\"elementor-widget-wrap elementor-element-populated\">\n\t\t\t\t\t\t<section class=\"elementor-section elementor-inner-section elementor-element elementor-element-f6afcf2 elementor-section-boxed elementor-section-height-default elementor-section-height-default\" data-id=\"f6afcf2\" data-element_type=\"section\" data-e-type=\"section\" data-settings=\"{&quot;jet_parallax_layout_list&quot;:[],&quot;_ha_eqh_enable&quot;:false}\">\n\t\t\t\t\t\t<div class=\"elementor-container elementor-column-gap-default\">\n\t\t\t\t\t<div class=\"elementor-column elementor-col-50 elementor-inner-column elementor-element elementor-element-65d7ae2\" data-id=\"65d7ae2\" data-element_type=\"column\" data-e-type=\"column\">\n\t\t\t<div class=\"elementor-widget-wrap elementor-element-populated\">\n\t\t\t\t\t\t<div class=\"elementor-element elementor-element-63391dd elementor-widget elementor-widget-image\" data-id=\"63391dd\" data-element_type=\"widget\" data-e-type=\"widget\" data-widget_type=\"image.default\">\n\t\t\t\t<div class=\"elementor-widget-container\">\n\t\t\t\t\t\t\t\t\t\t\t\t\t\t\t<img decoding=\"async\" width=\"800\" height=\"533\" src=\"https:\/\/gridinteriorsystem.com\/wp-content\/uploads\/GRID_Orgatec2022_0433-scaled-e1670420107620-1024x682.jpg\" class=\"attachment-large size-large wp-image-28193\" alt=\"\" srcset=\"https:\/\/gridinteriorsystem.com\/wp-content\/uploads\/GRID_Orgatec2022_0433-scaled-e1670420107620-1024x682.jpg 1024w, https:\/\/gridinteriorsystem.com\/wp-content\/uploads\/GRID_Orgatec2022_0433-scaled-e1670420107620-600x400.jpg 600w, https:\/\/gridinteriorsystem.com\/wp-content\/uploads\/GRID_Orgatec2022_0433-scaled-e1670420107620-300x200.jpg 300w, https:\/\/gridinteriorsystem.com\/wp-content\/uploads\/GRID_Orgatec2022_0433-scaled-e1670420107620-768x512.jpg 768w, https:\/\/gridinteriorsystem.com\/wp-content\/uploads\/GRID_Orgatec2022_0433-scaled-e1670420107620-1536x1024.jpg 1536w, https:\/\/gridinteriorsystem.com\/wp-content\/uploads\/GRID_Orgatec2022_0433-scaled-e1670420107620.jpg 2000w\" sizes=\"(max-width: 800px) 100vw, 800px\" \/>\t\t\t\t\t\t\t\t\t\t\t\t\t\t\t<\/div>\n\t\t\t\t<\/div>\n\t\t\t\t\t<\/div>\n\t\t<\/div>\n\t\t\t\t<div class=\"elementor-column elementor-col-50 elementor-inner-column elementor-element elementor-element-3b34831\" data-id=\"3b34831\" data-element_type=\"column\" data-e-type=\"column\">\n\t\t\t<div class=\"elementor-widget-wrap elementor-element-populated\">\n\t\t\t\t\t\t<div class=\"elementor-element elementor-element-1cd20ee elementor-widget elementor-widget-text-editor\" data-id=\"1cd20ee\" data-element_type=\"widget\" data-e-type=\"widget\" data-widget_type=\"text-editor.default\">\n\t\t\t\t<div class=\"elementor-widget-container\">\n\t\t\t\t\t\t\t\t\t<p><strong>Mospaneler \u2013 tilf\u00f8j et gr\u00f8nt isl\u00e6t til dit rum<\/strong><\/p><p>Mospaneler passer til et GRID-modul og er en plug-and-play-l\u00f8sning til at tilf\u00f8je en gr\u00f8n v\u00e6g eller dele af en gr\u00f8n v\u00e6g til din GRID-indretning. Mosset er konserveret med naturlige plantestoffer. Hvert panel er en blanding af gr\u00e6st\u00f8rv og pudemos, og hvert panel er unikt. V\u00e6lg mellem en sort, gr\u00e5 eller hvid ramme og bagside.   <\/p>\t\t\t\t\t\t\t\t<\/div>\n\t\t\t\t<\/div>\n\t\t\t\t\t<\/div>\n\t\t<\/div>\n\t\t\t\t\t<\/div>\n\t\t<\/section>\n\t\t\t\t\t<\/div>\n\t\t<\/div>\n\t\t\t\t\t<\/div>\n\t\t<\/section>\n\t\t\t\t<section class=\"elementor-section elementor-top-section elementor-element elementor-element-d0d042a elementor-section-boxed elementor-section-height-default elementor-section-height-default\" data-id=\"d0d042a\" data-element_type=\"section\" data-e-type=\"section\" data-settings=\"{&quot;jet_parallax_layout_list&quot;:[],&quot;_ha_eqh_enable&quot;:false}\">\n\t\t\t\t\t\t<div class=\"elementor-container elementor-column-gap-default\">\n\t\t\t\t\t<div class=\"elementor-column elementor-col-100 elementor-top-column elementor-element elementor-element-ca8c6fb\" data-id=\"ca8c6fb\" data-element_type=\"column\" data-e-type=\"column\">\n\t\t\t<div class=\"elementor-widget-wrap elementor-element-populated\">\n\t\t\t\t\t\t<section class=\"elementor-section elementor-inner-section elementor-element elementor-element-227dd82 elementor-section-boxed elementor-section-height-default elementor-section-height-default\" data-id=\"227dd82\" data-element_type=\"section\" data-e-type=\"section\" data-settings=\"{&quot;jet_parallax_layout_list&quot;:[],&quot;_ha_eqh_enable&quot;:false}\">\n\t\t\t\t\t\t<div class=\"elementor-container elementor-column-gap-default\">\n\t\t\t\t\t<div class=\"elementor-column elementor-col-50 elementor-inner-column elementor-element elementor-element-33b729e\" data-id=\"33b729e\" data-element_type=\"column\" data-e-type=\"column\">\n\t\t\t<div class=\"elementor-widget-wrap elementor-element-populated\">\n\t\t\t\t\t\t<div class=\"elementor-element elementor-element-24dcd81 elementor-widget elementor-widget-image\" data-id=\"24dcd81\" data-element_type=\"widget\" data-e-type=\"widget\" data-widget_type=\"image.default\">\n\t\t\t\t<div class=\"elementor-widget-container\">\n\t\t\t\t\t\t\t\t\t\t\t\t\t\t\t<img decoding=\"async\" width=\"800\" height=\"534\" src=\"https:\/\/gridinteriorsystem.com\/wp-content\/uploads\/GRID_support-beams_example_1-1024x683.jpg\" class=\"attachment-large size-large wp-image-28191\" alt=\"\" srcset=\"https:\/\/gridinteriorsystem.com\/wp-content\/uploads\/GRID_support-beams_example_1-1024x683.jpg 1024w, https:\/\/gridinteriorsystem.com\/wp-content\/uploads\/GRID_support-beams_example_1-600x400.jpg 600w, https:\/\/gridinteriorsystem.com\/wp-content\/uploads\/GRID_support-beams_example_1-300x200.jpg 300w, https:\/\/gridinteriorsystem.com\/wp-content\/uploads\/GRID_support-beams_example_1-768x512.jpg 768w, https:\/\/gridinteriorsystem.com\/wp-content\/uploads\/GRID_support-beams_example_1.jpg 1037w\" sizes=\"(max-width: 800px) 100vw, 800px\" \/>\t\t\t\t\t\t\t\t\t\t\t\t\t\t\t<\/div>\n\t\t\t\t<\/div>\n\t\t\t\t\t<\/div>\n\t\t<\/div>\n\t\t\t\t<div class=\"elementor-column elementor-col-50 elementor-inner-column elementor-element elementor-element-c5c46a2\" data-id=\"c5c46a2\" data-element_type=\"column\" data-e-type=\"column\">\n\t\t\t<div class=\"elementor-widget-wrap elementor-element-populated\">\n\t\t\t\t\t\t<div class=\"elementor-element elementor-element-8d1d19c elementor-widget elementor-widget-text-editor\" data-id=\"8d1d19c\" data-element_type=\"widget\" data-e-type=\"widget\" data-widget_type=\"text-editor.default\">\n\t\t\t\t<div class=\"elementor-widget-container\">\n\t\t\t\t\t\t\t\t\t<p><strong>St\u00f8ttebj\u00e6lker &#8211; g\u00f8r din konfiguration st\u00e6rkere<br><\/strong><\/p><p><b> <\/b><\/p><p>St\u00f8ttebj\u00e6lker kan bruges til at forst\u00e6rke og styrke konfigurationer. Anbefales til frit h\u00e6ngende GRID-moduler og til buekonstruktioner. St\u00f8ttebeslag f\u00e5s til 3, 4 eller 5 GRID-moduler og kan monteres inde i eller oven p\u00e5 GRID-moduler. Et s\u00e6t st\u00f8ttebj\u00e6lker best\u00e5r af to bj\u00e6lker med \u00f8jebolt. St\u00f8ttebj\u00e6lkerne kan efter behov monteres direkte i loftet eller h\u00e6nges op med wirer.    <\/p>\t\t\t\t\t\t\t\t<\/div>\n\t\t\t\t<\/div>\n\t\t\t\t\t<\/div>\n\t\t<\/div>\n\t\t\t\t\t<\/div>\n\t\t<\/section>\n\t\t\t\t\t<\/div>\n\t\t<\/div>\n\t\t\t\t\t<\/div>\n\t\t<\/section>\n\t\t\t\t<section class=\"elementor-section elementor-top-section elementor-element elementor-element-ce97b61 elementor-section-boxed elementor-section-height-default elementor-section-height-default\" data-id=\"ce97b61\" data-element_type=\"section\" data-e-type=\"section\" data-settings=\"{&quot;jet_parallax_layout_list&quot;:[],&quot;_ha_eqh_enable&quot;:false}\">\n\t\t\t\t\t\t<div class=\"elementor-container elementor-column-gap-default\">\n\t\t\t\t\t<div class=\"elementor-column elementor-col-100 elementor-top-column elementor-element elementor-element-8ec063b\" data-id=\"8ec063b\" data-element_type=\"column\" data-e-type=\"column\">\n\t\t\t<div class=\"elementor-widget-wrap elementor-element-populated\">\n\t\t\t\t\t\t<section class=\"elementor-section elementor-inner-section elementor-element elementor-element-d1e90db elementor-section-boxed elementor-section-height-default elementor-section-height-default\" data-id=\"d1e90db\" data-element_type=\"section\" data-e-type=\"section\" data-settings=\"{&quot;jet_parallax_layout_list&quot;:[],&quot;_ha_eqh_enable&quot;:false}\">\n\t\t\t\t\t\t<div class=\"elementor-container elementor-column-gap-default\">\n\t\t\t\t\t<div class=\"elementor-column elementor-col-50 elementor-inner-column elementor-element elementor-element-1d448ac\" data-id=\"1d448ac\" data-element_type=\"column\" data-e-type=\"column\">\n\t\t\t<div class=\"elementor-widget-wrap elementor-element-populated\">\n\t\t\t\t\t\t<div class=\"elementor-element elementor-element-30a5ec8 elementor-widget elementor-widget-image\" data-id=\"30a5ec8\" data-element_type=\"widget\" data-e-type=\"widget\" data-widget_type=\"image.default\">\n\t\t\t\t<div class=\"elementor-widget-container\">\n\t\t\t\t\t\t\t\t\t\t\t\t\t\t\t<img decoding=\"async\" width=\"800\" height=\"533\" src=\"https:\/\/gridinteriorsystem.com\/wp-content\/uploads\/GRID_Orgatec2022_0453-scaled-e1670420092813-1024x682.jpg\" class=\"attachment-large size-large wp-image-28194\" alt=\"\" srcset=\"https:\/\/gridinteriorsystem.com\/wp-content\/uploads\/GRID_Orgatec2022_0453-scaled-e1670420092813-1024x682.jpg 1024w, https:\/\/gridinteriorsystem.com\/wp-content\/uploads\/GRID_Orgatec2022_0453-scaled-e1670420092813-600x400.jpg 600w, https:\/\/gridinteriorsystem.com\/wp-content\/uploads\/GRID_Orgatec2022_0453-scaled-e1670420092813-300x200.jpg 300w, https:\/\/gridinteriorsystem.com\/wp-content\/uploads\/GRID_Orgatec2022_0453-scaled-e1670420092813-768x512.jpg 768w, https:\/\/gridinteriorsystem.com\/wp-content\/uploads\/GRID_Orgatec2022_0453-scaled-e1670420092813-1536x1024.jpg 1536w, https:\/\/gridinteriorsystem.com\/wp-content\/uploads\/GRID_Orgatec2022_0453-scaled-e1670420092813.jpg 2000w\" sizes=\"(max-width: 800px) 100vw, 800px\" \/>\t\t\t\t\t\t\t\t\t\t\t\t\t\t\t<\/div>\n\t\t\t\t<\/div>\n\t\t\t\t\t<\/div>\n\t\t<\/div>\n\t\t\t\t<div class=\"elementor-column elementor-col-50 elementor-inner-column elementor-element elementor-element-894627a\" data-id=\"894627a\" data-element_type=\"column\" data-e-type=\"column\">\n\t\t\t<div class=\"elementor-widget-wrap elementor-element-populated\">\n\t\t\t\t\t\t<div class=\"elementor-element elementor-element-123cd76 elementor-widget elementor-widget-text-editor\" data-id=\"123cd76\" data-element_type=\"widget\" data-e-type=\"widget\" data-widget_type=\"text-editor.default\">\n\t\t\t\t<div class=\"elementor-widget-container\">\n\t\t\t\t\t\t\t\t\t<p><strong>Halve GRID-moduler \u2013 endnu flere muligheder<br><\/strong><\/p><p><b> <\/b><\/p><p>Halve GRID-moduler er systemets nedskalerede byggesten, der er perfekte til smalle rum, nicher osv. Nicherne kan bruges til tv-sk\u00e6rme, grafik, filt, kork, whiteboard-paneler og meget mere. De lette moduler er fremstillet i \u00e9t stykke.   <\/p><p> <\/p><p>Med synlige monteringshuller kan du nemt kombinere to, tre, hundrede eller tusinde kuber i alle tre dimensioner. Du kan ogs\u00e5 kombinere halve kuber med de originale GRID-kuber. Samlede kuber er nemme at omkonfigurere og kan altid skilles ad og samles igen p\u00e5 nye m\u00e5der. Et udvalg af GRID-komponenter er designet til at passe til disse halve kuber. Tilf\u00f8j halve hylder\/sider og halve top-\/bund-\/sidepaneler for at skabe den n\u00f8jagtige funktion og det \u00f8nskede udseende.    <\/p>\t\t\t\t\t\t\t\t<\/div>\n\t\t\t\t<\/div>\n\t\t\t\t\t<\/div>\n\t\t<\/div>\n\t\t\t\t\t<\/div>\n\t\t<\/section>\n\t\t\t\t\t<\/div>\n\t\t<\/div>\n\t\t\t\t\t<\/div>\n\t\t<\/section>\n\t\t\t\t<section class=\"elementor-section elementor-top-section elementor-element elementor-element-7a86c64 elementor-section-boxed elementor-section-height-default elementor-section-height-default\" data-id=\"7a86c64\" data-element_type=\"section\" data-e-type=\"section\" data-settings=\"{&quot;jet_parallax_layout_list&quot;:[],&quot;_ha_eqh_enable&quot;:false}\">\n\t\t\t\t\t\t<div class=\"elementor-container elementor-column-gap-default\">\n\t\t\t\t\t<div class=\"elementor-column elementor-col-100 elementor-top-column elementor-element elementor-element-219dc1f\" data-id=\"219dc1f\" data-element_type=\"column\" data-e-type=\"column\">\n\t\t\t<div class=\"elementor-widget-wrap elementor-element-populated\">\n\t\t\t\t\t\t<section class=\"elementor-section elementor-inner-section elementor-element elementor-element-c5c9bb1 elementor-section-boxed elementor-section-height-default elementor-section-height-default\" data-id=\"c5c9bb1\" data-element_type=\"section\" data-e-type=\"section\" data-settings=\"{&quot;jet_parallax_layout_list&quot;:[],&quot;_ha_eqh_enable&quot;:false}\">\n\t\t\t\t\t\t<div class=\"elementor-container elementor-column-gap-default\">\n\t\t\t\t\t<div class=\"elementor-column elementor-col-50 elementor-inner-column elementor-element elementor-element-f641cb6\" data-id=\"f641cb6\" data-element_type=\"column\" data-e-type=\"column\">\n\t\t\t<div class=\"elementor-widget-wrap elementor-element-populated\">\n\t\t\t\t\t\t<div class=\"elementor-element elementor-element-e1be072 elementor-widget elementor-widget-heading\" data-id=\"e1be072\" data-element_type=\"widget\" data-e-type=\"widget\" data-widget_type=\"heading.default\">\n\t\t\t\t<div class=\"elementor-widget-container\">\n\t\t\t\t\t<h2 class=\"elementor-heading-title elementor-size-default\"><br>Alt, hvad du beh\u00f8ver at vide om de nye produkter<br><br><\/h2>\t\t\t\t<\/div>\n\t\t\t\t<\/div>\n\t\t\t\t<div class=\"elementor-element elementor-element-3da490f elementor-widget elementor-widget-text-editor\" data-id=\"3da490f\" data-element_type=\"widget\" data-e-type=\"widget\" data-widget_type=\"text-editor.default\">\n\t\t\t\t<div class=\"elementor-widget-container\">\n\t\t\t\t\t\t\t\t\t<p><strong><a href=\"https:\/\/gridinteriorsystem.com\/wp-content\/uploads\/GRID-PRODUCT-GUIDE-JANUARY-2023.pdf\" target=\"_blank\" rel=\"noopener\">Download vores produktguide<\/a><br><\/strong><\/p><p><b> <\/b><\/p><p>Udforsk alle detaljer om<\/p><ul><li>Mospaneler<\/li><li>St\u00f8ttebj\u00e6lker<\/li><li>1\/2-GRID kube<\/li><li>Halve hylder\/sider<\/li><li>Halve top\/bund\/sidepaneler<\/li><li>&#8230;og mange flere ting fra vores GRID-sortiment<\/li><\/ul>\t\t\t\t\t\t\t\t<\/div>\n\t\t\t\t<\/div>\n\t\t\t\t\t<\/div>\n\t\t<\/div>\n\t\t\t\t<div class=\"elementor-column elementor-col-50 elementor-inner-column elementor-element elementor-element-b56ec2a\" data-id=\"b56ec2a\" data-element_type=\"column\" data-e-type=\"column\">\n\t\t\t<div class=\"elementor-widget-wrap elementor-element-populated\">\n\t\t\t\t\t\t<div class=\"elementor-element elementor-element-fee2996 elementor-widget elementor-widget-image\" data-id=\"fee2996\" data-element_type=\"widget\" data-e-type=\"widget\" data-widget_type=\"image.default\">\n\t\t\t\t<div class=\"elementor-widget-container\">\n\t\t\t\t\t\t\t\t\t\t\t\t\t\t\t\t<a href=\"https:\/\/gridinteriorsystem.com\/wp-content\/uploads\/GRID-PRODUCT-GUIDE-JANUARY-2023.pdf\" target=\"_blank\">\n\t\t\t\t\t\t\t<img decoding=\"async\" width=\"457\" height=\"643\" src=\"https:\/\/gridinteriorsystem.com\/wp-content\/uploads\/Product-guide-2023-front-page.png\" class=\"attachment-large size-large wp-image-28195\" alt=\"\" srcset=\"https:\/\/gridinteriorsystem.com\/wp-content\/uploads\/Product-guide-2023-front-page.png 457w, https:\/\/gridinteriorsystem.com\/wp-content\/uploads\/Product-guide-2023-front-page-213x300.png 213w\" sizes=\"(max-width: 457px) 100vw, 457px\" \/>\t\t\t\t\t\t\t\t<\/a>\n\t\t\t\t\t\t\t\t\t\t\t\t\t\t\t<\/div>\n\t\t\t\t<\/div>\n\t\t\t\t\t<\/div>\n\t\t<\/div>\n\t\t\t\t\t<\/div>\n\t\t<\/section>\n\t\t\t\t\t<\/div>\n\t\t<\/div>\n\t\t\t\t\t<\/div>\n\t\t<\/section>\n\t\t\t\t<\/div>\n\t\t","protected":false},"excerpt":{"rendered":"<p>Med de nye produkter bliver GRID-produktfamilien st\u00f8rre og endnu bedre. Det skaber nye muligheder. P\u00e5 Orgatec 2022, der fandt sted fra 25. til 29. oktober i Messehalle Koeln i K\u00f6ln, lancerede GRID nye udvidelser til vores sortiment, der g\u00f8r GRID-m\u00f8belsystemet st\u00f8rre og endnu bedre. Opdag de nye MospanelerSt\u00f8ttebj\u00e6lker 1\/2-GRID kube med halve hylder\/sider og halve [&hellip;]<\/p>\n","protected":false},"author":6,"featured_media":28192,"parent":28098,"menu_order":0,"comment_status":"closed","ping_status":"closed","template":"","meta":{"inline_featured_image":false,"footnotes":""},"class_list":["post-28183","page","type-page","status-publish","has-post-thumbnail","hentry"],"_links":{"self":[{"href":"https:\/\/gridinteriorsystem.com\/da\/wp-json\/wp\/v2\/pages\/28183","targetHints":{"allow":["GET"]}}],"collection":[{"href":"https:\/\/gridinteriorsystem.com\/da\/wp-json\/wp\/v2\/pages"}],"about":[{"href":"https:\/\/gridinteriorsystem.com\/da\/wp-json\/wp\/v2\/types\/page"}],"author":[{"embeddable":true,"href":"https:\/\/gridinteriorsystem.com\/da\/wp-json\/wp\/v2\/users\/6"}],"replies":[{"embeddable":true,"href":"https:\/\/gridinteriorsystem.com\/da\/wp-json\/wp\/v2\/comments?post=28183"}],"version-history":[{"count":2,"href":"https:\/\/gridinteriorsystem.com\/da\/wp-json\/wp\/v2\/pages\/28183\/revisions"}],"predecessor-version":[{"id":28197,"href":"https:\/\/gridinteriorsystem.com\/da\/wp-json\/wp\/v2\/pages\/28183\/revisions\/28197"}],"up":[{"embeddable":true,"href":"https:\/\/gridinteriorsystem.com\/da\/wp-json\/wp\/v2\/pages\/28098"}],"wp:featuredmedia":[{"embeddable":true,"href":"https:\/\/gridinteriorsystem.com\/da\/wp-json\/wp\/v2\/media\/28192"}],"wp:attachment":[{"href":"https:\/\/gridinteriorsystem.com\/da\/wp-json\/wp\/v2\/media?parent=28183"}],"curies":[{"name":"wp","href":"https:\/\/api.w.org\/{rel}","templated":true}]}}