{"id":28258,"date":"2021-12-15T11:21:44","date_gmt":"2021-12-15T11:21:44","guid":{"rendered":"https:\/\/gridinteriorsystem.com\/kontakt\/sociale-medier\/"},"modified":"2025-10-20T09:52:54","modified_gmt":"2025-10-20T09:52:54","slug":"sociale-medier","status":"publish","type":"page","link":"https:\/\/gridinteriorsystem.com\/da\/kontakt\/sociale-medier\/","title":{"rendered":"Sociale medier"},"content":{"rendered":"\t\t<div data-elementor-type=\"wp-page\" data-elementor-id=\"28258\" class=\"elementor elementor-28258 elementor-487\" data-elementor-settings=\"{&quot;ha_cmc_init_switcher&quot;:&quot;no&quot;}\" data-elementor-post-type=\"page\">\n\t\t\t\t\t\t<section class=\"elementor-section elementor-top-section elementor-element elementor-element-c15b80d elementor-section-boxed elementor-section-height-default elementor-section-height-default\" data-id=\"c15b80d\" data-element_type=\"section\" data-e-type=\"section\" data-settings=\"{&quot;jet_parallax_layout_list&quot;:[],&quot;_ha_eqh_enable&quot;:false}\">\n\t\t\t\t\t\t<div class=\"elementor-container elementor-column-gap-default\">\n\t\t\t\t\t<div class=\"elementor-column elementor-col-100 elementor-top-column elementor-element elementor-element-5e97121\" data-id=\"5e97121\" data-element_type=\"column\" data-e-type=\"column\">\n\t\t\t<div class=\"elementor-widget-wrap elementor-element-populated\">\n\t\t\t\t\t\t<div class=\"elementor-element elementor-element-1148e2c elementor-widget elementor-widget-spacer\" data-id=\"1148e2c\" data-element_type=\"widget\" data-e-type=\"widget\" data-widget_type=\"spacer.default\">\n\t\t\t\t<div class=\"elementor-widget-container\">\n\t\t\t\t\t\t\t<div class=\"elementor-spacer\">\n\t\t\t<div class=\"elementor-spacer-inner\"><\/div>\n\t\t<\/div>\n\t\t\t\t\t\t<\/div>\n\t\t\t\t<\/div>\n\t\t\t\t\t<\/div>\n\t\t<\/div>\n\t\t\t\t\t<\/div>\n\t\t<\/section>\n\t\t\t\t<section class=\"elementor-section elementor-top-section elementor-element elementor-element-0be4c08 elementor-section-boxed elementor-section-height-default elementor-section-height-default\" data-id=\"0be4c08\" data-element_type=\"section\" data-e-type=\"section\" data-settings=\"{&quot;jet_parallax_layout_list&quot;:[],&quot;background_background&quot;:&quot;classic&quot;,&quot;_ha_eqh_enable&quot;:false}\">\n\t\t\t\t\t\t<div class=\"elementor-container elementor-column-gap-default\">\n\t\t\t\t\t<div class=\"elementor-column elementor-col-33 elementor-top-column elementor-element elementor-element-19951e9\" data-id=\"19951e9\" data-element_type=\"column\" data-e-type=\"column\" data-settings=\"{&quot;background_background&quot;:&quot;classic&quot;}\">\n\t\t\t<div class=\"elementor-widget-wrap elementor-element-populated\">\n\t\t\t\t\t\t<div class=\"elementor-element elementor-element-2d4110c elementor-widget__width-auto elementor-view-default elementor-widget elementor-widget-icon\" data-id=\"2d4110c\" data-element_type=\"widget\" data-e-type=\"widget\" data-widget_type=\"icon.default\">\n\t\t\t\t<div class=\"elementor-widget-container\">\n\t\t\t\t\t\t\t<div class=\"elementor-icon-wrapper\">\n\t\t\t<a class=\"elementor-icon\" href=\"https:\/\/www.linkedin.com\/company\/gridsystem\" target=\"_blank\" rel=\"noopener\">\n\t\t\t<i aria-hidden=\"true\" class=\"fab fa-linkedin\"><\/i>\t\t\t<\/a>\n\t\t<\/div>\n\t\t\t\t\t\t<\/div>\n\t\t\t\t<\/div>\n\t\t\t\t<div class=\"elementor-element elementor-element-c054983 elementor-widget elementor-widget-text-editor\" data-id=\"c054983\" data-element_type=\"widget\" data-e-type=\"widget\" data-widget_type=\"text-editor.default\">\n\t\t\t\t<div class=\"elementor-widget-container\">\n\t\t\t\t\t\t\t\t\t<p><a href=\"https:\/\/www.linkedin.com\/company\/gridsystem\" target=\"_blank\" rel=\"noopener\"><strong>Li<\/strong><b>nkedIn<\/b><\/a><\/p><p>Vi er en privatejet familievirksomhed med kontor og v\u00e6rksted i Lynge, nord for K\u00f8benhavn. P\u00e5 LinkedIn kan du f\u00f8lge vores virksomhedsside og komme i kontakt med os og vores medarbejdere. Du er velkommen til at dele vores opdateringer, det s\u00e6tter vi stor pris p\u00e5.  <\/p>\t\t\t\t\t\t\t\t<\/div>\n\t\t\t\t<\/div>\n\t\t\t\t\t<\/div>\n\t\t<\/div>\n\t\t\t\t<div class=\"elementor-column elementor-col-33 elementor-top-column elementor-element elementor-element-05f8240\" data-id=\"05f8240\" data-element_type=\"column\" data-e-type=\"column\">\n\t\t\t<div class=\"elementor-widget-wrap elementor-element-populated\">\n\t\t\t\t\t\t<div class=\"elementor-element elementor-element-c138e1c elementor-widget__width-auto elementor-view-default elementor-widget elementor-widget-icon\" data-id=\"c138e1c\" data-element_type=\"widget\" data-e-type=\"widget\" data-widget_type=\"icon.default\">\n\t\t\t\t<div class=\"elementor-widget-container\">\n\t\t\t\t\t\t\t<div class=\"elementor-icon-wrapper\">\n\t\t\t<a class=\"elementor-icon\" href=\"http:\/\/www.facebook.com\/gridsystem\" target=\"_blank\" rel=\"noopener\">\n\t\t\t<i aria-hidden=\"true\" class=\"fab fa-facebook\"><\/i>\t\t\t<\/a>\n\t\t<\/div>\n\t\t\t\t\t\t<\/div>\n\t\t\t\t<\/div>\n\t\t\t\t<div class=\"elementor-element elementor-element-ab415be elementor-widget elementor-widget-text-editor\" data-id=\"ab415be\" data-element_type=\"widget\" data-e-type=\"widget\" data-widget_type=\"text-editor.default\">\n\t\t\t\t<div class=\"elementor-widget-container\">\n\t\t\t\t\t\t\t\t\t<p><b><a href=\"https:\/\/www.facebook.com\/gridsystem\" target=\"_blank\" rel=\"noopener\">Facebook<\/a><\/b><br>Selvf\u00f8lgelig er vi her. For vi er jo alle mennesker, ikke? Ikke bare \u00bbet business-to-business-firma\u00ab. Vil du se fotos, videoer og mere om, hvad vi laver? S\u00e5 giv os et like for at f\u00f8lge os.    <\/p>\t\t\t\t\t\t\t\t<\/div>\n\t\t\t\t<\/div>\n\t\t\t\t\t<\/div>\n\t\t<\/div>\n\t\t\t\t<div class=\"elementor-column elementor-col-33 elementor-top-column elementor-element elementor-element-623e65d\" data-id=\"623e65d\" data-element_type=\"column\" data-e-type=\"column\">\n\t\t\t<div class=\"elementor-widget-wrap elementor-element-populated\">\n\t\t\t\t\t\t<div class=\"elementor-element elementor-element-c4f8d35 elementor-widget__width-auto elementor-view-default elementor-widget elementor-widget-icon\" data-id=\"c4f8d35\" data-element_type=\"widget\" data-e-type=\"widget\" data-widget_type=\"icon.default\">\n\t\t\t\t<div class=\"elementor-widget-container\">\n\t\t\t\t\t\t\t<div class=\"elementor-icon-wrapper\">\n\t\t\t<a class=\"elementor-icon\" href=\"https:\/\/www.instagram.com\/gridinteriorsystem.com\/\" target=\"_blank\">\n\t\t\t<i aria-hidden=\"true\" class=\"fab fa-instagram\"><\/i>\t\t\t<\/a>\n\t\t<\/div>\n\t\t\t\t\t\t<\/div>\n\t\t\t\t<\/div>\n\t\t\t\t<div class=\"elementor-element elementor-element-2efbd43 elementor-widget elementor-widget-text-editor\" data-id=\"2efbd43\" data-element_type=\"widget\" data-e-type=\"widget\" data-widget_type=\"text-editor.default\">\n\t\t\t\t<div class=\"elementor-widget-container\">\n\t\t\t\t\t\t\t\t\t<p><a href=\"https:\/\/www.instagram.com\/gridinteriorsystem.com\/\" target=\"_blank\" rel=\"noopener\"><b>Instagram<\/b><\/a><\/p><p>Her deler vi b\u00e5de referencer fra hele verden og billeder fra bag kulisserne i vores v\u00e6rksted, p\u00e5 messer og meget mere. Vi poster historier \u2013 fordi vi \u00f8nsker, at hele verden skal se, hvordan vi designer, producerer, samler, sender og passer vores arbejde. <\/p>\t\t\t\t\t\t\t\t<\/div>\n\t\t\t\t<\/div>\n\t\t\t\t\t<\/div>\n\t\t<\/div>\n\t\t\t\t\t<\/div>\n\t\t<\/section>\n\t\t\t\t<section class=\"elementor-section elementor-top-section elementor-element elementor-element-c885c2c elementor-section-boxed elementor-section-height-default elementor-section-height-default\" data-id=\"c885c2c\" data-element_type=\"section\" data-e-type=\"section\" data-settings=\"{&quot;jet_parallax_layout_list&quot;:[],&quot;background_background&quot;:&quot;classic&quot;,&quot;_ha_eqh_enable&quot;:false}\">\n\t\t\t\t\t\t<div class=\"elementor-container elementor-column-gap-default\">\n\t\t\t\t\t<div class=\"elementor-column elementor-col-50 elementor-top-column elementor-element elementor-element-e7074b8\" data-id=\"e7074b8\" data-element_type=\"column\" data-e-type=\"column\">\n\t\t\t<div class=\"elementor-widget-wrap elementor-element-populated\">\n\t\t\t\t\t\t<div class=\"elementor-element elementor-element-85d4ffb elementor-widget__width-auto elementor-view-default elementor-widget elementor-widget-icon\" data-id=\"85d4ffb\" data-element_type=\"widget\" data-e-type=\"widget\" data-widget_type=\"icon.default\">\n\t\t\t\t<div class=\"elementor-widget-container\">\n\t\t\t\t\t\t\t<div class=\"elementor-icon-wrapper\">\n\t\t\t<a class=\"elementor-icon\" href=\"https:\/\/www.pinterest.dk\/gridsystemdk\" target=\"_blank\" rel=\"noopener\">\n\t\t\t<i aria-hidden=\"true\" class=\"fab fa-pinterest\"><\/i>\t\t\t<\/a>\n\t\t<\/div>\n\t\t\t\t\t\t<\/div>\n\t\t\t\t<\/div>\n\t\t\t\t<div class=\"elementor-element elementor-element-5952872 elementor-widget elementor-widget-text-editor\" data-id=\"5952872\" data-element_type=\"widget\" data-e-type=\"widget\" data-widget_type=\"text-editor.default\">\n\t\t\t\t<div class=\"elementor-widget-container\">\n\t\t\t\t\t\t\t\t\t<p><a href=\"https:\/\/www.pinterest.dk\/gridsystemdk\" target=\"_blank\" rel=\"noopener\"><b>Pinterest<\/b><\/a><\/p><p>Hver m\u00e5ned har vi mere end 200.000 visninger p\u00e5 vores kanal. Vi elsker Pinterest. Hvis du er der, s\u00e5 f\u00f8lg os. Vores mest popul\u00e6re tavle er Workplace Interior, men vi deler ideer inden for alle segmenter, der udforsker interi\u00f8r- og udstillingsdesign.   <\/p>\t\t\t\t\t\t\t\t<\/div>\n\t\t\t\t<\/div>\n\t\t\t\t\t<\/div>\n\t\t<\/div>\n\t\t\t\t<div class=\"elementor-column elementor-col-50 elementor-top-column elementor-element elementor-element-5709b95\" data-id=\"5709b95\" data-element_type=\"column\" data-e-type=\"column\">\n\t\t\t<div class=\"elementor-widget-wrap elementor-element-populated\">\n\t\t\t\t\t\t<div class=\"elementor-element elementor-element-aa1402a elementor-widget__width-auto elementor-view-default elementor-widget elementor-widget-icon\" data-id=\"aa1402a\" data-element_type=\"widget\" data-e-type=\"widget\" data-widget_type=\"icon.default\">\n\t\t\t\t<div class=\"elementor-widget-container\">\n\t\t\t\t\t\t\t<div class=\"elementor-icon-wrapper\">\n\t\t\t<a class=\"elementor-icon\" href=\"https:\/\/www.youtube.com\/channel\/UCIsvhOy1RhjjifXr70NHr6g\" target=\"_blank\" rel=\"noopener\">\n\t\t\t<i aria-hidden=\"true\" class=\"fab fa-youtube\"><\/i>\t\t\t<\/a>\n\t\t<\/div>\n\t\t\t\t\t\t<\/div>\n\t\t\t\t<\/div>\n\t\t\t\t<div class=\"elementor-element elementor-element-2ccbd6d elementor-widget elementor-widget-text-editor\" data-id=\"2ccbd6d\" data-element_type=\"widget\" data-e-type=\"widget\" data-widget_type=\"text-editor.default\">\n\t\t\t\t<div class=\"elementor-widget-container\">\n\t\t\t\t\t\t\t\t\t<p><a href=\"https:\/\/www.youtube.com\/channel\/UCIsvhOy1RhjjifXr70NHr6g\" target=\"_blank\" rel=\"noopener\"><b>YouTube<\/b><\/a><\/p><p>Alt om videoer. Vi elsker videoer om GRID fra hele verden. Her kan du ogs\u00e5 finde de videoer, der bruges p\u00e5 denne hjemmeside.  <\/p>\t\t\t\t\t\t\t\t<\/div>\n\t\t\t\t<\/div>\n\t\t\t\t\t<\/div>\n\t\t<\/div>\n\t\t\t\t\t<\/div>\n\t\t<\/section>\n\t\t\t\t<section class=\"elementor-section elementor-top-section elementor-element elementor-element-0bc05c9 elementor-section-boxed elementor-section-height-default elementor-section-height-default\" data-id=\"0bc05c9\" data-element_type=\"section\" data-e-type=\"section\" data-settings=\"{&quot;jet_parallax_layout_list&quot;:[],&quot;_ha_eqh_enable&quot;:false}\">\n\t\t\t\t\t\t<div class=\"elementor-container elementor-column-gap-default\">\n\t\t\t\t\t<div class=\"elementor-column elementor-col-100 elementor-top-column elementor-element elementor-element-8656649\" data-id=\"8656649\" data-element_type=\"column\" data-e-type=\"column\">\n\t\t\t<div class=\"elementor-widget-wrap elementor-element-populated\">\n\t\t\t\t\t\t<div class=\"elementor-element elementor-element-ff1643c elementor-widget elementor-widget-spacer\" data-id=\"ff1643c\" data-element_type=\"widget\" data-e-type=\"widget\" data-widget_type=\"spacer.default\">\n\t\t\t\t<div class=\"elementor-widget-container\">\n\t\t\t\t\t\t\t<div class=\"elementor-spacer\">\n\t\t\t<div class=\"elementor-spacer-inner\"><\/div>\n\t\t<\/div>\n\t\t\t\t\t\t<\/div>\n\t\t\t\t<\/div>\n\t\t\t\t\t<\/div>\n\t\t<\/div>\n\t\t\t\t\t<\/div>\n\t\t<\/section>\n\t\t\t\t<section class=\"elementor-section elementor-top-section elementor-element elementor-element-4d56e5c elementor-section-boxed elementor-section-height-default elementor-section-height-default\" data-id=\"4d56e5c\" data-element_type=\"section\" data-e-type=\"section\" data-settings=\"{&quot;jet_parallax_layout_list&quot;:[],&quot;_ha_eqh_enable&quot;:false}\">\n\t\t\t\t\t\t<div class=\"elementor-container elementor-column-gap-default\">\n\t\t\t\t\t<div class=\"elementor-column elementor-col-50 elementor-top-column elementor-element elementor-element-b017e62\" data-id=\"b017e62\" data-element_type=\"column\" data-e-type=\"column\">\n\t\t\t<div class=\"elementor-widget-wrap elementor-element-populated\">\n\t\t\t\t\t\t<div class=\"elementor-element elementor-element-7cd08df elementor-widget elementor-widget-text-editor\" data-id=\"7cd08df\" data-element_type=\"widget\" data-e-type=\"widget\" data-widget_type=\"text-editor.default\">\n\t\t\t\t<div class=\"elementor-widget-container\">\n\t\t\t\t\t\t\t\t\t<p><b>V\u00e6r social med os<\/b><\/p>\n<p><b><br><\/b><\/p>\n\n<p>Tag vores profiler og brug #gridsystemdk, hvis du vil deltage i samtalen.<\/p>\t\t\t\t\t\t\t\t<\/div>\n\t\t\t\t<\/div>\n\t\t\t\t\t<\/div>\n\t\t<\/div>\n\t\t\t\t<div class=\"elementor-column elementor-col-50 elementor-top-column elementor-element elementor-element-d03bae5\" data-id=\"d03bae5\" data-element_type=\"column\" data-e-type=\"column\">\n\t\t\t<div class=\"elementor-widget-wrap\">\n\t\t\t\t\t\t\t<\/div>\n\t\t<\/div>\n\t\t\t\t\t<\/div>\n\t\t<\/section>\n\t\t\t\t<section class=\"elementor-section elementor-top-section elementor-element elementor-element-eea11aa elementor-section-boxed elementor-section-height-default elementor-section-height-default\" data-id=\"eea11aa\" data-element_type=\"section\" data-e-type=\"section\" data-settings=\"{&quot;jet_parallax_layout_list&quot;:[],&quot;_ha_eqh_enable&quot;:false}\">\n\t\t\t\t\t\t<div class=\"elementor-container elementor-column-gap-default\">\n\t\t\t\t\t<div class=\"elementor-column elementor-col-100 elementor-top-column elementor-element elementor-element-d0cfb9c\" data-id=\"d0cfb9c\" data-element_type=\"column\" data-e-type=\"column\">\n\t\t\t<div class=\"elementor-widget-wrap elementor-element-populated\">\n\t\t\t\t\t\t<div class=\"elementor-element elementor-element-3489e1a elementor-widget elementor-widget-spacer\" data-id=\"3489e1a\" data-element_type=\"widget\" data-e-type=\"widget\" data-widget_type=\"spacer.default\">\n\t\t\t\t<div class=\"elementor-widget-container\">\n\t\t\t\t\t\t\t<div class=\"elementor-spacer\">\n\t\t\t<div class=\"elementor-spacer-inner\"><\/div>\n\t\t<\/div>\n\t\t\t\t\t\t<\/div>\n\t\t\t\t<\/div>\n\t\t\t\t\t<\/div>\n\t\t<\/div>\n\t\t\t\t\t<\/div>\n\t\t<\/section>\n\t\t\t\t<\/div>\n\t\t","protected":false},"excerpt":{"rendered":"<p>LinkedIn Vi er en privatejet familievirksomhed med kontor og v\u00e6rksted i Lynge, nord for K\u00f8benhavn. P\u00e5 LinkedIn kan du f\u00f8lge vores virksomhedsside og komme i kontakt med os og vores medarbejdere. Du er velkommen til at dele vores opdateringer, det s\u00e6tter vi stor pris p\u00e5. FacebookSelvf\u00f8lgelig er vi her. For vi er jo alle mennesker, [&hellip;]<\/p>\n","protected":false},"author":11,"featured_media":0,"parent":28085,"menu_order":40,"comment_status":"closed","ping_status":"closed","template":"","meta":{"inline_featured_image":false,"footnotes":""},"class_list":["post-28258","page","type-page","status-publish","hentry"],"_links":{"self":[{"href":"https:\/\/gridinteriorsystem.com\/da\/wp-json\/wp\/v2\/pages\/28258","targetHints":{"allow":["GET"]}}],"collection":[{"href":"https:\/\/gridinteriorsystem.com\/da\/wp-json\/wp\/v2\/pages"}],"about":[{"href":"https:\/\/gridinteriorsystem.com\/da\/wp-json\/wp\/v2\/types\/page"}],"author":[{"embeddable":true,"href":"https:\/\/gridinteriorsystem.com\/da\/wp-json\/wp\/v2\/users\/11"}],"replies":[{"embeddable":true,"href":"https:\/\/gridinteriorsystem.com\/da\/wp-json\/wp\/v2\/comments?post=28258"}],"version-history":[{"count":1,"href":"https:\/\/gridinteriorsystem.com\/da\/wp-json\/wp\/v2\/pages\/28258\/revisions"}],"predecessor-version":[{"id":28259,"href":"https:\/\/gridinteriorsystem.com\/da\/wp-json\/wp\/v2\/pages\/28258\/revisions\/28259"}],"up":[{"embeddable":true,"href":"https:\/\/gridinteriorsystem.com\/da\/wp-json\/wp\/v2\/pages\/28085"}],"wp:attachment":[{"href":"https:\/\/gridinteriorsystem.com\/da\/wp-json\/wp\/v2\/media?parent=28258"}],"curies":[{"name":"wp","href":"https:\/\/api.w.org\/{rel}","templated":true}]}}