{"id":29497,"date":"2025-08-29T10:13:05","date_gmt":"2025-08-29T10:13:05","guid":{"rendered":"https:\/\/gridinteriorsystem.com\/product\/udstillingspodium\/"},"modified":"2026-02-27T11:16:54","modified_gmt":"2026-02-27T11:16:54","slug":"udstillingspodium","status":"publish","type":"product","link":"https:\/\/gridinteriorsystem.com\/da\/vare\/udstillingspodium\/","title":{"rendered":"Udstillingsm\u00f8bel"},"content":{"rendered":"<p>Udstillingsenhed i flere niveauer med hjul. Ideel til biblioteket eller i butikker til sm\u00e5 produktpr\u00e6sentationer, der skal kunne flyttes.  <\/p>\n<ul>\n<li>Med hjul, s\u00e5 podiet let kan flyttes rundt, magasinholdere til udstilling af b\u00f8ger samt opbevaringsplads i bunden.<\/li>\n<li>Kuber og kryds er fremstillet af et kompositmateriale, der best\u00e5r af polyamid, som giver det fleksibilitet, og glasfiber, som giver det styrke. Hver kube, uden tv\u00e6rstivere, er testet til at kunne b\u00e6re et nedadg\u00e5ende tryk p\u00e5 750 kg. <\/li>\n<\/ul>\n<p>&nbsp;<\/p>\n","protected":false},"excerpt":{"rendered":"<p>Udstillingsenhed i flere niveauer med hjul. Ideel til biblioteket eller i butikker til sm\u00e5 produktpr\u00e6sentationer, der skal kunne flyttes. <\/p>\n","protected":false},"featured_media":31280,"template":"","meta":{"inline_featured_image":false},"product_brand":[],"product_cat":[538,540,529,530],"product_tag":[549,532,555,557,689],"class_list":{"0":"post-29497","1":"product","2":"type-product","3":"status-publish","4":"has-post-thumbnail","6":"product_cat-udstilling","7":"product_cat-mobile-enheder","8":"product_cat-produktudstilling","9":"product_cat-reol","10":"product_tag-bogreol-2","11":"product_tag-hylder","12":"product_tag-magasinhylde","13":"product_tag-mobil","14":"product_tag-podie","16":"first","17":"instock","18":"shipping-taxable","19":"purchasable","20":"product-type-variable","21":"has-default-attributes"},"_links":{"self":[{"href":"https:\/\/gridinteriorsystem.com\/da\/wp-json\/wp\/v2\/product\/29497","targetHints":{"allow":["GET"]}}],"collection":[{"href":"https:\/\/gridinteriorsystem.com\/da\/wp-json\/wp\/v2\/product"}],"about":[{"href":"https:\/\/gridinteriorsystem.com\/da\/wp-json\/wp\/v2\/types\/product"}],"wp:featuredmedia":[{"embeddable":true,"href":"https:\/\/gridinteriorsystem.com\/da\/wp-json\/wp\/v2\/media\/31280"}],"wp:attachment":[{"href":"https:\/\/gridinteriorsystem.com\/da\/wp-json\/wp\/v2\/media?parent=29497"}],"wp:term":[{"taxonomy":"product_brand","embeddable":true,"href":"https:\/\/gridinteriorsystem.com\/da\/wp-json\/wp\/v2\/product_brand?post=29497"},{"taxonomy":"product_cat","embeddable":true,"href":"https:\/\/gridinteriorsystem.com\/da\/wp-json\/wp\/v2\/product_cat?post=29497"},{"taxonomy":"product_tag","embeddable":true,"href":"https:\/\/gridinteriorsystem.com\/da\/wp-json\/wp\/v2\/product_tag?post=29497"}],"curies":[{"name":"wp","href":"https:\/\/api.w.org\/{rel}","templated":true}]}}