{"id":29503,"date":"2025-08-29T09:35:19","date_gmt":"2025-08-29T09:35:19","guid":{"rendered":"https:\/\/gridinteriorsystem.com\/product\/garderobe\/"},"modified":"2025-12-18T10:20:52","modified_gmt":"2025-12-18T10:20:52","slug":"garderobe","status":"publish","type":"product","link":"https:\/\/gridinteriorsystem.com\/da\/vare\/garderobe\/","title":{"rendered":"Garderobe"},"content":{"rendered":"<p>Komplet garderobeskab med hylder og stang til b\u00f8jler. Et skab, der im\u00f8dekommer forskellige behov i din garderobe eller til udstilling af produkter i en modebutik eller t\u00f8jbutik. <\/p>\n<ul>\n<li>Integreret b\u00f8jleholder i midten er omgivet af 40&#215;40 hylder, s\u00e5 t\u00f8j og sko kan opbevares i bunden.<\/li>\n<li>Kuber og kryds er fremstillet af et kompositmateriale, der best\u00e5r af polyamid, som giver det fleksibilitet, og glasfiber, som giver det styrke. Hver kube, uden tv\u00e6rstivere, er testet til at kunne b\u00e6re et nedadg\u00e5ende tryk p\u00e5 750 kg. <\/li>\n<\/ul>\n<p>&nbsp;<\/p>\n","protected":false},"excerpt":{"rendered":"<p>Komplet garderobe eller m\u00f8bel til udstilling af t\u00f8j. Integreret b\u00f8jlestang og hylder til professionelle garderobeskabe eller produktudstilling af bekl\u00e6dningsgenstande. <\/p>\n","protected":false},"featured_media":31304,"template":"","meta":{"inline_featured_image":false},"product_brand":[],"product_cat":[528,531,529,530],"product_tag":[533,534,532,535,536],"class_list":{"0":"post-29503","1":"product","2":"type-product","3":"status-publish","4":"has-post-thumbnail","6":"product_cat-opbevaring","7":"product_cat-garderobe","8":"product_cat-produktudstilling","9":"product_cat-reol","10":"product_tag-bojlestang","11":"product_tag-garderobe","12":"product_tag-hylder","13":"product_tag-oregano","14":"product_tag-sort","16":"first","17":"instock","18":"shipping-taxable","19":"purchasable","20":"product-type-variable","21":"has-default-attributes"},"_links":{"self":[{"href":"https:\/\/gridinteriorsystem.com\/da\/wp-json\/wp\/v2\/product\/29503","targetHints":{"allow":["GET"]}}],"collection":[{"href":"https:\/\/gridinteriorsystem.com\/da\/wp-json\/wp\/v2\/product"}],"about":[{"href":"https:\/\/gridinteriorsystem.com\/da\/wp-json\/wp\/v2\/types\/product"}],"wp:featuredmedia":[{"embeddable":true,"href":"https:\/\/gridinteriorsystem.com\/da\/wp-json\/wp\/v2\/media\/31304"}],"wp:attachment":[{"href":"https:\/\/gridinteriorsystem.com\/da\/wp-json\/wp\/v2\/media?parent=29503"}],"wp:term":[{"taxonomy":"product_brand","embeddable":true,"href":"https:\/\/gridinteriorsystem.com\/da\/wp-json\/wp\/v2\/product_brand?post=29503"},{"taxonomy":"product_cat","embeddable":true,"href":"https:\/\/gridinteriorsystem.com\/da\/wp-json\/wp\/v2\/product_cat?post=29503"},{"taxonomy":"product_tag","embeddable":true,"href":"https:\/\/gridinteriorsystem.com\/da\/wp-json\/wp\/v2\/product_tag?post=29503"}],"curies":[{"name":"wp","href":"https:\/\/api.w.org\/{rel}","templated":true}]}}