{"id":29506,"date":"2025-08-29T08:21:54","date_gmt":"2025-08-29T08:21:54","guid":{"rendered":"https:\/\/gridinteriorsystem.com\/product\/sofabord\/"},"modified":"2025-12-18T10:23:39","modified_gmt":"2025-12-18T10:23:39","slug":"sofabord","status":"publish","type":"product","link":"https:\/\/gridinteriorsystem.com\/da\/vare\/sofabord\/","title":{"rendered":"M\u00f8debord"},"content":{"rendered":"<p>Modulopbygget m\u00f8debord med indbyggede skabe og hylder. Leveres med justerbare ben og passer perfekt i m\u00f8delokalet, pauserummet eller cafeteriet. <\/p>\n<ul>\n<li>Opbevaringsplads i bordet g\u00f8r det ideelt til m\u00f8der, sm\u00e5 pauser eller kaffesnak.<\/li>\n<li>Kuber og kryds er fremstillet af et kompositmateriale, der best\u00e5r af polyamid, som giver det fleksibilitet, og glasfiber, som giver det styrke. Hver kube, uden tv\u00e6rstivere, er testet til at kunne b\u00e6re et nedadg\u00e5ende tryk p\u00e5 750 kg. <\/li>\n<\/ul>\n<p>&nbsp;<\/p>\n","protected":false},"excerpt":{"rendered":"<p>M\u00f8deborde med indbyggede skabe til opbevaring i bunden. Perfekt til m\u00f8delokalet, pauserummet eller cafeteriet. <\/p>\n","protected":false},"featured_media":29967,"template":"","meta":{"inline_featured_image":false},"product_brand":[],"product_cat":[528,545],"product_tag":[594,532],"class_list":{"0":"post-29506","1":"product","2":"type-product","3":"status-publish","4":"has-post-thumbnail","6":"product_cat-opbevaring","7":"product_cat-bord","8":"product_tag-bord","9":"product_tag-hylder","11":"first","12":"instock","13":"shipping-taxable","14":"purchasable","15":"product-type-variable","16":"has-default-attributes"},"_links":{"self":[{"href":"https:\/\/gridinteriorsystem.com\/da\/wp-json\/wp\/v2\/product\/29506","targetHints":{"allow":["GET"]}}],"collection":[{"href":"https:\/\/gridinteriorsystem.com\/da\/wp-json\/wp\/v2\/product"}],"about":[{"href":"https:\/\/gridinteriorsystem.com\/da\/wp-json\/wp\/v2\/types\/product"}],"wp:featuredmedia":[{"embeddable":true,"href":"https:\/\/gridinteriorsystem.com\/da\/wp-json\/wp\/v2\/media\/29967"}],"wp:attachment":[{"href":"https:\/\/gridinteriorsystem.com\/da\/wp-json\/wp\/v2\/media?parent=29506"}],"wp:term":[{"taxonomy":"product_brand","embeddable":true,"href":"https:\/\/gridinteriorsystem.com\/da\/wp-json\/wp\/v2\/product_brand?post=29506"},{"taxonomy":"product_cat","embeddable":true,"href":"https:\/\/gridinteriorsystem.com\/da\/wp-json\/wp\/v2\/product_cat?post=29506"},{"taxonomy":"product_tag","embeddable":true,"href":"https:\/\/gridinteriorsystem.com\/da\/wp-json\/wp\/v2\/product_tag?post=29506"}],"curies":[{"name":"wp","href":"https:\/\/api.w.org\/{rel}","templated":true}]}}