{"id":29512,"date":"2025-08-29T07:34:45","date_gmt":"2025-08-29T07:34:45","guid":{"rendered":"https:\/\/gridinteriorsystem.com\/product\/skab-med-whiteboard\/"},"modified":"2025-12-19T10:14:41","modified_gmt":"2025-12-19T10:14:41","slug":"skab-med-whiteboard","status":"publish","type":"product","link":"https:\/\/gridinteriorsystem.com\/da\/vare\/skab-med-whiteboard\/","title":{"rendered":"Reol med opslagstavle"},"content":{"rendered":"<p>Reol med indbygget opslagstavle til beskeder, post-it-sedler og dekorationer. Hylder p\u00e5 den ene side, opslagstavle p\u00e5 den anden, med skabe til opbevaring i bunden. H\u00e6vet p\u00e5 et s\u00e6t ben. <\/p>\n<p>&nbsp;<\/p>\n<ul>\n<li>Kombiner din reol med en opslagstavle for at f\u00e5 et multifunktionelt kontorm\u00f8bel. Reol og opslagstavle i \u00e9t. <\/li>\n<li>Kuber og kryds er fremstillet af et kompositmateriale, der best\u00e5r af polyamid, som giver det fleksibilitet, og glasfiber, som giver det styrke. Hver kube, uden tv\u00e6rstivere, er testet til at kunne b\u00e6re et nedadg\u00e5ende tryk p\u00e5 750 kg. <\/li>\n<\/ul>\n<p>&nbsp;<\/p>\n","protected":false},"excerpt":{"rendered":"<p>Reol med indbygget opslagstavle til beskeder, post-it-sedler og dekorationer.<\/p>\n","protected":false},"featured_media":31267,"template":"","meta":{"inline_featured_image":false},"product_brand":[],"product_cat":[528,530],"product_tag":[695,532,777,778,551],"class_list":{"0":"post-29512","1":"product","2":"type-product","3":"status-publish","4":"has-post-thumbnail","6":"product_cat-opbevaring","7":"product_cat-reol","8":"product_tag-filt","9":"product_tag-hylder","10":"product_tag-kork","11":"product_tag-mos","12":"product_tag-skab-2","14":"first","15":"instock","16":"shipping-taxable","17":"purchasable","18":"product-type-variable","19":"has-default-attributes"},"_links":{"self":[{"href":"https:\/\/gridinteriorsystem.com\/da\/wp-json\/wp\/v2\/product\/29512","targetHints":{"allow":["GET"]}}],"collection":[{"href":"https:\/\/gridinteriorsystem.com\/da\/wp-json\/wp\/v2\/product"}],"about":[{"href":"https:\/\/gridinteriorsystem.com\/da\/wp-json\/wp\/v2\/types\/product"}],"wp:featuredmedia":[{"embeddable":true,"href":"https:\/\/gridinteriorsystem.com\/da\/wp-json\/wp\/v2\/media\/31267"}],"wp:attachment":[{"href":"https:\/\/gridinteriorsystem.com\/da\/wp-json\/wp\/v2\/media?parent=29512"}],"wp:term":[{"taxonomy":"product_brand","embeddable":true,"href":"https:\/\/gridinteriorsystem.com\/da\/wp-json\/wp\/v2\/product_brand?post=29512"},{"taxonomy":"product_cat","embeddable":true,"href":"https:\/\/gridinteriorsystem.com\/da\/wp-json\/wp\/v2\/product_cat?post=29512"},{"taxonomy":"product_tag","embeddable":true,"href":"https:\/\/gridinteriorsystem.com\/da\/wp-json\/wp\/v2\/product_tag?post=29512"}],"curies":[{"name":"wp","href":"https:\/\/api.w.org\/{rel}","templated":true}]}}