{"id":29515,"date":"2025-08-28T11:58:02","date_gmt":"2025-08-28T11:58:02","guid":{"rendered":"https:\/\/gridinteriorsystem.com\/product\/vitrineskab\/"},"modified":"2025-12-18T10:37:28","modified_gmt":"2025-12-18T10:37:28","slug":"vitrineskab","status":"publish","type":"product","link":"https:\/\/gridinteriorsystem.com\/da\/vare\/vitrineskab\/","title":{"rendered":"Vitrine"},"content":{"rendered":"<p>Stilfuldt fritst\u00e5ende vitrineskab med glasl\u00e5ger. Med denne minimalistiske GRID-konfiguration kan du udstille flere f\u00f8lsomme produkter eller bruge det som en museumsudstillingssokkel. <\/p>\n<ul>\n<li>MDF med r\u00f8get eg fin\u00e9r og gr\u00e5 kuber giver dette kabinet en afd\u00e6mpet stil, der understreger det udstillede produkt eller objekt.<\/li>\n<li>Kuber og kryds er fremstillet af et kompositmateriale, der best\u00e5r af polyamid, som giver det fleksibilitet, og glasfiber, som giver det styrke. Hver kube, uden tv\u00e6rstivere, er testet til at kunne b\u00e6re et nedadg\u00e5ende tryk p\u00e5 750 kg. <\/li>\n<\/ul>\n<p>&nbsp;<\/p>\n","protected":false},"excerpt":{"rendered":"<p>H\u00f8jt vitrineskab i glas. Ideelt til udstilling af f\u00f8lsomme produkter eller museer. <\/p>\n","protected":false},"featured_media":29717,"template":"","meta":{"inline_featured_image":false},"product_brand":[],"product_cat":[538],"product_tag":[561,599],"class_list":{"0":"post-29515","1":"product","2":"type-product","3":"status-publish","4":"has-post-thumbnail","6":"product_cat-udstilling","7":"product_tag-museumsudstilling","8":"product_tag-produktudstilling","10":"first","11":"instock","12":"shipping-taxable","13":"purchasable","14":"product-type-variable","15":"has-default-attributes"},"_links":{"self":[{"href":"https:\/\/gridinteriorsystem.com\/da\/wp-json\/wp\/v2\/product\/29515","targetHints":{"allow":["GET"]}}],"collection":[{"href":"https:\/\/gridinteriorsystem.com\/da\/wp-json\/wp\/v2\/product"}],"about":[{"href":"https:\/\/gridinteriorsystem.com\/da\/wp-json\/wp\/v2\/types\/product"}],"wp:featuredmedia":[{"embeddable":true,"href":"https:\/\/gridinteriorsystem.com\/da\/wp-json\/wp\/v2\/media\/29717"}],"wp:attachment":[{"href":"https:\/\/gridinteriorsystem.com\/da\/wp-json\/wp\/v2\/media?parent=29515"}],"wp:term":[{"taxonomy":"product_brand","embeddable":true,"href":"https:\/\/gridinteriorsystem.com\/da\/wp-json\/wp\/v2\/product_brand?post=29515"},{"taxonomy":"product_cat","embeddable":true,"href":"https:\/\/gridinteriorsystem.com\/da\/wp-json\/wp\/v2\/product_cat?post=29515"},{"taxonomy":"product_tag","embeddable":true,"href":"https:\/\/gridinteriorsystem.com\/da\/wp-json\/wp\/v2\/product_tag?post=29515"}],"curies":[{"name":"wp","href":"https:\/\/api.w.org\/{rel}","templated":true}]}}