{"id":29518,"date":"2025-08-28T10:53:12","date_gmt":"2025-08-28T10:53:12","guid":{"rendered":"https:\/\/gridinteriorsystem.com\/product\/siddeo\/"},"modified":"2025-12-18T10:48:04","modified_gmt":"2025-12-18T10:48:04","slug":"siddeo","status":"publish","type":"product","link":"https:\/\/gridinteriorsystem.com\/da\/vare\/siddeo\/","title":{"rendered":"Ventev\u00e6relse siddem\u00f8bel"},"content":{"rendered":"<p>Stilfuldt og polstret siddem\u00f8bel med indbygget bord, magasinholdere og plantekasse.<\/p>\n<ul>\n<li>Siddepladser rundt om den finerede bordplade g\u00f8r det til en alsidig siddeplads, der kan placeres i b\u00e5de st\u00f8rre og mellemstore haller og rum, f.eks. et ventev\u00e6relse.<\/li>\n<li>Kuber og kryds er fremstillet af et kompositmateriale, der best\u00e5r af polyamid, som giver det fleksibilitet, og glasfiber, som giver det styrke. Hver kube, uden tv\u00e6rstivere, er testet til at kunne b\u00e6re et nedadg\u00e5ende tryk p\u00e5 750 kg. <\/li>\n<\/ul>\n<p>&nbsp;<\/p>\n","protected":false},"excerpt":{"rendered":"<p>Mellemstor siddeopstilling med skums\u00e6der med stofbetr\u00e6k. Integreret bordplade og magasinholdere til udstilling. <\/p>\n","protected":false},"featured_media":27789,"template":"","meta":{"inline_featured_image":false},"product_brand":[],"product_cat":[544],"product_tag":[555,601,600],"class_list":{"0":"post-29518","1":"product","2":"type-product","3":"status-publish","4":"has-post-thumbnail","6":"product_cat-stole-og-siddeopstillinger","7":"product_tag-magasinhylde","8":"product_tag-siddeo","9":"product_tag-stole-og-siddeopstillinger","11":"first","12":"instock","13":"shipping-taxable","14":"purchasable","15":"product-type-variable","16":"has-default-attributes"},"_links":{"self":[{"href":"https:\/\/gridinteriorsystem.com\/da\/wp-json\/wp\/v2\/product\/29518","targetHints":{"allow":["GET"]}}],"collection":[{"href":"https:\/\/gridinteriorsystem.com\/da\/wp-json\/wp\/v2\/product"}],"about":[{"href":"https:\/\/gridinteriorsystem.com\/da\/wp-json\/wp\/v2\/types\/product"}],"wp:featuredmedia":[{"embeddable":true,"href":"https:\/\/gridinteriorsystem.com\/da\/wp-json\/wp\/v2\/media\/27789"}],"wp:attachment":[{"href":"https:\/\/gridinteriorsystem.com\/da\/wp-json\/wp\/v2\/media?parent=29518"}],"wp:term":[{"taxonomy":"product_brand","embeddable":true,"href":"https:\/\/gridinteriorsystem.com\/da\/wp-json\/wp\/v2\/product_brand?post=29518"},{"taxonomy":"product_cat","embeddable":true,"href":"https:\/\/gridinteriorsystem.com\/da\/wp-json\/wp\/v2\/product_cat?post=29518"},{"taxonomy":"product_tag","embeddable":true,"href":"https:\/\/gridinteriorsystem.com\/da\/wp-json\/wp\/v2\/product_tag?post=29518"}],"curies":[{"name":"wp","href":"https:\/\/api.w.org\/{rel}","templated":true}]}}