{"id":29525,"date":"2025-08-28T10:36:27","date_gmt":"2025-08-28T10:36:27","guid":{"rendered":"https:\/\/gridinteriorsystem.com\/product\/mobil-rumdeler\/"},"modified":"2026-01-06T14:58:51","modified_gmt":"2026-01-06T14:58:51","slug":"mobil-rumdeler","status":"publish","type":"product","link":"https:\/\/gridinteriorsystem.com\/da\/vare\/mobil-rumdeler\/","title":{"rendered":"\u00c5ben rumdeler med hylder"},"content":{"rendered":"<p>Denne \u00e5bne rumdeler med masser af hyldeplads er ideel til st\u00f8rre kontorlokaler, biblioteker, arkiver eller garderobe.<\/p>\n<ul>\n<li>De forskellige niveauer p\u00e5 hylderne skaber et interessant blikfang, der kan dekoreres og bruges efter behov i st\u00f8rre kontorlokaler eller lignende steder.<\/li>\n<li>Kuber og kryds er fremstillet af et kompositmateriale, der best\u00e5r af polyamid, som giver det fleksibilitet, og glasfiber, som giver det styrke. Hver kube, uden tv\u00e6rstivere, er testet til at kunne b\u00e6re et nedadg\u00e5ende tryk p\u00e5 750 kg. <\/li>\n<\/ul>\n<p>&nbsp;<\/p>\n","protected":false},"excerpt":{"rendered":"<p>Stor \u00e5ben rumdeler med masser af hyldeplads.<\/p>\n","protected":false},"featured_media":31321,"template":"","meta":{"inline_featured_image":false},"product_brand":[],"product_cat":[543,537,528],"product_tag":[737,563,591],"class_list":{"0":"post-29525","1":"product","2":"type-product","3":"status-publish","4":"has-post-thumbnail","6":"product_cat-rumdelere","7":"product_cat-bogreoler","8":"product_cat-opbevaring","9":"product_tag-hylder-2","10":"product_tag-kontor","11":"product_tag-rumdeler","13":"first","14":"instock","15":"shipping-taxable","16":"purchasable","17":"product-type-variable","18":"has-default-attributes"},"_links":{"self":[{"href":"https:\/\/gridinteriorsystem.com\/da\/wp-json\/wp\/v2\/product\/29525","targetHints":{"allow":["GET"]}}],"collection":[{"href":"https:\/\/gridinteriorsystem.com\/da\/wp-json\/wp\/v2\/product"}],"about":[{"href":"https:\/\/gridinteriorsystem.com\/da\/wp-json\/wp\/v2\/types\/product"}],"wp:featuredmedia":[{"embeddable":true,"href":"https:\/\/gridinteriorsystem.com\/da\/wp-json\/wp\/v2\/media\/31321"}],"wp:attachment":[{"href":"https:\/\/gridinteriorsystem.com\/da\/wp-json\/wp\/v2\/media?parent=29525"}],"wp:term":[{"taxonomy":"product_brand","embeddable":true,"href":"https:\/\/gridinteriorsystem.com\/da\/wp-json\/wp\/v2\/product_brand?post=29525"},{"taxonomy":"product_cat","embeddable":true,"href":"https:\/\/gridinteriorsystem.com\/da\/wp-json\/wp\/v2\/product_cat?post=29525"},{"taxonomy":"product_tag","embeddable":true,"href":"https:\/\/gridinteriorsystem.com\/da\/wp-json\/wp\/v2\/product_tag?post=29525"}],"curies":[{"name":"wp","href":"https:\/\/api.w.org\/{rel}","templated":true}]}}