{"id":29546,"date":"2025-08-28T09:05:32","date_gmt":"2025-08-28T09:05:32","guid":{"rendered":"https:\/\/gridinteriorsystem.com\/product\/bogreol-med-skabe\/"},"modified":"2026-03-03T13:23:23","modified_gmt":"2026-03-03T13:23:23","slug":"bogreol-med-skabe","status":"publish","type":"product","link":"https:\/\/gridinteriorsystem.com\/da\/vare\/bogreol-med-skabe\/","title":{"rendered":"Skab med hylder"},"content":{"rendered":"<p>Kombineret skab og reol med masser af opbevaringsplads<\/p>\n<ul>\n<li>Passer perfekt p\u00e5 et kontor, i et garderobeskab, i et m\u00f8delokale eller i en butik.<\/li>\n<li>Kuber og kryds er fremstillet af et kompositmateriale, der best\u00e5r af polyamid, som giver det fleksibilitet, og glasfiber, som giver det styrke. Hver kube, uden tv\u00e6rstivere, er testet til at kunne b\u00e6re et nedadg\u00e5ende tryk p\u00e5 750 kg.<\/li>\n<\/ul>\n<p>&nbsp;<\/p>\n","protected":false},"excerpt":{"rendered":"<p>Kombineret skab og reol med masser af opbevaringsplads<\/p>\n","protected":false},"featured_media":29549,"template":"","meta":{"inline_featured_image":false},"product_brand":[],"product_cat":[528,530,538],"product_tag":[532,602,551],"class_list":{"0":"post-29546","1":"product","2":"type-product","3":"status-publish","4":"has-post-thumbnail","6":"product_cat-opbevaring","7":"product_cat-reol","8":"product_cat-udstilling","9":"product_tag-hylder","10":"product_tag-opbevaring","11":"product_tag-skab-2","13":"first","14":"instock","15":"shipping-taxable","16":"purchasable","17":"product-type-variable","18":"has-default-attributes"},"_links":{"self":[{"href":"https:\/\/gridinteriorsystem.com\/da\/wp-json\/wp\/v2\/product\/29546","targetHints":{"allow":["GET"]}}],"collection":[{"href":"https:\/\/gridinteriorsystem.com\/da\/wp-json\/wp\/v2\/product"}],"about":[{"href":"https:\/\/gridinteriorsystem.com\/da\/wp-json\/wp\/v2\/types\/product"}],"wp:featuredmedia":[{"embeddable":true,"href":"https:\/\/gridinteriorsystem.com\/da\/wp-json\/wp\/v2\/media\/29549"}],"wp:attachment":[{"href":"https:\/\/gridinteriorsystem.com\/da\/wp-json\/wp\/v2\/media?parent=29546"}],"wp:term":[{"taxonomy":"product_brand","embeddable":true,"href":"https:\/\/gridinteriorsystem.com\/da\/wp-json\/wp\/v2\/product_brand?post=29546"},{"taxonomy":"product_cat","embeddable":true,"href":"https:\/\/gridinteriorsystem.com\/da\/wp-json\/wp\/v2\/product_cat?post=29546"},{"taxonomy":"product_tag","embeddable":true,"href":"https:\/\/gridinteriorsystem.com\/da\/wp-json\/wp\/v2\/product_tag?post=29546"}],"curies":[{"name":"wp","href":"https:\/\/api.w.org\/{rel}","templated":true}]}}