{"id":29557,"date":"2025-08-22T11:49:06","date_gmt":"2025-08-22T11:49:06","guid":{"rendered":"https:\/\/gridinteriorsystem.com\/product\/rumdeler\/"},"modified":"2025-12-18T12:32:40","modified_gmt":"2025-12-18T12:32:40","slug":"rumdeler","status":"publish","type":"product","link":"https:\/\/gridinteriorsystem.com\/da\/vare\/rumdeler\/","title":{"rendered":"Lav rumdeler"},"content":{"rendered":"<p>Fritst\u00e5ende lav rumdeler med blandede hylder og kasser til opbevaring.<\/p>\n<ul>\n<li>Perfekt til \u00e5bne kontoromr\u00e5der, hotellounger eller lobbyer, eller som en lille bogreol i biblioteket.<\/li>\n<li>Kuber og kryds er fremstillet af et kompositmateriale, der best\u00e5r af polyamid, som giver det fleksibilitet, og glasfiber, som giver det styrke. Hver kube, uden tv\u00e6rstivere, er testet til at kunne b\u00e6re et nedadg\u00e5ende tryk p\u00e5 750 kg. <\/li>\n<\/ul>\n<p>&nbsp;<\/p>\n","protected":false},"excerpt":{"rendered":"<p>\u00c5ben rumdeler. Tilpas med et udvalg af farver og kombinationer af hylder og kasser. Kontakt os eller konfigurer din egen i pCon.  <\/p>\n","protected":false},"featured_media":29561,"template":"","meta":{"inline_featured_image":false},"product_brand":[],"product_cat":[543],"product_tag":[546,556,603,591],"class_list":{"0":"post-29557","1":"product","2":"type-product","3":"status-publish","4":"has-post-thumbnail","6":"product_cat-rumdelere","7":"product_tag-amber","8":"product_tag-masala","9":"product_tag-rumdeler-2","10":"product_tag-rumdeler","12":"first","13":"instock","14":"shipping-taxable","15":"purchasable","16":"product-type-variable","17":"has-default-attributes"},"_links":{"self":[{"href":"https:\/\/gridinteriorsystem.com\/da\/wp-json\/wp\/v2\/product\/29557","targetHints":{"allow":["GET"]}}],"collection":[{"href":"https:\/\/gridinteriorsystem.com\/da\/wp-json\/wp\/v2\/product"}],"about":[{"href":"https:\/\/gridinteriorsystem.com\/da\/wp-json\/wp\/v2\/types\/product"}],"wp:featuredmedia":[{"embeddable":true,"href":"https:\/\/gridinteriorsystem.com\/da\/wp-json\/wp\/v2\/media\/29561"}],"wp:attachment":[{"href":"https:\/\/gridinteriorsystem.com\/da\/wp-json\/wp\/v2\/media?parent=29557"}],"wp:term":[{"taxonomy":"product_brand","embeddable":true,"href":"https:\/\/gridinteriorsystem.com\/da\/wp-json\/wp\/v2\/product_brand?post=29557"},{"taxonomy":"product_cat","embeddable":true,"href":"https:\/\/gridinteriorsystem.com\/da\/wp-json\/wp\/v2\/product_cat?post=29557"},{"taxonomy":"product_tag","embeddable":true,"href":"https:\/\/gridinteriorsystem.com\/da\/wp-json\/wp\/v2\/product_tag?post=29557"}],"curies":[{"name":"wp","href":"https:\/\/api.w.org\/{rel}","templated":true}]}}