{"id":29578,"date":"2025-06-27T07:58:20","date_gmt":"2025-06-27T07:58:20","guid":{"rendered":"https:\/\/gridinteriorsystem.com\/product\/siddeo-baenk\/"},"modified":"2026-02-27T12:38:31","modified_gmt":"2026-02-27T12:38:31","slug":"siddeo-baenk","status":"publish","type":"product","link":"https:\/\/gridinteriorsystem.com\/da\/vare\/siddeo-baenk\/","title":{"rendered":"Sidde\u00f8"},"content":{"rendered":"<p>Lille sidde\u00f8 med integreret plantekasse. Til atrium, haller og ventev\u00e6relser. <\/p>\n<ul>\n<li>Perfekt til brug som siddeplads i atrium, biblioteker eller som udend\u00f8rs siddeplads.<\/li>\n<li>Kuber og kryds er fremstillet af et kompositmateriale, der best\u00e5r af polyamid, som giver det fleksibilitet, og glasfiber, som giver det styrke. Hver kube, uden tv\u00e6rstivere, er testet til at kunne b\u00e6re et nedadg\u00e5ende tryk p\u00e5 750 kg. <\/li>\n<\/ul>\n<p>&nbsp;<\/p>\n","protected":false},"excerpt":{"rendered":"<p>Sidde\u00f8 med plantekasse.<\/p>\n","protected":false},"featured_media":29586,"template":"","meta":{"inline_featured_image":false},"product_brand":[],"product_cat":[544],"product_tag":[547,604,606,600],"class_list":{"0":"post-29578","1":"product","2":"type-product","3":"status-publish","4":"has-post-thumbnail","6":"product_cat-stole-og-siddeopstillinger","7":"product_tag-atrium","8":"product_tag-lille","9":"product_tag-plantekasse","10":"product_tag-stole-og-siddeopstillinger","12":"first","13":"instock","14":"shipping-taxable","15":"purchasable","16":"product-type-variable","17":"has-default-attributes"},"_links":{"self":[{"href":"https:\/\/gridinteriorsystem.com\/da\/wp-json\/wp\/v2\/product\/29578","targetHints":{"allow":["GET"]}}],"collection":[{"href":"https:\/\/gridinteriorsystem.com\/da\/wp-json\/wp\/v2\/product"}],"about":[{"href":"https:\/\/gridinteriorsystem.com\/da\/wp-json\/wp\/v2\/types\/product"}],"wp:featuredmedia":[{"embeddable":true,"href":"https:\/\/gridinteriorsystem.com\/da\/wp-json\/wp\/v2\/media\/29586"}],"wp:attachment":[{"href":"https:\/\/gridinteriorsystem.com\/da\/wp-json\/wp\/v2\/media?parent=29578"}],"wp:term":[{"taxonomy":"product_brand","embeddable":true,"href":"https:\/\/gridinteriorsystem.com\/da\/wp-json\/wp\/v2\/product_brand?post=29578"},{"taxonomy":"product_cat","embeddable":true,"href":"https:\/\/gridinteriorsystem.com\/da\/wp-json\/wp\/v2\/product_cat?post=29578"},{"taxonomy":"product_tag","embeddable":true,"href":"https:\/\/gridinteriorsystem.com\/da\/wp-json\/wp\/v2\/product_tag?post=29578"}],"curies":[{"name":"wp","href":"https:\/\/api.w.org\/{rel}","templated":true}]}}