{"id":31392,"date":"2025-12-18T13:17:34","date_gmt":"2025-12-18T13:17:34","guid":{"rendered":"https:\/\/gridinteriorsystem.com\/product\/portal\/"},"modified":"2026-01-16T10:57:48","modified_gmt":"2026-01-16T10:57:48","slug":"portal","status":"publish","type":"product","link":"https:\/\/gridinteriorsystem.com\/da\/vare\/portal\/","title":{"rendered":"Portal"},"content":{"rendered":"<p>Stor v\u00e6gkonstruktion med plads til gennemgang eller til at g\u00e5 udenom d\u00f8re og andre \u00e5bninger. Til brug ved arrangementer eller som v\u00e6gmodul til dekoration og opbevaring.<\/p>\n<ul>\n<li>Kan tilpasses til din v\u00e6gst\u00f8rrelse eller dine \u00f8nsker til arrangementet, da portaler let kan flyttes eller fjernes for at tilpasse sig dine specifikke behov.<\/li>\n<li>Kuber og kryds er fremstillet af et kompositmateriale, der best\u00e5r af polyamid, som giver det fleksibilitet, og glasfiber, som giver det styrke. Hver kube, uden tv\u00e6rstivere, er testet til at kunne b\u00e6re et nedadg\u00e5ende tryk p\u00e5 750 kg.<\/li>\n<\/ul>\n","protected":false},"excerpt":{"rendered":"<p>Stor v\u00e6gkonstruktion med plads til gennemgang eller til at g\u00e5 udenom d\u00f8re og andre \u00e5bninger. Til brug ved arrangementer eller som v\u00e6gmodul til dekoration og opbevaring.<\/p>\n","protected":false},"featured_media":31364,"template":"","meta":{"inline_featured_image":false},"product_brand":[],"product_cat":[530,538],"product_tag":[606,758,757],"class_list":{"0":"post-31392","1":"product","2":"type-product","3":"status-publish","4":"has-post-thumbnail","6":"product_cat-reol","7":"product_cat-udstilling","8":"product_tag-plantekasse","9":"product_tag-portal","10":"product_tag-vaegmodul","12":"first","13":"instock","14":"shipping-taxable","15":"purchasable","16":"product-type-variable","17":"has-default-attributes"},"_links":{"self":[{"href":"https:\/\/gridinteriorsystem.com\/da\/wp-json\/wp\/v2\/product\/31392","targetHints":{"allow":["GET"]}}],"collection":[{"href":"https:\/\/gridinteriorsystem.com\/da\/wp-json\/wp\/v2\/product"}],"about":[{"href":"https:\/\/gridinteriorsystem.com\/da\/wp-json\/wp\/v2\/types\/product"}],"wp:featuredmedia":[{"embeddable":true,"href":"https:\/\/gridinteriorsystem.com\/da\/wp-json\/wp\/v2\/media\/31364"}],"wp:attachment":[{"href":"https:\/\/gridinteriorsystem.com\/da\/wp-json\/wp\/v2\/media?parent=31392"}],"wp:term":[{"taxonomy":"product_brand","embeddable":true,"href":"https:\/\/gridinteriorsystem.com\/da\/wp-json\/wp\/v2\/product_brand?post=31392"},{"taxonomy":"product_cat","embeddable":true,"href":"https:\/\/gridinteriorsystem.com\/da\/wp-json\/wp\/v2\/product_cat?post=31392"},{"taxonomy":"product_tag","embeddable":true,"href":"https:\/\/gridinteriorsystem.com\/da\/wp-json\/wp\/v2\/product_tag?post=31392"}],"curies":[{"name":"wp","href":"https:\/\/api.w.org\/{rel}","templated":true}]}}