{"id":31479,"date":"2025-12-18T14:20:18","date_gmt":"2025-12-18T14:20:18","guid":{"rendered":"https:\/\/gridinteriorsystem.com\/product\/trolley\/"},"modified":"2025-12-18T14:20:18","modified_gmt":"2025-12-18T14:20:18","slug":"trolley","status":"publish","type":"product","link":"https:\/\/gridinteriorsystem.com\/da\/vare\/trolley\/","title":{"rendered":"Trolley"},"content":{"rendered":"<p>Kontortrolley til transport og opbevaring af papirer og andet materiale. Perfekt st\u00f8rrelse til ethvert kontor, med hylder, indbygget skab og opbevaringsboks. <\/p>\n<p>&nbsp;<\/p>\n<ul>\n<li>Udstyret med hjul.<\/li>\n<li>Kuber og kryds er fremstillet af et kompositmateriale, der best\u00e5r af polyamid, som giver det fleksibilitet, og glasfiber, som giver det styrke. Hver kube, uden tv\u00e6rstivere, er testet til at kunne b\u00e6re et nedadg\u00e5ende tryk p\u00e5 750 kg. <\/li>\n<\/ul>\n","protected":false},"excerpt":{"rendered":"<p>Kontortrolley til transport og opbevaring af papirer og andet materiale. Perfekt st\u00f8rrelse til ethvert kontor, med hylder, indbygget skab og opbevaringsboks. <\/p>\n","protected":false},"featured_media":31460,"template":"","meta":{"inline_featured_image":false},"product_brand":[],"product_cat":[540,545,541,528,530],"product_tag":[563,596,557,602,770],"class_list":{"0":"post-31479","1":"product","2":"type-product","3":"status-publish","4":"has-post-thumbnail","6":"product_cat-mobile-enheder","7":"product_cat-bord","8":"product_cat-mobile-enheder-2","9":"product_cat-opbevaring","10":"product_cat-reol","11":"product_tag-kontor","12":"product_tag-med-hjul","13":"product_tag-mobil","14":"product_tag-opbevaring","15":"product_tag-trolley","17":"first","18":"instock","19":"shipping-taxable","20":"purchasable","21":"product-type-variable","22":"has-default-attributes"},"_links":{"self":[{"href":"https:\/\/gridinteriorsystem.com\/da\/wp-json\/wp\/v2\/product\/31479","targetHints":{"allow":["GET"]}}],"collection":[{"href":"https:\/\/gridinteriorsystem.com\/da\/wp-json\/wp\/v2\/product"}],"about":[{"href":"https:\/\/gridinteriorsystem.com\/da\/wp-json\/wp\/v2\/types\/product"}],"wp:featuredmedia":[{"embeddable":true,"href":"https:\/\/gridinteriorsystem.com\/da\/wp-json\/wp\/v2\/media\/31460"}],"wp:attachment":[{"href":"https:\/\/gridinteriorsystem.com\/da\/wp-json\/wp\/v2\/media?parent=31479"}],"wp:term":[{"taxonomy":"product_brand","embeddable":true,"href":"https:\/\/gridinteriorsystem.com\/da\/wp-json\/wp\/v2\/product_brand?post=31479"},{"taxonomy":"product_cat","embeddable":true,"href":"https:\/\/gridinteriorsystem.com\/da\/wp-json\/wp\/v2\/product_cat?post=31479"},{"taxonomy":"product_tag","embeddable":true,"href":"https:\/\/gridinteriorsystem.com\/da\/wp-json\/wp\/v2\/product_tag?post=31479"}],"curies":[{"name":"wp","href":"https:\/\/api.w.org\/{rel}","templated":true}]}}