{"id":14247,"date":"2021-12-14T09:10:37","date_gmt":"2021-12-14T09:10:37","guid":{"rendered":"https:\/\/gridsystem.dk\/kontakt\/anmeldung-fr-den-newsletter\/"},"modified":"2025-04-14T08:28:03","modified_gmt":"2025-04-14T08:28:03","slug":"anmeldung-fr-den-newsletter","status":"publish","type":"page","link":"https:\/\/gridinteriorsystem.com\/de\/kontakt\/anmeldung-fr-den-newsletter\/","title":{"rendered":"Anmeldung f\u00fcr den Newsletter"},"content":{"rendered":"\t\t<div data-elementor-type=\"wp-page\" data-elementor-id=\"14247\" class=\"elementor elementor-14247 elementor-402\" data-elementor-settings=\"{&quot;ha_cmc_init_switcher&quot;:&quot;no&quot;}\" data-elementor-post-type=\"page\">\n\t\t\t\t\t\t<section class=\"elementor-section elementor-top-section elementor-element elementor-element-9ad6a77 elementor-section-boxed elementor-section-height-default elementor-section-height-default\" data-id=\"9ad6a77\" data-element_type=\"section\" data-e-type=\"section\" data-settings=\"{&quot;jet_parallax_layout_list&quot;:[],&quot;_ha_eqh_enable&quot;:false}\">\n\t\t\t\t\t\t<div class=\"elementor-container elementor-column-gap-default\">\n\t\t\t\t\t<div class=\"elementor-column elementor-col-100 elementor-top-column elementor-element elementor-element-bf8b707\" data-id=\"bf8b707\" data-element_type=\"column\" data-e-type=\"column\">\n\t\t\t<div class=\"elementor-widget-wrap elementor-element-populated\">\n\t\t\t\t\t\t<div class=\"elementor-element elementor-element-9aca25f elementor-widget elementor-widget-spacer\" data-id=\"9aca25f\" data-element_type=\"widget\" data-e-type=\"widget\" data-widget_type=\"spacer.default\">\n\t\t\t\t<div class=\"elementor-widget-container\">\n\t\t\t\t\t\t\t<div class=\"elementor-spacer\">\n\t\t\t<div class=\"elementor-spacer-inner\"><\/div>\n\t\t<\/div>\n\t\t\t\t\t\t<\/div>\n\t\t\t\t<\/div>\n\t\t\t\t\t<\/div>\n\t\t<\/div>\n\t\t\t\t\t<\/div>\n\t\t<\/section>\n\t\t\t\t<section class=\"elementor-section elementor-top-section elementor-element elementor-element-f46541e elementor-section-boxed elementor-section-height-default elementor-section-height-default\" data-id=\"f46541e\" data-element_type=\"section\" data-e-type=\"section\" data-settings=\"{&quot;jet_parallax_layout_list&quot;:[],&quot;_ha_eqh_enable&quot;:false}\">\n\t\t\t\t\t\t<div class=\"elementor-container elementor-column-gap-default\">\n\t\t\t\t\t<div class=\"elementor-column elementor-col-100 elementor-top-column elementor-element elementor-element-d112dd7\" data-id=\"d112dd7\" data-element_type=\"column\" data-e-type=\"column\">\n\t\t\t<div class=\"elementor-widget-wrap elementor-element-populated\">\n\t\t\t\t\t\t<div class=\"elementor-element elementor-element-ea503e3 elementor-widget elementor-widget-heading\" data-id=\"ea503e3\" data-element_type=\"widget\" data-e-type=\"widget\" data-widget_type=\"heading.default\">\n\t\t\t\t<div class=\"elementor-widget-container\">\n\t\t\t\t\t<h2 class=\"elementor-heading-title elementor-size-default\">Bleiben Sie immer informiert \u00fcber unser modulares Einrichtungssystem GRID<\/h2>\t\t\t\t<\/div>\n\t\t\t\t<\/div>\n\t\t\t\t\t<\/div>\n\t\t<\/div>\n\t\t\t\t\t<\/div>\n\t\t<\/section>\n\t\t\t\t<section class=\"elementor-section elementor-top-section elementor-element elementor-element-701645b elementor-section-boxed elementor-section-height-default elementor-section-height-default\" data-id=\"701645b\" data-element_type=\"section\" data-e-type=\"section\" data-settings=\"{&quot;jet_parallax_layout_list&quot;:[],&quot;_ha_eqh_enable&quot;:false}\">\n\t\t\t\t\t\t<div class=\"elementor-container elementor-column-gap-default\">\n\t\t\t\t\t<div class=\"elementor-column elementor-col-100 elementor-top-column elementor-element elementor-element-da8a299\" data-id=\"da8a299\" data-element_type=\"column\" data-e-type=\"column\">\n\t\t\t<div class=\"elementor-widget-wrap elementor-element-populated\">\n\t\t\t\t\t\t<div class=\"elementor-element elementor-element-8fd0df6 elementor-widget elementor-widget-text-editor\" data-id=\"8fd0df6\" data-element_type=\"widget\" data-e-type=\"widget\" data-widget_type=\"text-editor.default\">\n\t\t\t\t<div class=\"elementor-widget-container\">\n\t\t\t\t\t\t\t\t\t<p>Bleiben Sie auf dem Laufenden \u00fcber Neuigkeiten, Produkteinf\u00fchrungen und Einladungen von GRID. Mit dem Absenden des Formulars erkl\u00e4ren Sie sich damit einverstanden, unsere E-Mails zu erhalten und werden gebeten, Ihre E-Mail-Adresse zu best\u00e4tigen. <\/p><p> <\/p><p>Geben Sie Ihre E-Mail-Adresse in das Feld &#8222;Seien Sie der Erste, der Bescheid wei\u00df&#8220; unten ein, danke.<\/p><p>Und keine Sorge, wir werden Sie nicht zuspammen &#8230;<\/p>\t\t\t\t\t\t\t\t<\/div>\n\t\t\t\t<\/div>\n\t\t\t\t\t<\/div>\n\t\t<\/div>\n\t\t\t\t\t<\/div>\n\t\t<\/section>\n\t\t\t\t<\/div>\n\t\t","protected":false},"excerpt":{"rendered":"<p>Bleiben Sie immer informiert \u00fcber unser modulares Einrichtungssystem GRID Bleiben Sie auf dem Laufenden \u00fcber Neuigkeiten, Produkteinf\u00fchrungen und Einladungen von GRID. Mit dem Absenden des Formulars erkl\u00e4ren Sie sich damit einverstanden, unsere E-Mails zu erhalten und werden gebeten, Ihre E-Mail-Adresse zu best\u00e4tigen. Geben Sie Ihre E-Mail-Adresse in das Feld &#8222;Seien Sie der Erste, der Bescheid [&hellip;]<\/p>\n","protected":false},"author":11,"featured_media":0,"parent":14241,"menu_order":50,"comment_status":"closed","ping_status":"closed","template":"","meta":{"inline_featured_image":false,"footnotes":""},"class_list":["post-14247","page","type-page","status-publish","hentry"],"_links":{"self":[{"href":"https:\/\/gridinteriorsystem.com\/de\/wp-json\/wp\/v2\/pages\/14247","targetHints":{"allow":["GET"]}}],"collection":[{"href":"https:\/\/gridinteriorsystem.com\/de\/wp-json\/wp\/v2\/pages"}],"about":[{"href":"https:\/\/gridinteriorsystem.com\/de\/wp-json\/wp\/v2\/types\/page"}],"author":[{"embeddable":true,"href":"https:\/\/gridinteriorsystem.com\/de\/wp-json\/wp\/v2\/users\/11"}],"replies":[{"embeddable":true,"href":"https:\/\/gridinteriorsystem.com\/de\/wp-json\/wp\/v2\/comments?post=14247"}],"version-history":[{"count":11,"href":"https:\/\/gridinteriorsystem.com\/de\/wp-json\/wp\/v2\/pages\/14247\/revisions"}],"predecessor-version":[{"id":25238,"href":"https:\/\/gridinteriorsystem.com\/de\/wp-json\/wp\/v2\/pages\/14247\/revisions\/25238"}],"up":[{"embeddable":true,"href":"https:\/\/gridinteriorsystem.com\/de\/wp-json\/wp\/v2\/pages\/14241"}],"wp:attachment":[{"href":"https:\/\/gridinteriorsystem.com\/de\/wp-json\/wp\/v2\/media?parent=14247"}],"curies":[{"name":"wp","href":"https:\/\/api.w.org\/{rel}","templated":true}]}}