{"id":27392,"date":"2025-06-27T07:58:20","date_gmt":"2025-06-27T07:58:20","guid":{"rendered":"https:\/\/gridinteriorsystem.com\/product\/sitzinsel\/"},"modified":"2025-12-18T12:50:06","modified_gmt":"2025-12-18T12:50:06","slug":"sitzinsel","status":"publish","type":"product","link":"https:\/\/gridinteriorsystem.com\/de\/product\/sitzinsel\/","title":{"rendered":"Sitzinsel"},"content":{"rendered":"<p>Kleine Sitzinsel mit integriertem Pflanzenkasten. F\u00fcr Atrien, Hallen und Warter\u00e4ume. <\/p>\n<ul>\n<li>Perfekt als Sitzinsel in Atrien, Bibliotheken oder als Sitzgelegenheit im Freien.<\/li>\n<li>Die Kuben und Querstreben bestehen aus einem Verbundwerkstoff, der aus Polyamid f\u00fcr Flexibilit\u00e4t und Glasfaser f\u00fcr Festigkeit besteht. Jeder Kubus ohne Querstreben wird auf eine Belastbarkeit von 750 kg nach unten gepr\u00fcft. <\/li>\n<\/ul>\n<p>&nbsp;<\/p>\n","protected":false},"excerpt":{"rendered":"<p>Sitzinselkonfiguration mit Pflanzkasten.<\/p>\n","protected":false},"featured_media":27250,"template":"","meta":{"inline_featured_image":false},"product_brand":[],"product_cat":[377],"product_tag":[381,379,380,378],"class_list":{"0":"post-27392","1":"product","2":"type-product","3":"status-publish","4":"has-post-thumbnail","6":"product_cat-sitzplatze","7":"product_tag-atrium-de","8":"product_tag-klein","9":"product_tag-pflanzkasten","10":"product_tag-sitzplatze","12":"first","13":"instock","14":"shipping-taxable","15":"purchasable","16":"product-type-variable","17":"has-default-attributes"},"_links":{"self":[{"href":"https:\/\/gridinteriorsystem.com\/de\/wp-json\/wp\/v2\/product\/27392","targetHints":{"allow":["GET"]}}],"collection":[{"href":"https:\/\/gridinteriorsystem.com\/de\/wp-json\/wp\/v2\/product"}],"about":[{"href":"https:\/\/gridinteriorsystem.com\/de\/wp-json\/wp\/v2\/types\/product"}],"wp:featuredmedia":[{"embeddable":true,"href":"https:\/\/gridinteriorsystem.com\/de\/wp-json\/wp\/v2\/media\/27250"}],"wp:attachment":[{"href":"https:\/\/gridinteriorsystem.com\/de\/wp-json\/wp\/v2\/media?parent=27392"}],"wp:term":[{"taxonomy":"product_brand","embeddable":true,"href":"https:\/\/gridinteriorsystem.com\/de\/wp-json\/wp\/v2\/product_brand?post=27392"},{"taxonomy":"product_cat","embeddable":true,"href":"https:\/\/gridinteriorsystem.com\/de\/wp-json\/wp\/v2\/product_cat?post=27392"},{"taxonomy":"product_tag","embeddable":true,"href":"https:\/\/gridinteriorsystem.com\/de\/wp-json\/wp\/v2\/product_tag?post=27392"}],"curies":[{"name":"wp","href":"https:\/\/api.w.org\/{rel}","templated":true}]}}