{"id":27394,"date":"2025-08-22T11:49:06","date_gmt":"2025-08-22T11:49:06","guid":{"rendered":"https:\/\/gridinteriorsystem.com\/product\/raumteiler\/"},"modified":"2025-12-18T12:42:36","modified_gmt":"2025-12-18T12:42:36","slug":"raumteiler","status":"publish","type":"product","link":"https:\/\/gridinteriorsystem.com\/de\/product\/raumteiler\/","title":{"rendered":"Niedriger Raumteiler"},"content":{"rendered":"<p>Freistehender niedriger Raumteiler mit gemischten Regalen und Boxen zur Aufbewahrung.<\/p>\n<ul>\n<li>Perfekt f\u00fcr den offenen B\u00fcrobereich, die Hotellounge oder Lobby oder als kleines B\u00fccherregal f\u00fcr die Bibliothek.<\/li>\n<li>Die Kuben und Querstreben bestehen aus einem Verbundwerkstoff, der aus Polyamid f\u00fcr Flexibilit\u00e4t und Glasfaser f\u00fcr Festigkeit besteht. Jeder Kubus ohne Querstreben wird auf eine Belastbarkeit von 750 kg nach unten gepr\u00fcft. <\/li>\n<\/ul>\n<p>&nbsp;<\/p>\n","protected":false},"excerpt":{"rendered":"<p>Offener Raumteiler. Individuell anpassbar mit einer Auswahl an Farben und Kombinationen von Regalen und Boxen. Kontaktieren Sie uns oder konfigurieren Sie Ihr eigenes Modell in pCon.  <\/p>\n","protected":false},"featured_media":27295,"template":"","meta":{"inline_featured_image":false},"product_brand":[],"product_cat":[385],"product_tag":[388,387,389,386],"class_list":{"0":"post-27394","1":"product","2":"type-product","3":"status-publish","4":"has-post-thumbnail","6":"product_cat-raumteiler","7":"product_tag-amber-de","8":"product_tag-masala-de","9":"product_tag-raumteiler-de","10":"product_tag-raumteiler","12":"first","13":"instock","14":"shipping-taxable","15":"purchasable","16":"product-type-variable","17":"has-default-attributes"},"_links":{"self":[{"href":"https:\/\/gridinteriorsystem.com\/de\/wp-json\/wp\/v2\/product\/27394","targetHints":{"allow":["GET"]}}],"collection":[{"href":"https:\/\/gridinteriorsystem.com\/de\/wp-json\/wp\/v2\/product"}],"about":[{"href":"https:\/\/gridinteriorsystem.com\/de\/wp-json\/wp\/v2\/types\/product"}],"wp:featuredmedia":[{"embeddable":true,"href":"https:\/\/gridinteriorsystem.com\/de\/wp-json\/wp\/v2\/media\/27295"}],"wp:attachment":[{"href":"https:\/\/gridinteriorsystem.com\/de\/wp-json\/wp\/v2\/media?parent=27394"}],"wp:term":[{"taxonomy":"product_brand","embeddable":true,"href":"https:\/\/gridinteriorsystem.com\/de\/wp-json\/wp\/v2\/product_brand?post=27394"},{"taxonomy":"product_cat","embeddable":true,"href":"https:\/\/gridinteriorsystem.com\/de\/wp-json\/wp\/v2\/product_cat?post=27394"},{"taxonomy":"product_tag","embeddable":true,"href":"https:\/\/gridinteriorsystem.com\/de\/wp-json\/wp\/v2\/product_tag?post=27394"}],"curies":[{"name":"wp","href":"https:\/\/api.w.org\/{rel}","templated":true}]}}