{"id":27396,"date":"2025-08-28T10:01:45","date_gmt":"2025-08-28T10:01:45","guid":{"rendered":"https:\/\/gridinteriorsystem.com\/product\/bueroschrank\/"},"modified":"2026-03-03T11:48:04","modified_gmt":"2026-03-03T11:48:04","slug":"locker","status":"publish","type":"product","link":"https:\/\/gridinteriorsystem.com\/de\/product\/locker\/","title":{"rendered":"Locker"},"content":{"rendered":"<p>Spindschrank mit einzelnen T\u00fcren und Schl\u00f6ssern, kombiniert mit Aufbewahrungsboxen und Regalen. Ideal f\u00fcr die Aufbewahrung von vertraulichen Papieren, privaten Gegenst\u00e4nden oder \u00e4hnlichem in einer B\u00fcroumgebung oder einer \u00f6ffentlichen Einrichtung. Verf\u00fcgt \u00fcber 1 gro\u00dfes und zwei kleinere Schlie\u00dff\u00e4cher sowie \u00fcber Regale f\u00fcr die allgemeine Aufbewahrung. Zus\u00e4tzliche Schlie\u00dff\u00e4cher (oder andere Funktionen) k\u00f6nnen mit dem modularen System nach Belieben hinzugef\u00fcgt werden.<\/p>\n<ul>\n<li>Personalisierte Schl\u00f6sser, um die Sicherheit von Wertsachen oder pers\u00f6nlichen Gegenst\u00e4nden zu gew\u00e4hrleisten.<\/li>\n<li>Die Kuben und Querstreben bestehen aus einem Verbundwerkstoff, der aus Polyamid f\u00fcr Flexibilit\u00e4t und Glasfaser f\u00fcr Festigkeit besteht. Jeder Kubus ohne Querstreben wird auf eine Belastbarkeit von 750 kg nach unten gepr\u00fcft.<\/li>\n<\/ul>\n","protected":false},"excerpt":{"rendered":"<p>Spindschrank mit einzelnen T\u00fcren und Schl\u00f6ssern, kombiniert mit Aufbewahrungsboxen und Regalen.<\/p>\n","protected":false},"featured_media":31344,"template":"","meta":{"inline_featured_image":false},"product_brand":[],"product_cat":[395,406],"product_tag":[397,741,396],"class_list":{"0":"post-27396","1":"product","2":"type-product","3":"status-publish","4":"has-post-thumbnail","6":"product_cat-buroschrank","7":"product_cat-regal","8":"product_tag-buro","9":"product_tag-regalboden","10":"product_tag-spind","12":"first","13":"instock","14":"shipping-taxable","15":"purchasable","16":"product-type-variable","17":"has-default-attributes"},"_links":{"self":[{"href":"https:\/\/gridinteriorsystem.com\/de\/wp-json\/wp\/v2\/product\/27396","targetHints":{"allow":["GET"]}}],"collection":[{"href":"https:\/\/gridinteriorsystem.com\/de\/wp-json\/wp\/v2\/product"}],"about":[{"href":"https:\/\/gridinteriorsystem.com\/de\/wp-json\/wp\/v2\/types\/product"}],"wp:featuredmedia":[{"embeddable":true,"href":"https:\/\/gridinteriorsystem.com\/de\/wp-json\/wp\/v2\/media\/31344"}],"wp:attachment":[{"href":"https:\/\/gridinteriorsystem.com\/de\/wp-json\/wp\/v2\/media?parent=27396"}],"wp:term":[{"taxonomy":"product_brand","embeddable":true,"href":"https:\/\/gridinteriorsystem.com\/de\/wp-json\/wp\/v2\/product_brand?post=27396"},{"taxonomy":"product_cat","embeddable":true,"href":"https:\/\/gridinteriorsystem.com\/de\/wp-json\/wp\/v2\/product_cat?post=27396"},{"taxonomy":"product_tag","embeddable":true,"href":"https:\/\/gridinteriorsystem.com\/de\/wp-json\/wp\/v2\/product_tag?post=27396"}],"curies":[{"name":"wp","href":"https:\/\/api.w.org\/{rel}","templated":true}]}}