{"id":27400,"date":"2025-08-28T11:58:02","date_gmt":"2025-08-28T11:58:02","guid":{"rendered":"https:\/\/gridinteriorsystem.com\/product\/vitrine\/"},"modified":"2025-12-18T10:37:23","modified_gmt":"2025-12-18T10:37:23","slug":"vitrine","status":"publish","type":"product","link":"https:\/\/gridinteriorsystem.com\/de\/product\/vitrine\/","title":{"rendered":"Vitrine"},"content":{"rendered":"<p>Stilvolle freistehende Vitrine mit Glast\u00fcren. Mit dieser minimalistischen GRID-Konfiguration k\u00f6nnen Sie mehrere empfindliche Produkte ausstellen oder sie als Museumsvitrine verwenden. <\/p>\n<ul>\n<li>Ger\u00e4uchertes Eichenfurnier-MDF und graue W\u00fcrfel verleihen dieser Vitrine einen zur\u00fcckhaltenden Stil, der das ausgestellte Produkt oder Objekt unterstreicht.<\/li>\n<li>Die Kuben und Querstreben bestehen aus einem Verbundwerkstoff, der aus Polyamid f\u00fcr Flexibilit\u00e4t und Glasfaser f\u00fcr Festigkeit besteht. Jeder Kubus ohne Querstreben wird auf eine Belastbarkeit von 750 kg nach unten gepr\u00fcft. <\/li>\n<\/ul>\n<p>&nbsp;<\/p>\n","protected":false},"excerpt":{"rendered":"<p>Hohe Glasvitrine. Ideal f\u00fcr Ausstellungen empfindlicher Produkte oder Museen. <\/p>\n","protected":false},"featured_media":29719,"template":"","meta":{"inline_featured_image":false},"product_brand":[],"product_cat":[403],"product_tag":[405,404],"class_list":{"0":"post-27400","1":"product","2":"type-product","3":"status-publish","4":"has-post-thumbnail","6":"product_cat-anzeige","7":"product_tag-museumsausstellung","8":"product_tag-produktprasentation","10":"first","11":"instock","12":"shipping-taxable","13":"purchasable","14":"product-type-variable","15":"has-default-attributes"},"_links":{"self":[{"href":"https:\/\/gridinteriorsystem.com\/de\/wp-json\/wp\/v2\/product\/27400","targetHints":{"allow":["GET"]}}],"collection":[{"href":"https:\/\/gridinteriorsystem.com\/de\/wp-json\/wp\/v2\/product"}],"about":[{"href":"https:\/\/gridinteriorsystem.com\/de\/wp-json\/wp\/v2\/types\/product"}],"wp:featuredmedia":[{"embeddable":true,"href":"https:\/\/gridinteriorsystem.com\/de\/wp-json\/wp\/v2\/media\/29719"}],"wp:attachment":[{"href":"https:\/\/gridinteriorsystem.com\/de\/wp-json\/wp\/v2\/media?parent=27400"}],"wp:term":[{"taxonomy":"product_brand","embeddable":true,"href":"https:\/\/gridinteriorsystem.com\/de\/wp-json\/wp\/v2\/product_brand?post=27400"},{"taxonomy":"product_cat","embeddable":true,"href":"https:\/\/gridinteriorsystem.com\/de\/wp-json\/wp\/v2\/product_cat?post=27400"},{"taxonomy":"product_tag","embeddable":true,"href":"https:\/\/gridinteriorsystem.com\/de\/wp-json\/wp\/v2\/product_tag?post=27400"}],"curies":[{"name":"wp","href":"https:\/\/api.w.org\/{rel}","templated":true}]}}