{"id":27404,"date":"2025-08-29T09:35:19","date_gmt":"2025-08-29T09:35:19","guid":{"rendered":"https:\/\/gridinteriorsystem.com\/product\/garderobe\/"},"modified":"2025-12-18T10:20:43","modified_gmt":"2025-12-18T10:20:43","slug":"garderobe","status":"publish","type":"product","link":"https:\/\/gridinteriorsystem.com\/de\/product\/garderobe\/","title":{"rendered":"Garderobe"},"content":{"rendered":"<p>Komplette Garderobeneinheit mit Regalen und einer Kleiderstange f\u00fcr Kleiderb\u00fcgel. Eine Einheit, die sich f\u00fcr unterschiedliche Anforderungen Ihrer Garderobe oder f\u00fcr die Produktpr\u00e4sentation in einer Modeboutique oder einem Bekleidungsgesch\u00e4ft eignet. <\/p>\n<ul>\n<li>Der integrierte Kleiderb\u00fcgel in der Mitte ist von 40&#215;40-Regalen umgeben, sodass Kleidung und Schuhe im Sockelbereich verstaut werden k\u00f6nnen.<\/li>\n<li>Die Kuben und Querstreben bestehen aus einem Verbundwerkstoff, der aus Polyamid f\u00fcr Flexibilit\u00e4t und Glasfaser f\u00fcr Festigkeit besteht. Jeder Kubus ohne Querstreben wird auf eine Belastbarkeit von 750 kg nach unten gepr\u00fcft. <\/li>\n<\/ul>\n<p>&nbsp;<\/p>\n","protected":false},"excerpt":{"rendered":"<p>Komplette Garderobe oder Kleiderst\u00e4nder. Integrierte Kleiderstange und Regale f\u00fcr professionelle Garderoben oder zur Pr\u00e4sentation von Kleidungsst\u00fccken. <\/p>\n","protected":false},"featured_media":31306,"template":"","meta":{"inline_featured_image":false},"product_brand":[],"product_cat":[400,420,419,406],"product_tag":[422,421,423,394,424],"class_list":{"0":"post-27404","1":"product","2":"type-product","3":"status-publish","4":"has-post-thumbnail","6":"product_cat-aufbewahrung","7":"product_cat-garderobe","8":"product_cat-produktprasentation","9":"product_cat-regal","10":"product_tag-garderobe","11":"product_tag-kleiderstange","12":"product_tag-oregano-de","13":"product_tag-regale","14":"product_tag-schwarz","16":"first","17":"instock","18":"shipping-taxable","19":"purchasable","20":"product-type-variable","21":"has-default-attributes"},"_links":{"self":[{"href":"https:\/\/gridinteriorsystem.com\/de\/wp-json\/wp\/v2\/product\/27404","targetHints":{"allow":["GET"]}}],"collection":[{"href":"https:\/\/gridinteriorsystem.com\/de\/wp-json\/wp\/v2\/product"}],"about":[{"href":"https:\/\/gridinteriorsystem.com\/de\/wp-json\/wp\/v2\/types\/product"}],"wp:featuredmedia":[{"embeddable":true,"href":"https:\/\/gridinteriorsystem.com\/de\/wp-json\/wp\/v2\/media\/31306"}],"wp:attachment":[{"href":"https:\/\/gridinteriorsystem.com\/de\/wp-json\/wp\/v2\/media?parent=27404"}],"wp:term":[{"taxonomy":"product_brand","embeddable":true,"href":"https:\/\/gridinteriorsystem.com\/de\/wp-json\/wp\/v2\/product_brand?post=27404"},{"taxonomy":"product_cat","embeddable":true,"href":"https:\/\/gridinteriorsystem.com\/de\/wp-json\/wp\/v2\/product_cat?post=27404"},{"taxonomy":"product_tag","embeddable":true,"href":"https:\/\/gridinteriorsystem.com\/de\/wp-json\/wp\/v2\/product_tag?post=27404"}],"curies":[{"name":"wp","href":"https:\/\/api.w.org\/{rel}","templated":true}]}}