{"id":27406,"date":"2025-08-29T10:13:05","date_gmt":"2025-08-29T10:13:05","guid":{"rendered":"https:\/\/gridinteriorsystem.com\/product\/ausstellungspodest\/"},"modified":"2026-02-27T11:13:23","modified_gmt":"2026-02-27T11:13:23","slug":"display","status":"publish","type":"product","link":"https:\/\/gridinteriorsystem.com\/de\/product\/display\/","title":{"rendered":"Ausstellungsm\u00f6bel"},"content":{"rendered":"<p>Ausstellungspodest mit mehreren Ebenen f\u00fcr eine abwechslungsreiche Pr\u00e4sentation. Ideal f\u00fcr die Produktpr\u00e4sentation z. B. in Schuhgesch\u00e4ften oder f\u00fcr Bibliotheken zur Pr\u00e4sentation von B\u00fcchern auf einem mobilen M\u00f6belst\u00fcck.  <\/p>\n<ul>\n<li>Mit R\u00e4dern zum einfachen Verschieben des Podiums, Zeitschriftenhaltern zur Pr\u00e4sentation von B\u00fcchern sowie Stauraum im Sockel.<\/li>\n<li>Die Kuben und Querstreben bestehen aus einem Verbundwerkstoff, der aus Polyamid f\u00fcr Flexibilit\u00e4t und Glasfaser f\u00fcr Festigkeit besteht. Jeder Kubus ohne Querstreben wird auf eine Belastbarkeit von 750 kg nach unten gepr\u00fcft. <\/li>\n<\/ul>\n<p>&nbsp;<\/p>\n","protected":false},"excerpt":{"rendered":"<p>Mehrstufiges Display-Podest mit Rollen als mobile Ausstellungsl\u00f6sung. Ideal f\u00fcr B\u00fccher oder kleine Produktpr\u00e4sentationen, die beweglich sein m\u00fcssen. <\/p>\n","protected":false},"featured_media":31282,"template":"","meta":{"inline_featured_image":false},"product_brand":[],"product_cat":[403,428,419,406],"product_tag":[425,412,691,394,402],"class_list":{"0":"post-27406","1":"product","2":"type-product","3":"status-publish","4":"has-post-thumbnail","6":"product_cat-anzeige","7":"product_cat-mobile-einheit","8":"product_cat-produktprasentation","9":"product_cat-regal","10":"product_tag-bucherregal-de","11":"product_tag-mobil","12":"product_tag-podium","13":"product_tag-regale","14":"product_tag-zeitschriftenauslage","16":"first","17":"instock","18":"shipping-taxable","19":"purchasable","20":"product-type-variable","21":"has-default-attributes"},"_links":{"self":[{"href":"https:\/\/gridinteriorsystem.com\/de\/wp-json\/wp\/v2\/product\/27406","targetHints":{"allow":["GET"]}}],"collection":[{"href":"https:\/\/gridinteriorsystem.com\/de\/wp-json\/wp\/v2\/product"}],"about":[{"href":"https:\/\/gridinteriorsystem.com\/de\/wp-json\/wp\/v2\/types\/product"}],"wp:featuredmedia":[{"embeddable":true,"href":"https:\/\/gridinteriorsystem.com\/de\/wp-json\/wp\/v2\/media\/31282"}],"wp:attachment":[{"href":"https:\/\/gridinteriorsystem.com\/de\/wp-json\/wp\/v2\/media?parent=27406"}],"wp:term":[{"taxonomy":"product_brand","embeddable":true,"href":"https:\/\/gridinteriorsystem.com\/de\/wp-json\/wp\/v2\/product_brand?post=27406"},{"taxonomy":"product_cat","embeddable":true,"href":"https:\/\/gridinteriorsystem.com\/de\/wp-json\/wp\/v2\/product_cat?post=27406"},{"taxonomy":"product_tag","embeddable":true,"href":"https:\/\/gridinteriorsystem.com\/de\/wp-json\/wp\/v2\/product_tag?post=27406"}],"curies":[{"name":"wp","href":"https:\/\/api.w.org\/{rel}","templated":true}]}}