{"id":31445,"date":"2025-12-18T13:43:31","date_gmt":"2025-12-18T13:43:31","guid":{"rendered":"https:\/\/gridinteriorsystem.com\/product\/buecherregal\/"},"modified":"2025-12-18T13:43:31","modified_gmt":"2025-12-18T13:43:31","slug":"buecherregal","status":"publish","type":"product","link":"https:\/\/gridinteriorsystem.com\/de\/product\/buecherregal\/","title":{"rendered":"B\u00fccherregal"},"content":{"rendered":"<p>B\u00fccherregal mit viel Stauraum und Ausstellungsfl\u00e4che. Regalb\u00f6den und Zeitschriftenablagen k\u00f6nnen nach Bedarf hinzugef\u00fcgt und ausgetauscht werden, ebenso wie Schr\u00e4nke.  Oben offene Regale und unten geschlossene Regale sorgen f\u00fcr einen frischen Look, der nicht zu viel Platz einnimmt und gleichzeitig viel Stauraum bietet. Ideal f\u00fcr Bibliotheken, Verkaufsr\u00e4ume oder B\u00fcros. <\/p>\n<ul>\n<li>Minimalistisches B\u00fccherregal im d\u00e4nischen Design.<\/li>\n<li>Die Kuben und Querstreben bestehen aus einem Verbundwerkstoff, der aus Polyamid f\u00fcr Flexibilit\u00e4t und Glasfaser f\u00fcr Festigkeit besteht. Jeder Kubus ohne Querstreben wird auf eine Belastbarkeit von 750 kg nach unten gepr\u00fcft. <\/li>\n<\/ul>\n<p>&nbsp;<\/p>\n","protected":false},"excerpt":{"rendered":"<p>B\u00fccherregal mit viel Stauraum und Ausstellungsfl\u00e4che. Regalb\u00f6den und Zeitschriftenablagen k\u00f6nnen nach Bedarf hinzugef\u00fcgt und ausgetauscht werden, ebenso wie Schr\u00e4nke. <\/p>\n","protected":false},"featured_media":31421,"template":"","meta":{"inline_featured_image":false},"product_brand":[],"product_cat":[400,390,419,385,406],"product_tag":[425,394],"class_list":{"0":"post-31445","1":"product","2":"type-product","3":"status-publish","4":"has-post-thumbnail","6":"product_cat-aufbewahrung","7":"product_cat-bucherregale","8":"product_cat-produktprasentation","9":"product_cat-raumteiler","10":"product_cat-regal","11":"product_tag-bucherregal-de","12":"product_tag-regale","14":"first","15":"instock","16":"shipping-taxable","17":"purchasable","18":"product-type-variable","19":"has-default-attributes"},"_links":{"self":[{"href":"https:\/\/gridinteriorsystem.com\/de\/wp-json\/wp\/v2\/product\/31445","targetHints":{"allow":["GET"]}}],"collection":[{"href":"https:\/\/gridinteriorsystem.com\/de\/wp-json\/wp\/v2\/product"}],"about":[{"href":"https:\/\/gridinteriorsystem.com\/de\/wp-json\/wp\/v2\/types\/product"}],"wp:featuredmedia":[{"embeddable":true,"href":"https:\/\/gridinteriorsystem.com\/de\/wp-json\/wp\/v2\/media\/31421"}],"wp:attachment":[{"href":"https:\/\/gridinteriorsystem.com\/de\/wp-json\/wp\/v2\/media?parent=31445"}],"wp:term":[{"taxonomy":"product_brand","embeddable":true,"href":"https:\/\/gridinteriorsystem.com\/de\/wp-json\/wp\/v2\/product_brand?post=31445"},{"taxonomy":"product_cat","embeddable":true,"href":"https:\/\/gridinteriorsystem.com\/de\/wp-json\/wp\/v2\/product_cat?post=31445"},{"taxonomy":"product_tag","embeddable":true,"href":"https:\/\/gridinteriorsystem.com\/de\/wp-json\/wp\/v2\/product_tag?post=31445"}],"curies":[{"name":"wp","href":"https:\/\/api.w.org\/{rel}","templated":true}]}}