{"id":31489,"date":"2025-12-18T14:20:18","date_gmt":"2025-12-18T14:20:18","guid":{"rendered":"https:\/\/gridinteriorsystem.com\/product\/trolley\/"},"modified":"2025-12-18T14:20:18","modified_gmt":"2025-12-18T14:20:18","slug":"trolley","status":"publish","type":"product","link":"https:\/\/gridinteriorsystem.com\/de\/product\/trolley\/","title":{"rendered":"Trolley"},"content":{"rendered":"<p>B\u00fcrotrolley, zum Transportieren und Aufbewahren von Unterlagen und anderem Material. Perfekte Gr\u00f6\u00dfe f\u00fcr jedes B\u00fcro, mit Regalen, eingebautem Schrank und Aufbewahrungsbox. <\/p>\n<p>&nbsp;<\/p>\n<ul>\n<li>Mit Rollen f\u00fcr einfache Beweglichkeit.<\/li>\n<li>Die Kuben und Querstreben bestehen aus einem Verbundwerkstoff, der aus Polyamid f\u00fcr Flexibilit\u00e4t und Glasfaser f\u00fcr Festigkeit besteht. Jeder Kubus ohne Querstreben wird auf eine Belastbarkeit von 750 kg nach unten gepr\u00fcft. <\/li>\n<\/ul>\n","protected":false},"excerpt":{"rendered":"<p>B\u00fcrotrolley, zum Transportieren und Aufbewahren von Unterlagen und anderem Material. Perfekte Gr\u00f6\u00dfe f\u00fcr jedes B\u00fcro, mit Regalen, eingebautem Schrank und Aufbewahrungsbox. <\/p>\n","protected":false},"featured_media":31462,"template":"","meta":{"inline_featured_image":false},"product_brand":[],"product_cat":[428,400,408,406,416],"product_tag":[413,391,397,412,774],"class_list":{"0":"post-31489","1":"product","2":"type-product","3":"status-publish","4":"has-post-thumbnail","6":"product_cat-mobile-einheit","7":"product_cat-aufbewahrung","8":"product_cat-mobile-einheiten","9":"product_cat-regal","10":"product_cat-tisch","11":"product_tag-auf-radern","12":"product_tag-aufbewahrung","13":"product_tag-buro","14":"product_tag-mobil","15":"product_tag-trolley","17":"first","18":"instock","19":"shipping-taxable","20":"purchasable","21":"product-type-variable","22":"has-default-attributes"},"_links":{"self":[{"href":"https:\/\/gridinteriorsystem.com\/de\/wp-json\/wp\/v2\/product\/31489","targetHints":{"allow":["GET"]}}],"collection":[{"href":"https:\/\/gridinteriorsystem.com\/de\/wp-json\/wp\/v2\/product"}],"about":[{"href":"https:\/\/gridinteriorsystem.com\/de\/wp-json\/wp\/v2\/types\/product"}],"wp:featuredmedia":[{"embeddable":true,"href":"https:\/\/gridinteriorsystem.com\/de\/wp-json\/wp\/v2\/media\/31462"}],"wp:attachment":[{"href":"https:\/\/gridinteriorsystem.com\/de\/wp-json\/wp\/v2\/media?parent=31489"}],"wp:term":[{"taxonomy":"product_brand","embeddable":true,"href":"https:\/\/gridinteriorsystem.com\/de\/wp-json\/wp\/v2\/product_brand?post=31489"},{"taxonomy":"product_cat","embeddable":true,"href":"https:\/\/gridinteriorsystem.com\/de\/wp-json\/wp\/v2\/product_cat?post=31489"},{"taxonomy":"product_tag","embeddable":true,"href":"https:\/\/gridinteriorsystem.com\/de\/wp-json\/wp\/v2\/product_tag?post=31489"}],"curies":[{"name":"wp","href":"https:\/\/api.w.org\/{rel}","templated":true}]}}