{"id":19243,"date":"2022-10-20T12:33:31","date_gmt":"2022-10-20T12:33:31","guid":{"rendered":"https:\/\/gridinteriorsystem.com\/grid-a-orgatec-2022\/"},"modified":"2025-04-11T14:41:50","modified_gmt":"2025-04-11T14:41:50","slug":"grid-a-orgatec-2022","status":"publish","type":"page","link":"https:\/\/gridinteriorsystem.com\/fr\/contact\/rencontrez-nous-lors-devenements\/grid-a-orgatec-2022\/","title":{"rendered":"GRID \u00e0 Orgatec 2022"},"content":{"rendered":"\t\t<div data-elementor-type=\"wp-page\" data-elementor-id=\"19243\" class=\"elementor elementor-19243 elementor-11144\" data-elementor-settings=\"{&quot;ha_cmc_init_switcher&quot;:&quot;no&quot;}\" data-elementor-post-type=\"page\">\n\t\t\t\t\t\t<section class=\"elementor-section elementor-top-section elementor-element elementor-element-2413e3b elementor-section-boxed elementor-section-height-default elementor-section-height-default\" data-id=\"2413e3b\" data-element_type=\"section\" data-e-type=\"section\" data-settings=\"{&quot;jet_parallax_layout_list&quot;:[],&quot;_ha_eqh_enable&quot;:false}\">\n\t\t\t\t\t\t<div class=\"elementor-container elementor-column-gap-default\">\n\t\t\t\t\t<div class=\"elementor-column elementor-col-100 elementor-top-column elementor-element elementor-element-622ce87\" data-id=\"622ce87\" data-element_type=\"column\" data-e-type=\"column\">\n\t\t\t<div class=\"elementor-widget-wrap elementor-element-populated\">\n\t\t\t\t\t\t<div class=\"elementor-element elementor-element-bd69556 elementor-widget elementor-widget-image\" data-id=\"bd69556\" data-element_type=\"widget\" data-e-type=\"widget\" data-widget_type=\"image.default\">\n\t\t\t\t<div class=\"elementor-widget-container\">\n\t\t\t\t\t\t\t\t\t\t\t\t\t\t\t<img decoding=\"async\" width=\"2000\" height=\"1333\" src=\"https:\/\/gridinteriorsystem.com\/wp-content\/uploads\/GRID_Orgatec2022_0023-scaled-e1670420132502.jpg\" class=\"attachment-full size-full wp-image-19170\" alt=\"\" srcset=\"https:\/\/gridinteriorsystem.com\/wp-content\/uploads\/GRID_Orgatec2022_0023-scaled-e1670420132502.jpg 2000w, https:\/\/gridinteriorsystem.com\/wp-content\/uploads\/GRID_Orgatec2022_0023-scaled-e1670420132502-600x400.jpg 600w, https:\/\/gridinteriorsystem.com\/wp-content\/uploads\/GRID_Orgatec2022_0023-scaled-e1670420132502-300x200.jpg 300w, https:\/\/gridinteriorsystem.com\/wp-content\/uploads\/GRID_Orgatec2022_0023-scaled-e1670420132502-1024x682.jpg 1024w, https:\/\/gridinteriorsystem.com\/wp-content\/uploads\/GRID_Orgatec2022_0023-scaled-e1670420132502-768x512.jpg 768w, https:\/\/gridinteriorsystem.com\/wp-content\/uploads\/GRID_Orgatec2022_0023-scaled-e1670420132502-1536x1024.jpg 1536w\" sizes=\"(max-width: 2000px) 100vw, 2000px\" \/>\t\t\t\t\t\t\t\t\t\t\t\t\t\t\t<\/div>\n\t\t\t\t<\/div>\n\t\t\t\t\t<\/div>\n\t\t<\/div>\n\t\t\t\t\t<\/div>\n\t\t<\/section>\n\t\t\t\t<section class=\"elementor-section elementor-top-section elementor-element elementor-element-f143e72 elementor-section-boxed elementor-section-height-default elementor-section-height-default\" data-id=\"f143e72\" data-element_type=\"section\" data-e-type=\"section\" data-settings=\"{&quot;jet_parallax_layout_list&quot;:[],&quot;_ha_eqh_enable&quot;:false}\">\n\t\t\t\t\t\t<div class=\"elementor-container elementor-column-gap-default\">\n\t\t\t\t\t<div class=\"elementor-column elementor-col-50 elementor-top-column elementor-element elementor-element-1d5098e\" data-id=\"1d5098e\" data-element_type=\"column\" data-e-type=\"column\">\n\t\t\t<div class=\"elementor-widget-wrap elementor-element-populated\">\n\t\t\t\t\t\t<div class=\"elementor-element elementor-element-2906512 elementor-widget elementor-widget-spacer\" data-id=\"2906512\" data-element_type=\"widget\" data-e-type=\"widget\" data-widget_type=\"spacer.default\">\n\t\t\t\t<div class=\"elementor-widget-container\">\n\t\t\t\t\t\t\t<div class=\"elementor-spacer\">\n\t\t\t<div class=\"elementor-spacer-inner\"><\/div>\n\t\t<\/div>\n\t\t\t\t\t\t<\/div>\n\t\t\t\t<\/div>\n\t\t\t\t<div class=\"elementor-element elementor-element-62659e7 elementor-widget elementor-widget-heading\" data-id=\"62659e7\" data-element_type=\"widget\" data-e-type=\"widget\" data-widget_type=\"heading.default\">\n\t\t\t\t<div class=\"elementor-widget-container\">\n\t\t\t\t\t<h2 class=\"elementor-heading-title elementor-size-default\">Avec les nouveaux produits, la famille GRID s'agrandit et s'am\u00e9liore encore. Cr\u00e9er de nouvelles possibilit\u00e9s. <\/h2>\t\t\t\t<\/div>\n\t\t\t\t<\/div>\n\t\t\t\t<div class=\"elementor-element elementor-element-8b574c5 elementor-widget elementor-widget-spacer\" data-id=\"8b574c5\" data-element_type=\"widget\" data-e-type=\"widget\" data-widget_type=\"spacer.default\">\n\t\t\t\t<div class=\"elementor-widget-container\">\n\t\t\t\t\t\t\t<div class=\"elementor-spacer\">\n\t\t\t<div class=\"elementor-spacer-inner\"><\/div>\n\t\t<\/div>\n\t\t\t\t\t\t<\/div>\n\t\t\t\t<\/div>\n\t\t\t\t\t<\/div>\n\t\t<\/div>\n\t\t\t\t<div class=\"elementor-column elementor-col-50 elementor-top-column elementor-element elementor-element-d2f75d9\" data-id=\"d2f75d9\" data-element_type=\"column\" data-e-type=\"column\">\n\t\t\t<div class=\"elementor-widget-wrap elementor-element-populated\">\n\t\t\t\t\t\t<div class=\"elementor-element elementor-element-8c53710 elementor-widget elementor-widget-spacer\" data-id=\"8c53710\" data-element_type=\"widget\" data-e-type=\"widget\" data-widget_type=\"spacer.default\">\n\t\t\t\t<div class=\"elementor-widget-container\">\n\t\t\t\t\t\t\t<div class=\"elementor-spacer\">\n\t\t\t<div class=\"elementor-spacer-inner\"><\/div>\n\t\t<\/div>\n\t\t\t\t\t\t<\/div>\n\t\t\t\t<\/div>\n\t\t\t\t<div class=\"elementor-element elementor-element-a99aebe elementor-widget elementor-widget-text-editor\" data-id=\"a99aebe\" data-element_type=\"widget\" data-e-type=\"widget\" data-widget_type=\"text-editor.default\">\n\t\t\t\t<div class=\"elementor-widget-container\">\n\t\t\t\t\t\t\t\t\t<p>Lors du salon Orgatec 2022, qui s&rsquo;est tenu du 25 au 29 octobre \u00e0 la Messehalle Koeln, \u00e0 Cologne, GRID a lanc\u00e9 de nouvelles extensions de sa gamme, ce qui a permis d&rsquo;\u00e9largir et d&rsquo;am\u00e9liorer la famille de produits GRID. <\/p>\n<p>D\u00e9couvrez la nouvelle<\/p>\n<p><b>Panneaux de mousse<br \/>Poutres de soutien <br \/><\/b><b>1\/2 GRID Module <br \/><\/b><\/p>\n<p>avec demi-tablettes\/c\u00f4t\u00e9s et demi-tablettes\/bases\/c\u00f4t\u00e9s<\/p>\n<p>et <a href=\"https:\/\/gridinteriorsystem.com\/wp-content\/uploads\/GRID-PRODUCT-GUIDE-JANUARY-2023.pdf\" target=\"_blank\" rel=\"noopener\"><strong>t\u00e9l\u00e9chargez notre guide des produits<\/strong><\/a> pour plus de d\u00e9tails. Ou concevez d\u00e8s maintenant votre propre produit avec <a href=\"https:\/\/gridinteriorsystem.com\/download\/grid-on-pcon\/\" target=\"_blank\" rel=\"noopener\">pCon.planner.<\/a> <\/p>\n<p>Nous vous remercions tous d&rsquo;\u00eatre venus \u00e0 notre stand et de l&rsquo;int\u00e9r\u00eat que vous portez \u00e0 GRID. Nous sommes pr\u00eats \u00e0 vous inciter \u00e0 choisir GRID &#8211; making (your) space work. <\/p>\n\t\t\t\t\t\t\t\t<\/div>\n\t\t\t\t<\/div>\n\t\t\t\t\t<\/div>\n\t\t<\/div>\n\t\t\t\t\t<\/div>\n\t\t<\/section>\n\t\t\t\t<section class=\"elementor-section elementor-top-section elementor-element elementor-element-96acc9d elementor-section-boxed elementor-section-height-default elementor-section-height-default\" data-id=\"96acc9d\" data-element_type=\"section\" data-e-type=\"section\" data-settings=\"{&quot;jet_parallax_layout_list&quot;:[],&quot;_ha_eqh_enable&quot;:false}\">\n\t\t\t\t\t\t<div class=\"elementor-container elementor-column-gap-default\">\n\t\t\t\t\t<div class=\"elementor-column elementor-col-100 elementor-top-column elementor-element elementor-element-4acd63c\" data-id=\"4acd63c\" data-element_type=\"column\" data-e-type=\"column\">\n\t\t\t<div class=\"elementor-widget-wrap elementor-element-populated\">\n\t\t\t\t\t\t<section class=\"elementor-section elementor-inner-section elementor-element elementor-element-f6afcf2 elementor-section-boxed elementor-section-height-default elementor-section-height-default\" data-id=\"f6afcf2\" data-element_type=\"section\" data-e-type=\"section\" data-settings=\"{&quot;jet_parallax_layout_list&quot;:[],&quot;_ha_eqh_enable&quot;:false}\">\n\t\t\t\t\t\t<div class=\"elementor-container elementor-column-gap-default\">\n\t\t\t\t\t<div class=\"elementor-column elementor-col-50 elementor-inner-column elementor-element elementor-element-65d7ae2\" data-id=\"65d7ae2\" data-element_type=\"column\" data-e-type=\"column\">\n\t\t\t<div class=\"elementor-widget-wrap elementor-element-populated\">\n\t\t\t\t\t\t<div class=\"elementor-element elementor-element-63391dd elementor-widget elementor-widget-image\" data-id=\"63391dd\" data-element_type=\"widget\" data-e-type=\"widget\" data-widget_type=\"image.default\">\n\t\t\t\t<div class=\"elementor-widget-container\">\n\t\t\t\t\t\t\t\t\t\t\t\t\t\t\t<img decoding=\"async\" width=\"800\" height=\"533\" src=\"https:\/\/gridinteriorsystem.com\/wp-content\/uploads\/GRID_Orgatec2022_0433-scaled-e1670420107620-1024x682.jpg\" class=\"attachment-large size-large wp-image-19252\" alt=\"\" srcset=\"https:\/\/gridinteriorsystem.com\/wp-content\/uploads\/GRID_Orgatec2022_0433-scaled-e1670420107620-1024x682.jpg 1024w, https:\/\/gridinteriorsystem.com\/wp-content\/uploads\/GRID_Orgatec2022_0433-scaled-e1670420107620-600x400.jpg 600w, https:\/\/gridinteriorsystem.com\/wp-content\/uploads\/GRID_Orgatec2022_0433-scaled-e1670420107620-300x200.jpg 300w, https:\/\/gridinteriorsystem.com\/wp-content\/uploads\/GRID_Orgatec2022_0433-scaled-e1670420107620-768x512.jpg 768w, https:\/\/gridinteriorsystem.com\/wp-content\/uploads\/GRID_Orgatec2022_0433-scaled-e1670420107620-1536x1024.jpg 1536w, https:\/\/gridinteriorsystem.com\/wp-content\/uploads\/GRID_Orgatec2022_0433-scaled-e1670420107620.jpg 2000w\" sizes=\"(max-width: 800px) 100vw, 800px\" \/>\t\t\t\t\t\t\t\t\t\t\t\t\t\t\t<\/div>\n\t\t\t\t<\/div>\n\t\t\t\t\t<\/div>\n\t\t<\/div>\n\t\t\t\t<div class=\"elementor-column elementor-col-50 elementor-inner-column elementor-element elementor-element-3b34831\" data-id=\"3b34831\" data-element_type=\"column\" data-e-type=\"column\">\n\t\t\t<div class=\"elementor-widget-wrap elementor-element-populated\">\n\t\t\t\t\t\t<div class=\"elementor-element elementor-element-1cd20ee elementor-widget elementor-widget-text-editor\" data-id=\"1cd20ee\" data-element_type=\"widget\" data-e-type=\"widget\" data-widget_type=\"text-editor.default\">\n\t\t\t\t<div class=\"elementor-widget-container\">\n\t\t\t\t\t\t\t\t\t<p><strong>Panneaux de mousse &#8211; ajouter une touche verte \u00e0 votre espace<\/strong><\/p>\n<p>Les panneaux de mousse s&rsquo;adaptent \u00e0 un module GRID et constituent un moyen pr\u00eat \u00e0 l&#8217;emploi d&rsquo;ajouter un mur v\u00e9g\u00e9tal, ou des parties de celui-ci, \u00e0 votre int\u00e9rieur GRID. La mousse est momifi\u00e9e et conserv\u00e9e avec des substances v\u00e9g\u00e9tales naturelles. Chaque panneau est un m\u00e9lange de mousse Turf et de mousse Cushion et chaque panneau est unique. Vous avez le choix entre un cadre et un dos noirs, gris ou blancs.   <\/p>\n\t\t\t\t\t\t\t\t<\/div>\n\t\t\t\t<\/div>\n\t\t\t\t\t<\/div>\n\t\t<\/div>\n\t\t\t\t\t<\/div>\n\t\t<\/section>\n\t\t\t\t\t<\/div>\n\t\t<\/div>\n\t\t\t\t\t<\/div>\n\t\t<\/section>\n\t\t\t\t<section class=\"elementor-section elementor-top-section elementor-element elementor-element-d0d042a elementor-section-boxed elementor-section-height-default elementor-section-height-default\" data-id=\"d0d042a\" data-element_type=\"section\" data-e-type=\"section\" data-settings=\"{&quot;jet_parallax_layout_list&quot;:[],&quot;_ha_eqh_enable&quot;:false}\">\n\t\t\t\t\t\t<div class=\"elementor-container elementor-column-gap-default\">\n\t\t\t\t\t<div class=\"elementor-column elementor-col-100 elementor-top-column elementor-element elementor-element-ca8c6fb\" data-id=\"ca8c6fb\" data-element_type=\"column\" data-e-type=\"column\">\n\t\t\t<div class=\"elementor-widget-wrap elementor-element-populated\">\n\t\t\t\t\t\t<section class=\"elementor-section elementor-inner-section elementor-element elementor-element-227dd82 elementor-section-boxed elementor-section-height-default elementor-section-height-default\" data-id=\"227dd82\" data-element_type=\"section\" data-e-type=\"section\" data-settings=\"{&quot;jet_parallax_layout_list&quot;:[],&quot;_ha_eqh_enable&quot;:false}\">\n\t\t\t\t\t\t<div class=\"elementor-container elementor-column-gap-default\">\n\t\t\t\t\t<div class=\"elementor-column elementor-col-50 elementor-inner-column elementor-element elementor-element-33b729e\" data-id=\"33b729e\" data-element_type=\"column\" data-e-type=\"column\">\n\t\t\t<div class=\"elementor-widget-wrap elementor-element-populated\">\n\t\t\t\t\t\t<div class=\"elementor-element elementor-element-24dcd81 elementor-widget elementor-widget-image\" data-id=\"24dcd81\" data-element_type=\"widget\" data-e-type=\"widget\" data-widget_type=\"image.default\">\n\t\t\t\t<div class=\"elementor-widget-container\">\n\t\t\t\t\t\t\t\t\t\t\t\t\t\t\t<img decoding=\"async\" width=\"800\" height=\"534\" src=\"https:\/\/gridinteriorsystem.com\/wp-content\/uploads\/GRID_support-beams_example_1-1024x683.jpg\" class=\"attachment-large size-large wp-image-19251\" alt=\"\" srcset=\"https:\/\/gridinteriorsystem.com\/wp-content\/uploads\/GRID_support-beams_example_1-1024x683.jpg 1024w, https:\/\/gridinteriorsystem.com\/wp-content\/uploads\/GRID_support-beams_example_1-600x400.jpg 600w, https:\/\/gridinteriorsystem.com\/wp-content\/uploads\/GRID_support-beams_example_1-300x200.jpg 300w, https:\/\/gridinteriorsystem.com\/wp-content\/uploads\/GRID_support-beams_example_1-768x512.jpg 768w, https:\/\/gridinteriorsystem.com\/wp-content\/uploads\/GRID_support-beams_example_1.jpg 1037w\" sizes=\"(max-width: 800px) 100vw, 800px\" \/>\t\t\t\t\t\t\t\t\t\t\t\t\t\t\t<\/div>\n\t\t\t\t<\/div>\n\t\t\t\t\t<\/div>\n\t\t<\/div>\n\t\t\t\t<div class=\"elementor-column elementor-col-50 elementor-inner-column elementor-element elementor-element-c5c46a2\" data-id=\"c5c46a2\" data-element_type=\"column\" data-e-type=\"column\">\n\t\t\t<div class=\"elementor-widget-wrap elementor-element-populated\">\n\t\t\t\t\t\t<div class=\"elementor-element elementor-element-8d1d19c elementor-widget elementor-widget-text-editor\" data-id=\"8d1d19c\" data-element_type=\"widget\" data-e-type=\"widget\" data-widget_type=\"text-editor.default\">\n\t\t\t\t<div class=\"elementor-widget-container\">\n\t\t\t\t\t\t\t\t\t<p><strong>Poutres de soutien &#8211; pour renforcer votre configuration<br \/><\/strong><\/p>\n<p><b> <\/b><\/p>\n<p>Les poutres de soutien peuvent \u00eatre utilis\u00e9es pour renforcer et consolider les configurations. Recommand\u00e9 pour les modules GRID en suspension libre et pour la construction d&rsquo;arcades. Les supports sont disponibles pour 3, 4 ou 5 modules GRID et peuvent \u00eatre mont\u00e9s \u00e0 l&rsquo;int\u00e9rieur ou sur le dessus des modules GRID. Un jeu de poutres de soutien se compose de deux poutres avec des boulons \u00e0 \u0153il. En cas de besoin, les poutres de soutien peuvent \u00eatre mont\u00e9es directement dans le plafond ou suspendues par des c\u00e2bles.    <\/p>\n\t\t\t\t\t\t\t\t<\/div>\n\t\t\t\t<\/div>\n\t\t\t\t\t<\/div>\n\t\t<\/div>\n\t\t\t\t\t<\/div>\n\t\t<\/section>\n\t\t\t\t\t<\/div>\n\t\t<\/div>\n\t\t\t\t\t<\/div>\n\t\t<\/section>\n\t\t\t\t<section class=\"elementor-section elementor-top-section elementor-element elementor-element-ce97b61 elementor-section-boxed elementor-section-height-default elementor-section-height-default\" data-id=\"ce97b61\" data-element_type=\"section\" data-e-type=\"section\" data-settings=\"{&quot;jet_parallax_layout_list&quot;:[],&quot;_ha_eqh_enable&quot;:false}\">\n\t\t\t\t\t\t<div class=\"elementor-container elementor-column-gap-default\">\n\t\t\t\t\t<div class=\"elementor-column elementor-col-100 elementor-top-column elementor-element elementor-element-8ec063b\" data-id=\"8ec063b\" data-element_type=\"column\" data-e-type=\"column\">\n\t\t\t<div class=\"elementor-widget-wrap elementor-element-populated\">\n\t\t\t\t\t\t<section class=\"elementor-section elementor-inner-section elementor-element elementor-element-d1e90db elementor-section-boxed elementor-section-height-default elementor-section-height-default\" data-id=\"d1e90db\" data-element_type=\"section\" data-e-type=\"section\" data-settings=\"{&quot;jet_parallax_layout_list&quot;:[],&quot;_ha_eqh_enable&quot;:false}\">\n\t\t\t\t\t\t<div class=\"elementor-container elementor-column-gap-default\">\n\t\t\t\t\t<div class=\"elementor-column elementor-col-50 elementor-inner-column elementor-element elementor-element-1d448ac\" data-id=\"1d448ac\" data-element_type=\"column\" data-e-type=\"column\">\n\t\t\t<div class=\"elementor-widget-wrap elementor-element-populated\">\n\t\t\t\t\t\t<div class=\"elementor-element elementor-element-30a5ec8 elementor-widget elementor-widget-image\" data-id=\"30a5ec8\" data-element_type=\"widget\" data-e-type=\"widget\" data-widget_type=\"image.default\">\n\t\t\t\t<div class=\"elementor-widget-container\">\n\t\t\t\t\t\t\t\t\t\t\t\t\t\t\t<img decoding=\"async\" width=\"800\" height=\"533\" src=\"https:\/\/gridinteriorsystem.com\/wp-content\/uploads\/GRID_Orgatec2022_0453-scaled-e1670420092813-1024x682.jpg\" class=\"attachment-large size-large wp-image-19253\" alt=\"\" srcset=\"https:\/\/gridinteriorsystem.com\/wp-content\/uploads\/GRID_Orgatec2022_0453-scaled-e1670420092813-1024x682.jpg 1024w, https:\/\/gridinteriorsystem.com\/wp-content\/uploads\/GRID_Orgatec2022_0453-scaled-e1670420092813-600x400.jpg 600w, https:\/\/gridinteriorsystem.com\/wp-content\/uploads\/GRID_Orgatec2022_0453-scaled-e1670420092813-300x200.jpg 300w, https:\/\/gridinteriorsystem.com\/wp-content\/uploads\/GRID_Orgatec2022_0453-scaled-e1670420092813-768x512.jpg 768w, https:\/\/gridinteriorsystem.com\/wp-content\/uploads\/GRID_Orgatec2022_0453-scaled-e1670420092813-1536x1024.jpg 1536w, https:\/\/gridinteriorsystem.com\/wp-content\/uploads\/GRID_Orgatec2022_0453-scaled-e1670420092813.jpg 2000w\" sizes=\"(max-width: 800px) 100vw, 800px\" \/>\t\t\t\t\t\t\t\t\t\t\t\t\t\t\t<\/div>\n\t\t\t\t<\/div>\n\t\t\t\t\t<\/div>\n\t\t<\/div>\n\t\t\t\t<div class=\"elementor-column elementor-col-50 elementor-inner-column elementor-element elementor-element-894627a\" data-id=\"894627a\" data-element_type=\"column\" data-e-type=\"column\">\n\t\t\t<div class=\"elementor-widget-wrap elementor-element-populated\">\n\t\t\t\t\t\t<div class=\"elementor-element elementor-element-123cd76 elementor-widget elementor-widget-text-editor\" data-id=\"123cd76\" data-element_type=\"widget\" data-e-type=\"widget\" data-widget_type=\"text-editor.default\">\n\t\t\t\t<div class=\"elementor-widget-container\">\n\t\t\t\t\t\t\t\t\t<p><strong>1\/2 GRID Modules &#8211; encore plus de possibilit\u00e9s<br \/><\/strong><\/p>\n<p><b> <\/b><\/p>\n<p>Les 1\/2 GRID Modules sont les blocs de construction redimensionn\u00e9s du syst\u00e8me, parfaits pour les espaces \u00e9troits, les niches, etc. Les niches peuvent \u00eatre utilis\u00e9es pour les \u00e9crans de t\u00e9l\u00e9vision, les graphiques, le feutre, le li\u00e8ge, les panneaux de tableau blanc, etc. Les modules l\u00e9gers sont produits en une seule pi\u00e8ce.   <\/p>\n<\/p>\n<p>Gr\u00e2ce aux trous de fixation visibles, vous pouvez facilement combiner deux, trois, des centaines ou des milliers de modules dans les trois dimensions. Vous pouvez \u00e9galement combiner des modules de taille r\u00e9duite avec les modules GRID originaux. Les modules assembl\u00e9s sont faciles \u00e0 reconfigurer et peuvent toujours \u00eatre d\u00e9mont\u00e9s et reconstruits selon de nouvelles modalit\u00e9s. Une s\u00e9lection de composants GRID est con\u00e7ue pour s&rsquo;adapter \u00e0 ces modules de taille r\u00e9duite. Ajoutez des demi-\u00e9tag\u00e8res\/c\u00f4t\u00e9s et des demi-panneaux sup\u00e9rieurs\/bases\/c\u00f4t\u00e9s pour cr\u00e9er la fonction et l&rsquo;aspect exacts souhait\u00e9s.    <\/p>\n\t\t\t\t\t\t\t\t<\/div>\n\t\t\t\t<\/div>\n\t\t\t\t\t<\/div>\n\t\t<\/div>\n\t\t\t\t\t<\/div>\n\t\t<\/section>\n\t\t\t\t\t<\/div>\n\t\t<\/div>\n\t\t\t\t\t<\/div>\n\t\t<\/section>\n\t\t\t\t<section class=\"elementor-section elementor-top-section elementor-element elementor-element-7a86c64 elementor-section-boxed elementor-section-height-default elementor-section-height-default\" data-id=\"7a86c64\" data-element_type=\"section\" data-e-type=\"section\" data-settings=\"{&quot;jet_parallax_layout_list&quot;:[],&quot;_ha_eqh_enable&quot;:false}\">\n\t\t\t\t\t\t<div class=\"elementor-container elementor-column-gap-default\">\n\t\t\t\t\t<div class=\"elementor-column elementor-col-100 elementor-top-column elementor-element elementor-element-219dc1f\" data-id=\"219dc1f\" data-element_type=\"column\" data-e-type=\"column\">\n\t\t\t<div class=\"elementor-widget-wrap elementor-element-populated\">\n\t\t\t\t\t\t<section class=\"elementor-section elementor-inner-section elementor-element elementor-element-c5c9bb1 elementor-section-boxed elementor-section-height-default elementor-section-height-default\" data-id=\"c5c9bb1\" data-element_type=\"section\" data-e-type=\"section\" data-settings=\"{&quot;jet_parallax_layout_list&quot;:[],&quot;_ha_eqh_enable&quot;:false}\">\n\t\t\t\t\t\t<div class=\"elementor-container elementor-column-gap-default\">\n\t\t\t\t\t<div class=\"elementor-column elementor-col-50 elementor-inner-column elementor-element elementor-element-f641cb6\" data-id=\"f641cb6\" data-element_type=\"column\" data-e-type=\"column\">\n\t\t\t<div class=\"elementor-widget-wrap elementor-element-populated\">\n\t\t\t\t\t\t<div class=\"elementor-element elementor-element-e1be072 elementor-widget elementor-widget-heading\" data-id=\"e1be072\" data-element_type=\"widget\" data-e-type=\"widget\" data-widget_type=\"heading.default\">\n\t\t\t\t<div class=\"elementor-widget-container\">\n\t\t\t\t\t<h2 class=\"elementor-heading-title elementor-size-default\"><br>Tout ce qu'il faut savoir sur les nouveaux produits<br><br><\/h2>\t\t\t\t<\/div>\n\t\t\t\t<\/div>\n\t\t\t\t<div class=\"elementor-element elementor-element-3da490f elementor-widget elementor-widget-text-editor\" data-id=\"3da490f\" data-element_type=\"widget\" data-e-type=\"widget\" data-widget_type=\"text-editor.default\">\n\t\t\t\t<div class=\"elementor-widget-container\">\n\t\t\t\t\t\t\t\t\t<p><strong><a href=\"https:\/\/gridinteriorsystem.com\/wp-content\/uploads\/GRID-PRODUCT-GUIDE-JANUARY-2023.pdf\" target=\"_blank\" rel=\"noopener\">T\u00e9l\u00e9charger notre guide des produits<\/a><br \/><\/strong><\/p>\n<p><b> <\/b><\/p>\n<p>D\u00e9couvrez tous les d\u00e9tails de la<\/p>\n<ul>\n<li>Panneaux de mousse<\/li>\n<li>Poutres de soutien<\/li>\n<li>1\/2 GRID Module<\/li>\n<li>Demi-\u00e9tag\u00e8res\/c\u00f4t\u00e9s<\/li>\n<li>Demi-panneaux sup\u00e9rieurs\/base\/c\u00f4t\u00e9<\/li>\n<li>&#8230;et bien d&rsquo;autres articles de notre gamme GRID.<\/li>\n<\/ul>\n\t\t\t\t\t\t\t\t<\/div>\n\t\t\t\t<\/div>\n\t\t\t\t\t<\/div>\n\t\t<\/div>\n\t\t\t\t<div class=\"elementor-column elementor-col-50 elementor-inner-column elementor-element elementor-element-b56ec2a\" data-id=\"b56ec2a\" data-element_type=\"column\" data-e-type=\"column\">\n\t\t\t<div class=\"elementor-widget-wrap elementor-element-populated\">\n\t\t\t\t\t\t<div class=\"elementor-element elementor-element-fee2996 elementor-widget elementor-widget-image\" data-id=\"fee2996\" data-element_type=\"widget\" data-e-type=\"widget\" data-widget_type=\"image.default\">\n\t\t\t\t<div class=\"elementor-widget-container\">\n\t\t\t\t\t\t\t\t\t\t\t\t\t\t\t\t<a href=\"https:\/\/gridinteriorsystem.com\/wp-content\/uploads\/GRID-PRODUCT-GUIDE-JANUARY-2023.pdf\" target=\"_blank\">\n\t\t\t\t\t\t\t<img decoding=\"async\" width=\"457\" height=\"643\" src=\"https:\/\/gridinteriorsystem.com\/wp-content\/uploads\/Product-guide-2023-front-page.png\" class=\"attachment-large size-large wp-image-19254\" alt=\"\" srcset=\"https:\/\/gridinteriorsystem.com\/wp-content\/uploads\/Product-guide-2023-front-page.png 457w, https:\/\/gridinteriorsystem.com\/wp-content\/uploads\/Product-guide-2023-front-page-213x300.png 213w\" sizes=\"(max-width: 457px) 100vw, 457px\" \/>\t\t\t\t\t\t\t\t<\/a>\n\t\t\t\t\t\t\t\t\t\t\t\t\t\t\t<\/div>\n\t\t\t\t<\/div>\n\t\t\t\t\t<\/div>\n\t\t<\/div>\n\t\t\t\t\t<\/div>\n\t\t<\/section>\n\t\t\t\t\t<\/div>\n\t\t<\/div>\n\t\t\t\t\t<\/div>\n\t\t<\/section>\n\t\t\t\t<\/div>\n\t\t","protected":false},"excerpt":{"rendered":"<p>Avec les nouveaux produits, la famille GRID s&rsquo;agrandit et s&rsquo;am\u00e9liore encore. Cr\u00e9er de nouvelles possibilit\u00e9s. Lors du salon Orgatec 2022, qui s&rsquo;est tenu du 25 au 29 octobre \u00e0 la Messehalle Koeln, \u00e0 Cologne, GRID a lanc\u00e9 de nouvelles extensions de sa gamme, ce qui a permis d&rsquo;\u00e9largir et d&rsquo;am\u00e9liorer la famille de produits GRID. [&hellip;]<\/p>\n","protected":false},"author":6,"featured_media":19170,"parent":19758,"menu_order":0,"comment_status":"closed","ping_status":"closed","template":"","meta":{"inline_featured_image":false,"footnotes":""},"class_list":["post-19243","page","type-page","status-publish","has-post-thumbnail","hentry"],"_links":{"self":[{"href":"https:\/\/gridinteriorsystem.com\/fr\/wp-json\/wp\/v2\/pages\/19243","targetHints":{"allow":["GET"]}}],"collection":[{"href":"https:\/\/gridinteriorsystem.com\/fr\/wp-json\/wp\/v2\/pages"}],"about":[{"href":"https:\/\/gridinteriorsystem.com\/fr\/wp-json\/wp\/v2\/types\/page"}],"author":[{"embeddable":true,"href":"https:\/\/gridinteriorsystem.com\/fr\/wp-json\/wp\/v2\/users\/6"}],"replies":[{"embeddable":true,"href":"https:\/\/gridinteriorsystem.com\/fr\/wp-json\/wp\/v2\/comments?post=19243"}],"version-history":[{"count":3,"href":"https:\/\/gridinteriorsystem.com\/fr\/wp-json\/wp\/v2\/pages\/19243\/revisions"}],"predecessor-version":[{"id":19257,"href":"https:\/\/gridinteriorsystem.com\/fr\/wp-json\/wp\/v2\/pages\/19243\/revisions\/19257"}],"up":[{"embeddable":true,"href":"https:\/\/gridinteriorsystem.com\/fr\/wp-json\/wp\/v2\/pages\/19758"}],"wp:featuredmedia":[{"embeddable":true,"href":"https:\/\/gridinteriorsystem.com\/fr\/wp-json\/wp\/v2\/media\/19170"}],"wp:attachment":[{"href":"https:\/\/gridinteriorsystem.com\/fr\/wp-json\/wp\/v2\/media?parent=19243"}],"curies":[{"name":"wp","href":"https:\/\/api.w.org\/{rel}","templated":true}]}}