{"id":19610,"date":"2021-12-14T09:11:28","date_gmt":"2021-12-14T09:11:28","guid":{"rendered":"https:\/\/gridinteriorsystem.com\/a-propos\/politique-de-confidentialite\/"},"modified":"2025-02-11T12:04:12","modified_gmt":"2025-02-11T12:04:12","slug":"politique-de-confidentialite","status":"publish","type":"page","link":"https:\/\/gridinteriorsystem.com\/fr\/concu-et-produit-au-danemark\/politique-de-confidentialite\/","title":{"rendered":"Politique de confidentialit\u00e9"},"content":{"rendered":"\t\t<div data-elementor-type=\"wp-page\" data-elementor-id=\"19610\" class=\"elementor elementor-19610 elementor-404\" data-elementor-settings=\"{&quot;ha_cmc_init_switcher&quot;:&quot;no&quot;}\" data-elementor-post-type=\"page\">\n\t\t\t\t\t\t<section class=\"elementor-section elementor-top-section elementor-element elementor-element-ae14ad0 elementor-section-boxed elementor-section-height-default elementor-section-height-default\" data-id=\"ae14ad0\" data-element_type=\"section\" data-e-type=\"section\" data-settings=\"{&quot;jet_parallax_layout_list&quot;:[],&quot;_ha_eqh_enable&quot;:false}\">\n\t\t\t\t\t\t<div class=\"elementor-container elementor-column-gap-default\">\n\t\t\t\t\t<div class=\"elementor-column elementor-col-50 elementor-top-column elementor-element elementor-element-d4fbcc2\" data-id=\"d4fbcc2\" data-element_type=\"column\" data-e-type=\"column\">\n\t\t\t<div class=\"elementor-widget-wrap elementor-element-populated\">\n\t\t\t\t\t\t<div class=\"elementor-element elementor-element-0a37d72 elementor-widget elementor-widget-heading\" data-id=\"0a37d72\" data-element_type=\"widget\" data-e-type=\"widget\" data-widget_type=\"heading.default\">\n\t\t\t\t<div class=\"elementor-widget-container\">\n\t\t\t\t\t<h2 class=\"elementor-heading-title elementor-size-default\">Nous accordons une grande importance \u00e0 la protection de votre vie priv\u00e9e.<\/h2>\t\t\t\t<\/div>\n\t\t\t\t<\/div>\n\t\t\t\t\t<\/div>\n\t\t<\/div>\n\t\t\t\t<div class=\"elementor-column elementor-col-50 elementor-top-column elementor-element elementor-element-c73d279\" data-id=\"c73d279\" data-element_type=\"column\" data-e-type=\"column\">\n\t\t\t<div class=\"elementor-widget-wrap elementor-element-populated\">\n\t\t\t\t\t\t<div class=\"elementor-element elementor-element-bc66c92 elementor-widget elementor-widget-spacer\" data-id=\"bc66c92\" data-element_type=\"widget\" data-e-type=\"widget\" data-widget_type=\"spacer.default\">\n\t\t\t\t<div class=\"elementor-widget-container\">\n\t\t\t\t\t\t\t<div class=\"elementor-spacer\">\n\t\t\t<div class=\"elementor-spacer-inner\"><\/div>\n\t\t<\/div>\n\t\t\t\t\t\t<\/div>\n\t\t\t\t<\/div>\n\t\t\t\t\t<\/div>\n\t\t<\/div>\n\t\t\t\t\t<\/div>\n\t\t<\/section>\n\t\t\t\t<section class=\"elementor-section elementor-top-section elementor-element elementor-element-5308e03 elementor-section-boxed elementor-section-height-default elementor-section-height-default\" data-id=\"5308e03\" data-element_type=\"section\" data-e-type=\"section\" data-settings=\"{&quot;jet_parallax_layout_list&quot;:[],&quot;_ha_eqh_enable&quot;:false}\">\n\t\t\t\t\t\t<div class=\"elementor-container elementor-column-gap-default\">\n\t\t\t\t\t<div class=\"elementor-column elementor-col-100 elementor-top-column elementor-element elementor-element-dbcec38\" data-id=\"dbcec38\" data-element_type=\"column\" data-e-type=\"column\">\n\t\t\t<div class=\"elementor-widget-wrap elementor-element-populated\">\n\t\t\t\t\t\t<div class=\"elementor-element elementor-element-8d7ce12 elementor-widget elementor-widget-spacer\" data-id=\"8d7ce12\" data-element_type=\"widget\" data-e-type=\"widget\" data-widget_type=\"spacer.default\">\n\t\t\t\t<div class=\"elementor-widget-container\">\n\t\t\t\t\t\t\t<div class=\"elementor-spacer\">\n\t\t\t<div class=\"elementor-spacer-inner\"><\/div>\n\t\t<\/div>\n\t\t\t\t\t\t<\/div>\n\t\t\t\t<\/div>\n\t\t\t\t<div class=\"elementor-element elementor-element-a947d8d elementor-invisible elementor-widget elementor-widget-text-editor\" data-id=\"a947d8d\" data-element_type=\"widget\" data-e-type=\"widget\" data-settings=\"{&quot;motion_fx_motion_fx_mouse&quot;:&quot;yes&quot;,&quot;_animation&quot;:&quot;fadeIn&quot;}\" data-widget_type=\"text-editor.default\">\n\t\t\t\t<div class=\"elementor-widget-container\">\n\t\t\t\t\t\t\t\t\t<p>Chez GRID System ApS, nous sommes conscients de la n\u00e9cessit\u00e9 de prot\u00e9ger les donn\u00e9es personnelles et de les traiter de mani\u00e8re responsable.<\/p>\n<p>C&rsquo;est pourquoi nous travaillons sur la base des principes suivants :<\/p>\n<ul>\n<li>Aucune divulgation de donn\u00e9es personnelles \u00e0 des tiers.<\/li>\n<li>Pas de r\u00e9cup\u00e9ration de donn\u00e9es personnelles aupr\u00e8s de tiers.<\/li>\n<li>Elle est facultative si vous souhaitez vous inscrire \u00e0 notre lettre d&rsquo;information ; et vous pouvez \u00e0 tout moment vous d\u00e9sinscrire.<\/li>\n<li>Conform\u00e9ment au r\u00e8glement sur les donn\u00e9es personnelles, vous pouvez toujours \u00eatre inform\u00e9 des donn\u00e9es que nous avons enregistr\u00e9es sur vous, si vous nous contactez.<\/li>\n<\/ul>\n<p>Vous trouverez ci-dessous plus d&rsquo;informations sur la mani\u00e8re dont nous collectons, prot\u00e9geons et utilisons vos donn\u00e9es personnelles.<\/p>\n<p><strong>Cookies<\/strong><br \/>Nous n&rsquo;utilisons pas de cookies \u00e0 caract\u00e8re personnel. Cela signifie que nous ne stockons pas de donn\u00e9es personnelles, mais uniquement des donn\u00e9es qui vous permettent de vous connecter et qui m\u00e9morisent et suivent le comportement de l&rsquo;utilisateur. <\/p>\n<p><strong>Leadinfo<\/strong><br \/>Nous utilisons le service de g\u00e9n\u00e9ration de leads fourni par Leadinfo B.V., Rotterdam, Pays-Bas, qui reconna\u00eet les visites des entreprises sur notre site web sur la base des adresses IP et nous montre des informations connexes accessibles au public, telles que les noms ou les adresses des entreprises. En outre, Leadinfo place deux cookies de premi\u00e8re partie pour assurer la transparence sur la mani\u00e8re dont nos visiteurs utilisent notre site web et l&rsquo;outil traite les domaines des entr\u00e9es de formulaire fournies (par exemple \u00ab leadinfo.com \u00bb) pour corr\u00e9ler les adresses IP avec les entreprises et pour am\u00e9liorer ses services. Pour de plus amples informations, veuillez consulter le site <a href=\"http:\/\/www.leadinfo.com\/\" target=\"_blank\" rel=\"nofollow noopener noreferrer\">www.leadinfo.com. <\/a>Sur cette page :<a href=\"http:\/\/www.leadinfo.com\/en\/opt-out\" target=\"_blank\" rel=\"nofollow noopener noreferrer\"> www.leadinfo.com\/en\/opt-out<\/a>, vous disposez d&rsquo;une option de refus. En cas de refus, vos donn\u00e9es ne seront plus utilis\u00e9es par Leadinfo.    <\/p>\n<p><strong>Journal et statistiques<\/strong><br \/>Sur le site <a href=\"https:\/\/gridinteriorsystem.com\/about\/privacy-policy\/www.gridinteriorsystem.com\">www.gridinteriorsystem.com<\/a>, nous utilisons des statistiques de journal. Cela signifie qu&rsquo;un syst\u00e8me statistique collecte des donn\u00e9es qui peuvent fournir une image statistique du nombre de visiteurs de notre site web, de leur provenance, de la partie du site d&rsquo;o\u00f9 ils viennent, etc. Sur le site <a href=\"https:\/\/gridinteriorsystem.com\/about\/privacy-policy\/www.gridinteriorsystem.com\">www.gridinteriorsystem.com<\/a>, nous utilisons les statistiques du journal dans le but d&rsquo;optimiser notre site web et ses fonctionnalit\u00e9s. Les statistiques des journaux sont utilis\u00e9es, entre autres, pour am\u00e9liorer la convivialit\u00e9 et le marketing cibl\u00e9.   <\/p>\n<p><strong> <\/strong><\/p>\n<p><strong>Bulletin d&rsquo;information<\/strong><br \/>Si vous choisissez de vous inscrire \u00e0 notre lettre d&rsquo;information et \u00e0 des informations similaires, nous enregistrerons votre nom, votre adresse \u00e9lectronique et le pays et la langue dans lesquels vous vous \u00eates inscrit afin de vous communiquer les informations demand\u00e9es par courrier \u00e9lectronique. Vous pouvez vous d\u00e9sabonner de ce service \u00e0 tout moment gr\u00e2ce \u00e0 un lien situ\u00e9 en haut et en bas de la lettre d&rsquo;information. Si vous avez des questions concernant le traitement de vos donn\u00e9es personnelles, n&rsquo;h\u00e9sitez pas \u00e0 nous envoyer un courriel \u00e0 <a href=\"\">grid@gridsystem.dk.<\/a>  <\/p>\n<p><strong> <\/strong><\/p>\n<p><strong>Vos droits en vertu de la loi sur la protection des donn\u00e9es<\/strong><br \/>En ce qui concerne le traitement de vos donn\u00e9es personnelles, vous disposez des droits suivants :<\/p>\n<ul>\n<li>Le droit de recevoir des informations sur le traitement de vos donn\u00e9es personnelles<\/li>\n<li>Le droit d&rsquo;acc\u00e8s \u00e0 vos donn\u00e9es personnelles<\/li>\n<li>Le droit de faire corriger vos donn\u00e9es personnelles incorrectes<\/li>\n<li>Le droit \u00e0 l&rsquo;effacement des donn\u00e9es personnelles<\/li>\n<li>Le droit de s&rsquo;opposer \u00e0 l&rsquo;utilisation de donn\u00e9es personnelles \u00e0 des fins de marketing direct<\/li>\n<li>Le droit de s&rsquo;opposer \u00e0 des d\u00e9cisions individuelles automatiques, y compris le profilage<\/li>\n<li>Le droit de transf\u00e9rer vos donn\u00e9es personnelles (portabilit\u00e9 des donn\u00e9es)<\/li>\n<\/ul>\n<p>Tous les droits susmentionn\u00e9s sont g\u00e9r\u00e9s manuellement en nous contactant. N&rsquo;oubliez pas de nous fournir votre nom complet et votre adresse \u00e9lectronique si vous nous contactez. Vous pouvez nous contacter \u00e0 l&rsquo;adresse suivante :<a href=\"\"> grid@gridsystem.dk.<\/a>  <\/p>\n<p>Nous pouvons rejeter les demandes qui sont d\u00e9raisonnablement r\u00e9p\u00e9titives, qui n\u00e9cessitent une intervention technique disproportionn\u00e9e (par exemple, pour d\u00e9velopper un nouveau syst\u00e8me ou modifier consid\u00e9rablement une pratique existante), qui affectent la protection des donn\u00e9es \u00e0 caract\u00e8re personnel d&rsquo;autres personnes ou qui sont extr\u00eamement difficiles \u00e0 mettre en \u0153uvre.<\/p>\n<p>Si nous pouvons corriger l&rsquo;information, nous le ferons bien s\u00fbr sans frais, \u00e0 moins que cela ne n\u00e9cessite un effort disproportionn\u00e9. Nous nous effor\u00e7ons de maintenir nos services de mani\u00e8re \u00e0 prot\u00e9ger les donn\u00e9es contre une destruction erron\u00e9e ou pr\u00e9judiciable. Par cons\u00e9quent, lorsque nous supprimons vos donn\u00e9es personnelles de nos services, il ne nous est pas toujours possible de supprimer imm\u00e9diatement les copies correspondantes de nos serveurs d&rsquo;archives, et il n&rsquo;est pas certain que les donn\u00e9es soient supprim\u00e9es de nos syst\u00e8mes de sauvegarde avant l&rsquo;expiration du d\u00e9lai de conservation.  <\/p>\n<p>Vous avez le droit de faire appel \u00e0 l&rsquo;Inspection des donn\u00e9es \u00e0 tout moment, par lettre \u00e0 l&rsquo;Inspection des donn\u00e9es, Borgergade 28, 5\u00e8me \u00e9tage, 1300 Copenhague K ou via le site web de l&rsquo;Inspection des donn\u00e9es (<a href=\"https:\/\/www.datatilsynet.dk\/borger\/klage.til-datatilsynet\/\" target=\"_blank\" rel=\"noopener\">https:\/\/www.datatilsynet.dk\/borger\/klage.til-datatilsynet\/<\/a>).<\/p>\n<p><strong> <\/strong><\/p>\n<p><strong>Conformit\u00e9 et coop\u00e9ration avec les autorit\u00e9s d&rsquo;inspection<\/strong><br \/>Nous v\u00e9rifions r\u00e9guli\u00e8rement notre propre conformit\u00e9 \u00e0 notre politique de protection de la vie priv\u00e9e. Nous nous conformons \u00e9galement \u00e0 diff\u00e9rentes politiques d&rsquo;autor\u00e9gulation en mati\u00e8re de s\u00e9curit\u00e9. Si nous recevons des plaintes \u00e9crites formelles, nous contactons l&rsquo;exp\u00e9diteur pour y donner suite. Nous coop\u00e9rons avec les autorit\u00e9s r\u00e9glementaires comp\u00e9tentes, par exemple l&rsquo;Inspection des donn\u00e9es, pour r\u00e9soudre les plaintes concernant le transfert de donn\u00e9es \u00e0 caract\u00e8re personnel que nous ne pouvons pas r\u00e9soudre directement avec nos utilisateurs.   <\/p>\n<p><strong> <\/strong><\/p>\n<p><strong>Changements<\/strong><br \/>Notre politique de confidentialit\u00e9 peut \u00eatre modifi\u00e9e de temps \u00e0 autre. Toute modification de cette politique sera indiqu\u00e9e sur cette page et, si des changements importants surviennent, nous les signalerons de mani\u00e8re plus visible (pour certains services, nous vous informerons, entre autres, des changements par courrier \u00e9lectronique). <\/p>\n\t\t\t\t\t\t\t\t<\/div>\n\t\t\t\t<\/div>\n\t\t\t\t\t<\/div>\n\t\t<\/div>\n\t\t\t\t\t<\/div>\n\t\t<\/section>\n\t\t\t\t<\/div>\n\t\t","protected":false},"excerpt":{"rendered":"<p>Nous accordons une grande importance \u00e0 la protection de votre vie priv\u00e9e. Chez GRID System ApS, nous sommes conscients de la n\u00e9cessit\u00e9 de prot\u00e9ger les donn\u00e9es personnelles et de les traiter de mani\u00e8re responsable. C&rsquo;est pourquoi nous travaillons sur la base des principes suivants : Aucune divulgation de donn\u00e9es personnelles \u00e0 des tiers. Pas de [&hellip;]<\/p>\n","protected":false},"author":11,"featured_media":0,"parent":19608,"menu_order":60,"comment_status":"closed","ping_status":"closed","template":"","meta":{"inline_featured_image":false,"footnotes":""},"class_list":["post-19610","page","type-page","status-publish","hentry"],"_links":{"self":[{"href":"https:\/\/gridinteriorsystem.com\/fr\/wp-json\/wp\/v2\/pages\/19610","targetHints":{"allow":["GET"]}}],"collection":[{"href":"https:\/\/gridinteriorsystem.com\/fr\/wp-json\/wp\/v2\/pages"}],"about":[{"href":"https:\/\/gridinteriorsystem.com\/fr\/wp-json\/wp\/v2\/types\/page"}],"author":[{"embeddable":true,"href":"https:\/\/gridinteriorsystem.com\/fr\/wp-json\/wp\/v2\/users\/11"}],"replies":[{"embeddable":true,"href":"https:\/\/gridinteriorsystem.com\/fr\/wp-json\/wp\/v2\/comments?post=19610"}],"version-history":[{"count":1,"href":"https:\/\/gridinteriorsystem.com\/fr\/wp-json\/wp\/v2\/pages\/19610\/revisions"}],"predecessor-version":[{"id":19611,"href":"https:\/\/gridinteriorsystem.com\/fr\/wp-json\/wp\/v2\/pages\/19610\/revisions\/19611"}],"up":[{"embeddable":true,"href":"https:\/\/gridinteriorsystem.com\/fr\/wp-json\/wp\/v2\/pages\/19608"}],"wp:attachment":[{"href":"https:\/\/gridinteriorsystem.com\/fr\/wp-json\/wp\/v2\/media?parent=19610"}],"curies":[{"name":"wp","href":"https:\/\/api.w.org\/{rel}","templated":true}]}}