{"id":19750,"date":"2021-12-14T09:10:37","date_gmt":"2021-12-14T09:10:37","guid":{"rendered":"https:\/\/gridinteriorsystem.com\/contact\/inscription-au-bulletin-dinformation\/"},"modified":"2025-04-11T14:43:27","modified_gmt":"2025-04-11T14:43:27","slug":"inscription-au-bulletin-dinformation","status":"publish","type":"page","link":"https:\/\/gridinteriorsystem.com\/fr\/contact\/inscription-au-bulletin-dinformation\/","title":{"rendered":"Inscription au bulletin d&rsquo;information"},"content":{"rendered":"\t\t<div data-elementor-type=\"wp-page\" data-elementor-id=\"19750\" class=\"elementor elementor-19750 elementor-402\" data-elementor-settings=\"{&quot;ha_cmc_init_switcher&quot;:&quot;no&quot;}\" data-elementor-post-type=\"page\">\n\t\t\t\t\t\t<section class=\"elementor-section elementor-top-section elementor-element elementor-element-9ad6a77 elementor-section-boxed elementor-section-height-default elementor-section-height-default\" data-id=\"9ad6a77\" data-element_type=\"section\" data-e-type=\"section\" data-settings=\"{&quot;jet_parallax_layout_list&quot;:[],&quot;_ha_eqh_enable&quot;:false}\">\n\t\t\t\t\t\t<div class=\"elementor-container elementor-column-gap-default\">\n\t\t\t\t\t<div class=\"elementor-column elementor-col-100 elementor-top-column elementor-element elementor-element-bf8b707\" data-id=\"bf8b707\" data-element_type=\"column\" data-e-type=\"column\">\n\t\t\t<div class=\"elementor-widget-wrap elementor-element-populated\">\n\t\t\t\t\t\t<div class=\"elementor-element elementor-element-9aca25f elementor-widget elementor-widget-spacer\" data-id=\"9aca25f\" data-element_type=\"widget\" data-e-type=\"widget\" data-widget_type=\"spacer.default\">\n\t\t\t\t<div class=\"elementor-widget-container\">\n\t\t\t\t\t\t\t<div class=\"elementor-spacer\">\n\t\t\t<div class=\"elementor-spacer-inner\"><\/div>\n\t\t<\/div>\n\t\t\t\t\t\t<\/div>\n\t\t\t\t<\/div>\n\t\t\t\t\t<\/div>\n\t\t<\/div>\n\t\t\t\t\t<\/div>\n\t\t<\/section>\n\t\t\t\t<section class=\"elementor-section elementor-top-section elementor-element elementor-element-f46541e elementor-section-boxed elementor-section-height-default elementor-section-height-default\" data-id=\"f46541e\" data-element_type=\"section\" data-e-type=\"section\" data-settings=\"{&quot;jet_parallax_layout_list&quot;:[],&quot;_ha_eqh_enable&quot;:false}\">\n\t\t\t\t\t\t<div class=\"elementor-container elementor-column-gap-default\">\n\t\t\t\t\t<div class=\"elementor-column elementor-col-100 elementor-top-column elementor-element elementor-element-d112dd7\" data-id=\"d112dd7\" data-element_type=\"column\" data-e-type=\"column\">\n\t\t\t<div class=\"elementor-widget-wrap elementor-element-populated\">\n\t\t\t\t\t\t<div class=\"elementor-element elementor-element-ea503e3 elementor-widget elementor-widget-heading\" data-id=\"ea503e3\" data-element_type=\"widget\" data-e-type=\"widget\" data-widget_type=\"heading.default\">\n\t\t\t\t<div class=\"elementor-widget-container\">\n\t\t\t\t\t<h2 class=\"elementor-heading-title elementor-size-default\">Restez \u00e0 l'\u00e9coute de notre syst\u00e8me d'int\u00e9rieur modulaire GRID<\/h2>\t\t\t\t<\/div>\n\t\t\t\t<\/div>\n\t\t\t\t\t<\/div>\n\t\t<\/div>\n\t\t\t\t\t<\/div>\n\t\t<\/section>\n\t\t\t\t<section class=\"elementor-section elementor-top-section elementor-element elementor-element-701645b elementor-section-boxed elementor-section-height-default elementor-section-height-default\" data-id=\"701645b\" data-element_type=\"section\" data-e-type=\"section\" data-settings=\"{&quot;jet_parallax_layout_list&quot;:[],&quot;_ha_eqh_enable&quot;:false}\">\n\t\t\t\t\t\t<div class=\"elementor-container elementor-column-gap-default\">\n\t\t\t\t\t<div class=\"elementor-column elementor-col-100 elementor-top-column elementor-element elementor-element-da8a299\" data-id=\"da8a299\" data-element_type=\"column\" data-e-type=\"column\">\n\t\t\t<div class=\"elementor-widget-wrap elementor-element-populated\">\n\t\t\t\t\t\t<div class=\"elementor-element elementor-element-8fd0df6 elementor-widget elementor-widget-text-editor\" data-id=\"8fd0df6\" data-element_type=\"widget\" data-e-type=\"widget\" data-widget_type=\"text-editor.default\">\n\t\t\t\t<div class=\"elementor-widget-container\">\n\t\t\t\t\t\t\t\t\t<p>Assurez-vous de rester au courant des nouvelles, des lancements de produits et des invitations de GRID. En soumettant votre demande, vous acceptez de recevoir nos e-mails et il vous sera demand\u00e9 de confirmer votre adresse e-mail. <\/p>\n<\/p>\n<p>Saisissez votre adresse \u00e9lectronique dans la case \u00ab Soyez le premier \u00e0 \u00eatre inform\u00e9 \u00bb ci-dessous, merci.<\/p>\n<p>Et ne vous inqui\u00e9tez pas, nous ne vous enverrons pas de spam &#8230;<\/p>\n\t\t\t\t\t\t\t\t<\/div>\n\t\t\t\t<\/div>\n\t\t\t\t\t<\/div>\n\t\t<\/div>\n\t\t\t\t\t<\/div>\n\t\t<\/section>\n\t\t\t\t<\/div>\n\t\t","protected":false},"excerpt":{"rendered":"<p>Restez \u00e0 l&rsquo;\u00e9coute de notre syst\u00e8me d&rsquo;int\u00e9rieur modulaire GRID Assurez-vous de rester au courant des nouvelles, des lancements de produits et des invitations de GRID. En soumettant votre demande, vous acceptez de recevoir nos e-mails et il vous sera demand\u00e9 de confirmer votre adresse e-mail. Saisissez votre adresse \u00e9lectronique dans la case \u00ab Soyez le [&hellip;]<\/p>\n","protected":false},"author":11,"featured_media":0,"parent":19746,"menu_order":50,"comment_status":"closed","ping_status":"closed","template":"","meta":{"inline_featured_image":false,"footnotes":""},"class_list":["post-19750","page","type-page","status-publish","hentry"],"_links":{"self":[{"href":"https:\/\/gridinteriorsystem.com\/fr\/wp-json\/wp\/v2\/pages\/19750","targetHints":{"allow":["GET"]}}],"collection":[{"href":"https:\/\/gridinteriorsystem.com\/fr\/wp-json\/wp\/v2\/pages"}],"about":[{"href":"https:\/\/gridinteriorsystem.com\/fr\/wp-json\/wp\/v2\/types\/page"}],"author":[{"embeddable":true,"href":"https:\/\/gridinteriorsystem.com\/fr\/wp-json\/wp\/v2\/users\/11"}],"replies":[{"embeddable":true,"href":"https:\/\/gridinteriorsystem.com\/fr\/wp-json\/wp\/v2\/comments?post=19750"}],"version-history":[{"count":1,"href":"https:\/\/gridinteriorsystem.com\/fr\/wp-json\/wp\/v2\/pages\/19750\/revisions"}],"predecessor-version":[{"id":19751,"href":"https:\/\/gridinteriorsystem.com\/fr\/wp-json\/wp\/v2\/pages\/19750\/revisions\/19751"}],"up":[{"embeddable":true,"href":"https:\/\/gridinteriorsystem.com\/fr\/wp-json\/wp\/v2\/pages\/19746"}],"wp:attachment":[{"href":"https:\/\/gridinteriorsystem.com\/fr\/wp-json\/wp\/v2\/media?parent=19750"}],"curies":[{"name":"wp","href":"https:\/\/api.w.org\/{rel}","templated":true}]}}