{"id":30285,"date":"2025-11-24T13:46:12","date_gmt":"2025-11-24T13:46:12","guid":{"rendered":"https:\/\/gridinteriorsystem.com\/merci-pour-votre-demande\/"},"modified":"2025-11-24T14:09:09","modified_gmt":"2025-11-24T14:09:09","slug":"merci-pour-votre-demande","status":"publish","type":"page","link":"https:\/\/gridinteriorsystem.com\/fr\/merci-pour-votre-demande\/","title":{"rendered":"Merci pour votre demande."},"content":{"rendered":"\t\t<div data-elementor-type=\"wp-page\" data-elementor-id=\"30285\" class=\"elementor elementor-30285 elementor-30273\" data-elementor-settings=\"{&quot;ha_cmc_init_switcher&quot;:&quot;no&quot;}\" data-elementor-post-type=\"page\">\n\t\t\t\t<div class=\"elementor-element elementor-element-4c85401 e-flex e-con-boxed e-con e-parent\" data-id=\"4c85401\" data-element_type=\"container\" data-e-type=\"container\" data-settings=\"{&quot;jet_parallax_layout_list&quot;:[],&quot;_ha_eqh_enable&quot;:false}\">\n\t\t\t\t\t<div class=\"e-con-inner\">\n\t\t\t\t<div class=\"elementor-element elementor-element-a397c7e elementor-widget elementor-widget-spacer\" data-id=\"a397c7e\" data-element_type=\"widget\" data-e-type=\"widget\" data-widget_type=\"spacer.default\">\n\t\t\t\t<div class=\"elementor-widget-container\">\n\t\t\t\t\t\t\t<div class=\"elementor-spacer\">\n\t\t\t<div class=\"elementor-spacer-inner\"><\/div>\n\t\t<\/div>\n\t\t\t\t\t\t<\/div>\n\t\t\t\t<\/div>\n\t\t\t\t<div class=\"elementor-element elementor-element-7772493 elementor-widget elementor-widget-heading\" data-id=\"7772493\" data-element_type=\"widget\" data-e-type=\"widget\" data-widget_type=\"heading.default\">\n\t\t\t\t<div class=\"elementor-widget-container\">\n\t\t\t\t\t<h2 class=\"elementor-heading-title elementor-size-default\">Vous recevrez bient\u00f4t un devis !<\/h2>\t\t\t\t<\/div>\n\t\t\t\t<\/div>\n\t\t\t\t<div class=\"elementor-element elementor-element-96951d6 elementor-widget elementor-widget-spacer\" data-id=\"96951d6\" data-element_type=\"widget\" data-e-type=\"widget\" data-widget_type=\"spacer.default\">\n\t\t\t\t<div class=\"elementor-widget-container\">\n\t\t\t\t\t\t\t<div class=\"elementor-spacer\">\n\t\t\t<div class=\"elementor-spacer-inner\"><\/div>\n\t\t<\/div>\n\t\t\t\t\t\t<\/div>\n\t\t\t\t<\/div>\n\t\t<div class=\"elementor-element elementor-element-b4c1c04 e-con-full e-flex e-con e-child\" data-id=\"b4c1c04\" data-element_type=\"container\" data-e-type=\"container\" data-settings=\"{&quot;jet_parallax_layout_list&quot;:[],&quot;_ha_eqh_enable&quot;:false}\">\n\t\t\t\t<div class=\"elementor-element elementor-element-ba0f9fd elementor-widget__width-initial elementor-widget elementor-widget-text-editor\" data-id=\"ba0f9fd\" data-element_type=\"widget\" data-e-type=\"widget\" data-widget_type=\"text-editor.default\">\n\t\t\t\t<div class=\"elementor-widget-container\">\n\t\t\t\t\t\t\t\t\t<p>Bonjour, et merci pour votre demande.<\/p><p> <\/p><p>Nous r\u00e9pondons g\u00e9n\u00e9ralement \u00e0 toutes les demandes de devis dans un d\u00e9lai de 2 jours ouvrables.<\/p><p><br>N&rsquo;h\u00e9sitez pas \u00e0 nous contacter directement si vous avez d&rsquo;autres questions concernant les options du syst\u00e8me d&rsquo;am\u00e9nagement int\u00e9rieur modulaire ou si vous avez besoin d&rsquo;aide pour la conception. Vous pouvez nous joindre pendant les heures de bureau normales GMT+1 \u00e0 l&rsquo;adresse grid@gridsystem.dk et par t\u00e9l\u00e9phone au +45 3121 0171. <\/p><p> <\/p><p>Cordialement,<br>L&rsquo;\u00e9quipe GRID.<\/p>\t\t\t\t\t\t\t\t<\/div>\n\t\t\t\t<\/div>\n\t\t\t\t<div class=\"elementor-element elementor-element-f5733ff elementor-widget elementor-widget-spacer\" data-id=\"f5733ff\" data-element_type=\"widget\" data-e-type=\"widget\" data-widget_type=\"spacer.default\">\n\t\t\t\t<div class=\"elementor-widget-container\">\n\t\t\t\t\t\t\t<div class=\"elementor-spacer\">\n\t\t\t<div class=\"elementor-spacer-inner\"><\/div>\n\t\t<\/div>\n\t\t\t\t\t\t<\/div>\n\t\t\t\t<\/div>\n\t\t\t\t<\/div>\n\t\t\t\t\t<\/div>\n\t\t\t\t<\/div>\n\t\t\t\t<\/div>\n\t\t","protected":false},"excerpt":{"rendered":"<p>Vous recevrez bient\u00f4t un devis ! Bonjour, et merci pour votre demande. Nous r\u00e9pondons g\u00e9n\u00e9ralement \u00e0 toutes les demandes de devis dans un d\u00e9lai de 2 jours ouvrables. N&rsquo;h\u00e9sitez pas \u00e0 nous contacter directement si vous avez d&rsquo;autres questions concernant les options du syst\u00e8me d&rsquo;am\u00e9nagement int\u00e9rieur modulaire ou si vous avez besoin d&rsquo;aide pour la [&hellip;]<\/p>\n","protected":false},"author":18,"featured_media":0,"parent":0,"menu_order":0,"comment_status":"closed","ping_status":"closed","template":"","meta":{"inline_featured_image":false,"footnotes":""},"class_list":["post-30285","page","type-page","status-publish","hentry"],"_links":{"self":[{"href":"https:\/\/gridinteriorsystem.com\/fr\/wp-json\/wp\/v2\/pages\/30285","targetHints":{"allow":["GET"]}}],"collection":[{"href":"https:\/\/gridinteriorsystem.com\/fr\/wp-json\/wp\/v2\/pages"}],"about":[{"href":"https:\/\/gridinteriorsystem.com\/fr\/wp-json\/wp\/v2\/types\/page"}],"author":[{"embeddable":true,"href":"https:\/\/gridinteriorsystem.com\/fr\/wp-json\/wp\/v2\/users\/18"}],"replies":[{"embeddable":true,"href":"https:\/\/gridinteriorsystem.com\/fr\/wp-json\/wp\/v2\/comments?post=30285"}],"version-history":[{"count":1,"href":"https:\/\/gridinteriorsystem.com\/fr\/wp-json\/wp\/v2\/pages\/30285\/revisions"}],"predecessor-version":[{"id":30286,"href":"https:\/\/gridinteriorsystem.com\/fr\/wp-json\/wp\/v2\/pages\/30285\/revisions\/30286"}],"wp:attachment":[{"href":"https:\/\/gridinteriorsystem.com\/fr\/wp-json\/wp\/v2\/media?parent=30285"}],"curies":[{"name":"wp","href":"https:\/\/api.w.org\/{rel}","templated":true}]}}