{"id":27408,"date":"2025-06-27T07:58:20","date_gmt":"2025-06-27T07:58:20","guid":{"rendered":"https:\/\/gridinteriorsystem.com\/product\/ilot-de-sieges\/"},"modified":"2025-12-18T12:49:10","modified_gmt":"2025-12-18T12:49:10","slug":"ilot-de-sieges","status":"publish","type":"product","link":"https:\/\/gridinteriorsystem.com\/fr\/product\/ilot-de-sieges\/","title":{"rendered":"\u00celot de si\u00e8ge"},"content":{"rendered":"<p>Petit \u00eelot d&rsquo;assise avec bac \u00e0 plantes int\u00e9gr\u00e9. Pour les atriums, les halls et les salles d&rsquo;attente. <\/p>\n<ul>\n<li>Id\u00e9al pour servir d&rsquo;\u00eelot de si\u00e8ges dans les atriums, les biblioth\u00e8ques ou comme option de si\u00e8ges d&rsquo;ext\u00e9rieur.<\/li>\n<li>Les cubes et les entretoises sont fabriqu\u00e9s \u00e0 partir d&rsquo;un mat\u00e9riau composite compos\u00e9 de polyamide, qui leur conf\u00e8re leur souplesse, et de fibre de verre, qui leur conf\u00e8re leur r\u00e9sistance. Chaque cube sans entretoise est test\u00e9 pour supporter une pression descendante de 750 kg. <\/li>\n<\/ul>\n<p>&nbsp;<\/p>\n","protected":false},"excerpt":{"rendered":"<p>Configuration en \u00eelot avec bac \u00e0 plantes.<\/p>\n","protected":false},"featured_media":27249,"template":"","meta":{"inline_featured_image":false},"product_brand":[],"product_cat":[429],"product_tag":[433,432,430,431],"class_list":{"0":"post-27408","1":"product","2":"type-product","3":"status-publish","4":"has-post-thumbnail","6":"product_cat-seating-fr","7":"product_tag-atrium-fr","8":"product_tag-plant-box-fr","9":"product_tag-seating-fr","10":"product_tag-small-fr","12":"first","13":"instock","14":"shipping-taxable","15":"purchasable","16":"product-type-variable","17":"has-default-attributes"},"_links":{"self":[{"href":"https:\/\/gridinteriorsystem.com\/fr\/wp-json\/wp\/v2\/product\/27408","targetHints":{"allow":["GET"]}}],"collection":[{"href":"https:\/\/gridinteriorsystem.com\/fr\/wp-json\/wp\/v2\/product"}],"about":[{"href":"https:\/\/gridinteriorsystem.com\/fr\/wp-json\/wp\/v2\/types\/product"}],"wp:featuredmedia":[{"embeddable":true,"href":"https:\/\/gridinteriorsystem.com\/fr\/wp-json\/wp\/v2\/media\/27249"}],"wp:attachment":[{"href":"https:\/\/gridinteriorsystem.com\/fr\/wp-json\/wp\/v2\/media?parent=27408"}],"wp:term":[{"taxonomy":"product_brand","embeddable":true,"href":"https:\/\/gridinteriorsystem.com\/fr\/wp-json\/wp\/v2\/product_brand?post=27408"},{"taxonomy":"product_cat","embeddable":true,"href":"https:\/\/gridinteriorsystem.com\/fr\/wp-json\/wp\/v2\/product_cat?post=27408"},{"taxonomy":"product_tag","embeddable":true,"href":"https:\/\/gridinteriorsystem.com\/fr\/wp-json\/wp\/v2\/product_tag?post=27408"}],"curies":[{"name":"wp","href":"https:\/\/api.w.org\/{rel}","templated":true}]}}