{"id":27412,"date":"2025-08-08T10:01:52","date_gmt":"2025-08-08T10:01:52","guid":{"rendered":"https:\/\/gridinteriorsystem.com\/product\/banc-a-assise-souple\/"},"modified":"2025-12-18T12:43:59","modified_gmt":"2025-12-18T12:43:59","slug":"banc-a-assise-souple","status":"publish","type":"product","link":"https:\/\/gridinteriorsystem.com\/fr\/product\/banc-a-assise-souple\/","title":{"rendered":"Banc"},"content":{"rendered":"<p>Conception ouverte avec table d&rsquo;appoint int\u00e9gr\u00e9e au milieu.<\/p>\n<ul>\n<li>Id\u00e9al comme si\u00e8ge dans les atriums, les biblioth\u00e8ques et les mus\u00e9es.<\/li>\n<li>Les cubes et les entretoises sont fabriqu\u00e9s \u00e0 partir d&rsquo;un mat\u00e9riau composite compos\u00e9 de polyamide, qui leur conf\u00e8re leur souplesse, et de fibre de verre, qui leur conf\u00e8re leur r\u00e9sistance. Chaque cube sans entretoise est test\u00e9 pour supporter une pression descendante de 750 kg. <\/li>\n<\/ul>\n<p>&nbsp;<\/p>\n","protected":false},"excerpt":{"rendered":"<p>Banc ouvert ind\u00e9pendant avec assise en tissu. Table d&rsquo;appoint int\u00e9gr\u00e9e au milieu. <\/p>\n<p>&nbsp;<\/p>\n","protected":false},"featured_media":30887,"template":"","meta":{"inline_featured_image":false},"product_brand":[],"product_cat":[429],"product_tag":[433,435,430,431,436],"class_list":{"0":"post-27412","1":"product","2":"type-product","3":"status-publish","4":"has-post-thumbnail","6":"product_cat-seating-fr","7":"product_tag-atrium-fr","8":"product_tag-ouvert","9":"product_tag-seating-fr","10":"product_tag-small-fr","11":"product_tag-tissu","13":"first","14":"instock","15":"shipping-taxable","16":"purchasable","17":"product-type-variable","18":"has-default-attributes"},"_links":{"self":[{"href":"https:\/\/gridinteriorsystem.com\/fr\/wp-json\/wp\/v2\/product\/27412","targetHints":{"allow":["GET"]}}],"collection":[{"href":"https:\/\/gridinteriorsystem.com\/fr\/wp-json\/wp\/v2\/product"}],"about":[{"href":"https:\/\/gridinteriorsystem.com\/fr\/wp-json\/wp\/v2\/types\/product"}],"wp:featuredmedia":[{"embeddable":true,"href":"https:\/\/gridinteriorsystem.com\/fr\/wp-json\/wp\/v2\/media\/30887"}],"wp:attachment":[{"href":"https:\/\/gridinteriorsystem.com\/fr\/wp-json\/wp\/v2\/media?parent=27412"}],"wp:term":[{"taxonomy":"product_brand","embeddable":true,"href":"https:\/\/gridinteriorsystem.com\/fr\/wp-json\/wp\/v2\/product_brand?post=27412"},{"taxonomy":"product_cat","embeddable":true,"href":"https:\/\/gridinteriorsystem.com\/fr\/wp-json\/wp\/v2\/product_cat?post=27412"},{"taxonomy":"product_tag","embeddable":true,"href":"https:\/\/gridinteriorsystem.com\/fr\/wp-json\/wp\/v2\/product_tag?post=27412"}],"curies":[{"name":"wp","href":"https:\/\/api.w.org\/{rel}","templated":true}]}}