{"id":27417,"date":"2025-08-22T11:49:06","date_gmt":"2025-08-22T11:49:06","guid":{"rendered":"https:\/\/gridinteriorsystem.com\/product\/separateur-despace\/"},"modified":"2025-12-18T12:41:35","modified_gmt":"2025-12-18T12:41:35","slug":"separateur-despace","status":"publish","type":"product","link":"https:\/\/gridinteriorsystem.com\/fr\/product\/separateur-despace\/","title":{"rendered":"Cloison de s\u00e9paration basse"},"content":{"rendered":"<p>Cloison basse ind\u00e9pendante avec \u00e9tag\u00e8res mixtes et bo\u00eetes de rangement.<\/p>\n<ul>\n<li>Id\u00e9al pour les bureaux ouverts, les salons ou halls d&rsquo;h\u00f4tel, ou comme petite biblioth\u00e8que.<\/li>\n<li>Les cubes et les entretoises sont fabriqu\u00e9s \u00e0 partir d&rsquo;un mat\u00e9riau composite compos\u00e9 de polyamide, qui leur conf\u00e8re leur souplesse, et de fibre de verre, qui leur conf\u00e8re leur r\u00e9sistance. Chaque cube sans entretoise est test\u00e9 pour supporter une pression descendante de 750 kg. <\/li>\n<\/ul>\n<p>&nbsp;<\/p>\n","protected":false},"excerpt":{"rendered":"<p>S\u00e9parateur d&rsquo;espace ouvert. Personnalisez-le gr\u00e2ce \u00e0 une gamme de couleurs et de combinaisons d&rsquo;\u00e9tag\u00e8res et de bo\u00eetes. Contactez-nous ou configurez votre propre mod\u00e8le dans pCon.  <\/p>\n","protected":false},"featured_media":27294,"template":"","meta":{"inline_featured_image":false},"product_brand":[],"product_cat":[437],"product_tag":[440,439,441,438],"class_list":{"0":"post-27417","1":"product","2":"type-product","3":"status-publish","4":"has-post-thumbnail","6":"product_cat-cloisons-de-separation","7":"product_tag-amber-fr","8":"product_tag-masala-fr","9":"product_tag-separateur-despace","10":"product_tag-separateur-de-pieces","12":"first","13":"instock","14":"shipping-taxable","15":"purchasable","16":"product-type-variable","17":"has-default-attributes"},"_links":{"self":[{"href":"https:\/\/gridinteriorsystem.com\/fr\/wp-json\/wp\/v2\/product\/27417","targetHints":{"allow":["GET"]}}],"collection":[{"href":"https:\/\/gridinteriorsystem.com\/fr\/wp-json\/wp\/v2\/product"}],"about":[{"href":"https:\/\/gridinteriorsystem.com\/fr\/wp-json\/wp\/v2\/types\/product"}],"wp:featuredmedia":[{"embeddable":true,"href":"https:\/\/gridinteriorsystem.com\/fr\/wp-json\/wp\/v2\/media\/27294"}],"wp:attachment":[{"href":"https:\/\/gridinteriorsystem.com\/fr\/wp-json\/wp\/v2\/media?parent=27417"}],"wp:term":[{"taxonomy":"product_brand","embeddable":true,"href":"https:\/\/gridinteriorsystem.com\/fr\/wp-json\/wp\/v2\/product_brand?post=27417"},{"taxonomy":"product_cat","embeddable":true,"href":"https:\/\/gridinteriorsystem.com\/fr\/wp-json\/wp\/v2\/product_cat?post=27417"},{"taxonomy":"product_tag","embeddable":true,"href":"https:\/\/gridinteriorsystem.com\/fr\/wp-json\/wp\/v2\/product_tag?post=27417"}],"curies":[{"name":"wp","href":"https:\/\/api.w.org\/{rel}","templated":true}]}}