{"id":27418,"date":"2025-08-28T09:05:32","date_gmt":"2025-08-28T09:05:32","guid":{"rendered":"https:\/\/gridinteriorsystem.com\/product\/bibliotheque-avec-placards\/"},"modified":"2026-03-03T13:28:22","modified_gmt":"2026-03-03T13:28:22","slug":"bibliotheque-avec-placards","status":"publish","type":"product","link":"https:\/\/gridinteriorsystem.com\/fr\/product\/bibliotheque-avec-placards\/","title":{"rendered":"Armoire avec \u00e9tag\u00e8res"},"content":{"rendered":"<p>Armoire et \u00e9tag\u00e8re combin\u00e9es, avec beaucoup d&rsquo;espace de rangement<\/p>\n<ul>\n<li>S&rsquo;int\u00e8gre parfaitement dans un bureau, une armoire, une salle de r\u00e9union ou une vitrine.<\/li>\n<li>Les cubes et les entretoises sont fabriqu\u00e9s \u00e0 partir d&rsquo;un mat\u00e9riau composite compos\u00e9 de polyamide, qui leur conf\u00e8re leur souplesse, et de fibre de verre, qui leur conf\u00e8re leur r\u00e9sistance. Chaque cube sans entretoise est test\u00e9 pour supporter une pression descendante de 750 kg.<\/li>\n<\/ul>\n<p>&nbsp;<\/p>\n","protected":false},"excerpt":{"rendered":"<p>Armoire et \u00e9tag\u00e8re combin\u00e9es, avec beaucoup d&rsquo;espace de rangement<\/p>\n","protected":false},"featured_media":27317,"template":"","meta":{"inline_featured_image":false},"product_brand":[],"product_cat":[452,455,458],"product_tag":[443,446,445],"class_list":{"0":"post-27418","1":"product","2":"type-product","3":"status-publish","4":"has-post-thumbnail","6":"product_cat-espace-de-stockage","7":"product_cat-affichage","8":"product_cat-etagere","9":"product_tag-espace-de-stockage","10":"product_tag-etageres","11":"product_tag-placard","13":"first","14":"instock","15":"shipping-taxable","16":"purchasable","17":"product-type-variable","18":"has-default-attributes"},"_links":{"self":[{"href":"https:\/\/gridinteriorsystem.com\/fr\/wp-json\/wp\/v2\/product\/27418","targetHints":{"allow":["GET"]}}],"collection":[{"href":"https:\/\/gridinteriorsystem.com\/fr\/wp-json\/wp\/v2\/product"}],"about":[{"href":"https:\/\/gridinteriorsystem.com\/fr\/wp-json\/wp\/v2\/types\/product"}],"wp:featuredmedia":[{"embeddable":true,"href":"https:\/\/gridinteriorsystem.com\/fr\/wp-json\/wp\/v2\/media\/27317"}],"wp:attachment":[{"href":"https:\/\/gridinteriorsystem.com\/fr\/wp-json\/wp\/v2\/media?parent=27418"}],"wp:term":[{"taxonomy":"product_brand","embeddable":true,"href":"https:\/\/gridinteriorsystem.com\/fr\/wp-json\/wp\/v2\/product_brand?post=27418"},{"taxonomy":"product_cat","embeddable":true,"href":"https:\/\/gridinteriorsystem.com\/fr\/wp-json\/wp\/v2\/product_cat?post=27418"},{"taxonomy":"product_tag","embeddable":true,"href":"https:\/\/gridinteriorsystem.com\/fr\/wp-json\/wp\/v2\/product_tag?post=27418"}],"curies":[{"name":"wp","href":"https:\/\/api.w.org\/{rel}","templated":true}]}}