{"id":27419,"date":"2025-08-28T10:01:45","date_gmt":"2025-08-28T10:01:45","guid":{"rendered":"https:\/\/gridinteriorsystem.com\/product\/casiers-de-bureau\/"},"modified":"2026-03-03T11:45:31","modified_gmt":"2026-03-03T11:45:31","slug":"casiers-de-bureau","status":"publish","type":"product","link":"https:\/\/gridinteriorsystem.com\/fr\/product\/casiers-de-bureau\/","title":{"rendered":"Locker"},"content":{"rendered":"<p>Armoire \u00e0 casiers avec portes et serrures individuelles, combin\u00e9e \u00e0 des bo\u00eetes de rangement et des \u00e9tag\u00e8res. Id\u00e9al pour mettre sous cl\u00e9 des documents confidentiels, des objets priv\u00e9s ou autres dans un environnement de bureau ou un \u00e9tablissement public. Comprend un grand casier et deux casiers plus petits, ainsi que des \u00e9tag\u00e8res pour le stockage g\u00e9n\u00e9ral. Le syst\u00e8me modulaire permet d&rsquo;ajouter des casiers suppl\u00e9mentaires (ou d&rsquo;autres fonctions) selon vos besoins.<\/p>\n<ul>\n<li>Serrures personnalis\u00e9es, pour assurer la s\u00e9curit\u00e9 des objets de valeur ou des effets personnels.<\/li>\n<li>Les cubes et les entretoises sont fabriqu\u00e9s \u00e0 partir d&rsquo;un mat\u00e9riau composite compos\u00e9 de polyamide, qui leur conf\u00e8re leur souplesse, et de fibre de verre, qui leur conf\u00e8re leur r\u00e9sistance. Chaque cube sans entretoise est test\u00e9 pour supporter une pression descendante de 750 kg.<\/li>\n<\/ul>\n","protected":false},"excerpt":{"rendered":"<p>Armoire \u00e0 casiers avec portes et serrures individuelles, combin\u00e9e \u00e0 des bo\u00eetes de rangement et des \u00e9tag\u00e8res.<\/p>\n","protected":false},"featured_media":31343,"template":"","meta":{"inline_featured_image":false},"product_brand":[],"product_cat":[447,458],"product_tag":[449,448,739],"class_list":{"0":"post-27419","1":"product","2":"type-product","3":"status-publish","4":"has-post-thumbnail","6":"product_cat-armoire-a-casiers","7":"product_cat-etagere","8":"product_tag-bureau","9":"product_tag-casier","10":"product_tag-etageres-2","12":"first","13":"instock","14":"shipping-taxable","15":"purchasable","16":"product-type-variable","17":"has-default-attributes"},"_links":{"self":[{"href":"https:\/\/gridinteriorsystem.com\/fr\/wp-json\/wp\/v2\/product\/27419","targetHints":{"allow":["GET"]}}],"collection":[{"href":"https:\/\/gridinteriorsystem.com\/fr\/wp-json\/wp\/v2\/product"}],"about":[{"href":"https:\/\/gridinteriorsystem.com\/fr\/wp-json\/wp\/v2\/types\/product"}],"wp:featuredmedia":[{"embeddable":true,"href":"https:\/\/gridinteriorsystem.com\/fr\/wp-json\/wp\/v2\/media\/31343"}],"wp:attachment":[{"href":"https:\/\/gridinteriorsystem.com\/fr\/wp-json\/wp\/v2\/media?parent=27419"}],"wp:term":[{"taxonomy":"product_brand","embeddable":true,"href":"https:\/\/gridinteriorsystem.com\/fr\/wp-json\/wp\/v2\/product_brand?post=27419"},{"taxonomy":"product_cat","embeddable":true,"href":"https:\/\/gridinteriorsystem.com\/fr\/wp-json\/wp\/v2\/product_cat?post=27419"},{"taxonomy":"product_tag","embeddable":true,"href":"https:\/\/gridinteriorsystem.com\/fr\/wp-json\/wp\/v2\/product_tag?post=27419"}],"curies":[{"name":"wp","href":"https:\/\/api.w.org\/{rel}","templated":true}]}}