{"id":27420,"date":"2025-08-28T10:11:01","date_gmt":"2025-08-28T10:11:01","guid":{"rendered":"https:\/\/gridinteriorsystem.com\/product\/tableau-blanc-mobile\/"},"modified":"2026-01-06T14:46:15","modified_gmt":"2026-01-06T14:46:15","slug":"tableau-blanc-mobile","status":"publish","type":"product","link":"https:\/\/gridinteriorsystem.com\/fr\/product\/tableau-blanc-mobile\/","title":{"rendered":"Cloison mobile avec tableau blanc"},"content":{"rendered":"<p>Ce s\u00e9parateur de pi\u00e8ce multifonctionnel et mobile avec tableau blanc int\u00e9gr\u00e9 dispose d&rsquo;\u00e9tag\u00e8res et d&rsquo;espaces de rangement int\u00e9gr\u00e9s, adapt\u00e9s \u00e0 une salle de r\u00e9union ou un bureau.<\/p>\n<ul>\n<li>Utilisez-le comme tableau d&rsquo;affichage au bureau ou comme support de brainstorming dans la salle de r\u00e9union, avec en plus une fonction de rangement.<\/li>\n<li>Les cubes et les entretoises sont fabriqu\u00e9s \u00e0 partir d&rsquo;un mat\u00e9riau composite compos\u00e9 de polyamide, qui leur conf\u00e8re leur souplesse, et de fibre de verre, qui leur conf\u00e8re leur r\u00e9sistance. Chaque cube sans entretoise est test\u00e9 pour supporter une pression descendante de 750 kg. <\/li>\n<\/ul>\n<p>&nbsp;<\/p>\n","protected":false},"excerpt":{"rendered":"<p>Cloison mobile avec tableau blanc int\u00e9gr\u00e9. Id\u00e9ale pour une utilisation dans les espaces de coworking, aussi bien dans les bureaux ouverts que dans les salles de conf\u00e9rence ou de r\u00e9union. <\/p>\n","protected":false},"featured_media":27732,"template":"","meta":{"inline_featured_image":false},"product_brand":[],"product_cat":[460,458,480],"product_tag":[465,459],"class_list":{"0":"post-27420","1":"product","2":"type-product","3":"status-publish","4":"has-post-thumbnail","6":"product_cat-unites-mobiles","7":"product_cat-etagere","8":"product_cat-unite-mobile","9":"product_tag-a-roues","10":"product_tag-tableau-blanc","12":"first","13":"instock","14":"shipping-taxable","15":"purchasable","16":"product-type-variable","17":"has-default-attributes"},"_links":{"self":[{"href":"https:\/\/gridinteriorsystem.com\/fr\/wp-json\/wp\/v2\/product\/27420","targetHints":{"allow":["GET"]}}],"collection":[{"href":"https:\/\/gridinteriorsystem.com\/fr\/wp-json\/wp\/v2\/product"}],"about":[{"href":"https:\/\/gridinteriorsystem.com\/fr\/wp-json\/wp\/v2\/types\/product"}],"wp:featuredmedia":[{"embeddable":true,"href":"https:\/\/gridinteriorsystem.com\/fr\/wp-json\/wp\/v2\/media\/27732"}],"wp:attachment":[{"href":"https:\/\/gridinteriorsystem.com\/fr\/wp-json\/wp\/v2\/media?parent=27420"}],"wp:term":[{"taxonomy":"product_brand","embeddable":true,"href":"https:\/\/gridinteriorsystem.com\/fr\/wp-json\/wp\/v2\/product_brand?post=27420"},{"taxonomy":"product_cat","embeddable":true,"href":"https:\/\/gridinteriorsystem.com\/fr\/wp-json\/wp\/v2\/product_cat?post=27420"},{"taxonomy":"product_tag","embeddable":true,"href":"https:\/\/gridinteriorsystem.com\/fr\/wp-json\/wp\/v2\/product_tag?post=27420"}],"curies":[{"name":"wp","href":"https:\/\/api.w.org\/{rel}","templated":true}]}}