{"id":27421,"date":"2025-08-28T10:36:27","date_gmt":"2025-08-28T10:36:27","guid":{"rendered":"https:\/\/gridinteriorsystem.com\/product\/cloison-mobile\/"},"modified":"2026-01-06T14:59:11","modified_gmt":"2026-01-06T14:59:11","slug":"separateur-de-pieces","status":"publish","type":"product","link":"https:\/\/gridinteriorsystem.com\/fr\/product\/separateur-de-pieces\/","title":{"rendered":"Cloison ouverte avec \u00e9tag\u00e8res"},"content":{"rendered":"<p>Ce s\u00e9parateur de pi\u00e8ce ouvert avec de nombreux rangements en \u00e9tag\u00e8res est id\u00e9al pour les grands espaces de bureau, les biblioth\u00e8ques, les archives ou les garde-robes.<\/p>\n<ul>\n<li>Les diff\u00e9rents niveaux des \u00e9tag\u00e8res en font un \u00e9l\u00e9ment central int\u00e9ressant qui peut \u00eatre d\u00e9cor\u00e9 et utilis\u00e9 \u00e0 votre guise, dans les grands espaces de bureau ou autres lieux similaires.<\/li>\n<li>Les cubes et les entretoises sont fabriqu\u00e9s \u00e0 partir d&rsquo;un mat\u00e9riau composite compos\u00e9 de polyamide, qui leur conf\u00e8re leur souplesse, et de fibre de verre, qui leur conf\u00e8re leur r\u00e9sistance. Chaque cube sans entretoise est test\u00e9 pour supporter une pression descendante de 750 kg. <\/li>\n<\/ul>\n<p>&nbsp;<\/p>\n","protected":false},"excerpt":{"rendered":"<p>Grande cloison ouverte avec de nombreux rangements en \u00e9tag\u00e8res.<\/p>\n","protected":false},"featured_media":31322,"template":"","meta":{"inline_featured_image":false},"product_brand":[],"product_cat":[437,442,452],"product_tag":[449,739,438],"class_list":{"0":"post-27421","1":"product","2":"type-product","3":"status-publish","4":"has-post-thumbnail","6":"product_cat-cloisons-de-separation","7":"product_cat-bibliotheques","8":"product_cat-espace-de-stockage","9":"product_tag-bureau","10":"product_tag-etageres-2","11":"product_tag-separateur-de-pieces","13":"first","14":"instock","15":"shipping-taxable","16":"purchasable","17":"product-type-variable","18":"has-default-attributes"},"_links":{"self":[{"href":"https:\/\/gridinteriorsystem.com\/fr\/wp-json\/wp\/v2\/product\/27421","targetHints":{"allow":["GET"]}}],"collection":[{"href":"https:\/\/gridinteriorsystem.com\/fr\/wp-json\/wp\/v2\/product"}],"about":[{"href":"https:\/\/gridinteriorsystem.com\/fr\/wp-json\/wp\/v2\/types\/product"}],"wp:featuredmedia":[{"embeddable":true,"href":"https:\/\/gridinteriorsystem.com\/fr\/wp-json\/wp\/v2\/media\/31322"}],"wp:attachment":[{"href":"https:\/\/gridinteriorsystem.com\/fr\/wp-json\/wp\/v2\/media?parent=27421"}],"wp:term":[{"taxonomy":"product_brand","embeddable":true,"href":"https:\/\/gridinteriorsystem.com\/fr\/wp-json\/wp\/v2\/product_brand?post=27421"},{"taxonomy":"product_cat","embeddable":true,"href":"https:\/\/gridinteriorsystem.com\/fr\/wp-json\/wp\/v2\/product_cat?post=27421"},{"taxonomy":"product_tag","embeddable":true,"href":"https:\/\/gridinteriorsystem.com\/fr\/wp-json\/wp\/v2\/product_tag?post=27421"}],"curies":[{"name":"wp","href":"https:\/\/api.w.org\/{rel}","templated":true}]}}