{"id":27422,"date":"2025-08-28T10:53:12","date_gmt":"2025-08-28T10:53:12","guid":{"rendered":"https:\/\/gridinteriorsystem.com\/product\/ilot-de-sieges-2\/"},"modified":"2025-12-18T10:49:34","modified_gmt":"2025-12-18T10:49:34","slug":"ilot-de-sieges-2","status":"publish","type":"product","link":"https:\/\/gridinteriorsystem.com\/fr\/product\/ilot-de-sieges-2\/","title":{"rendered":"Si\u00e8ge salle d\u2019attente"},"content":{"rendered":"<p>Si\u00e8ges rembourr\u00e9s \u00e9l\u00e9gants avec table int\u00e9gr\u00e9e, porte-revues et jardini\u00e8re.<\/p>\n<ul>\n<li>Les options d&rsquo;assise tout autour du plateau de table plaqu\u00e9 en font un \u00eelot polyvalent qui peut \u00eatre plac\u00e9 dans des halls et des pi\u00e8ces de grande et moyenne taille, comme une salle d&rsquo;attente.<\/li>\n<li>Les cubes et les entretoises sont fabriqu\u00e9s \u00e0 partir d&rsquo;un mat\u00e9riau composite compos\u00e9 de polyamide, qui leur conf\u00e8re leur souplesse, et de fibre de verre, qui leur conf\u00e8re leur r\u00e9sistance. Chaque cube sans entretoise est test\u00e9 pour supporter une pression descendante de 750 kg. <\/li>\n<\/ul>\n<p>&nbsp;<\/p>\n","protected":false},"excerpt":{"rendered":"<p>Si\u00e8ges de taille moyenne avec assises rembourr\u00e9es en mousse souple recouvertes de tissu. Plateau en noyer int\u00e9gr\u00e9 et porte-revues pour la pr\u00e9sentation. <\/p>\n","protected":false},"featured_media":27790,"template":"","meta":{"inline_featured_image":false},"product_brand":[],"product_cat":[429],"product_tag":[453,454,430],"class_list":{"0":"post-27422","1":"product","2":"type-product","3":"status-publish","4":"has-post-thumbnail","6":"product_cat-seating-fr","7":"product_tag-ilot-de-sieges","8":"product_tag-presentoir-de-magazines","9":"product_tag-seating-fr","11":"first","12":"instock","13":"shipping-taxable","14":"purchasable","15":"product-type-variable","16":"has-default-attributes"},"_links":{"self":[{"href":"https:\/\/gridinteriorsystem.com\/fr\/wp-json\/wp\/v2\/product\/27422","targetHints":{"allow":["GET"]}}],"collection":[{"href":"https:\/\/gridinteriorsystem.com\/fr\/wp-json\/wp\/v2\/product"}],"about":[{"href":"https:\/\/gridinteriorsystem.com\/fr\/wp-json\/wp\/v2\/types\/product"}],"wp:featuredmedia":[{"embeddable":true,"href":"https:\/\/gridinteriorsystem.com\/fr\/wp-json\/wp\/v2\/media\/27790"}],"wp:attachment":[{"href":"https:\/\/gridinteriorsystem.com\/fr\/wp-json\/wp\/v2\/media?parent=27422"}],"wp:term":[{"taxonomy":"product_brand","embeddable":true,"href":"https:\/\/gridinteriorsystem.com\/fr\/wp-json\/wp\/v2\/product_brand?post=27422"},{"taxonomy":"product_cat","embeddable":true,"href":"https:\/\/gridinteriorsystem.com\/fr\/wp-json\/wp\/v2\/product_cat?post=27422"},{"taxonomy":"product_tag","embeddable":true,"href":"https:\/\/gridinteriorsystem.com\/fr\/wp-json\/wp\/v2\/product_tag?post=27422"}],"curies":[{"name":"wp","href":"https:\/\/api.w.org\/{rel}","templated":true}]}}