{"id":27423,"date":"2025-08-28T11:58:02","date_gmt":"2025-08-28T11:58:02","guid":{"rendered":"https:\/\/gridinteriorsystem.com\/product\/vitrine\/"},"modified":"2025-12-18T10:37:33","modified_gmt":"2025-12-18T10:37:33","slug":"vitrine","status":"publish","type":"product","link":"https:\/\/gridinteriorsystem.com\/fr\/product\/vitrine\/","title":{"rendered":"Vitrine"},"content":{"rendered":"<p>\u00c9l\u00e9gante vitrine ind\u00e9pendante avec portes vitr\u00e9es. Gr\u00e2ce \u00e0 sa configuration GRID minimaliste, vous pouvez exposer plusieurs produits fragiles ou l&rsquo;utiliser comme socle d&rsquo;exposition dans un mus\u00e9e. <\/p>\n<ul>\n<li>Le MDF plaqu\u00e9 ch\u00eane fum\u00e9 et les cubes gris conf\u00e8rent \u00e0 cette vitrine un style sobre qui met en valeur le produit ou l&rsquo;objet expos\u00e9.<\/li>\n<li>Les cubes et les entretoises sont fabriqu\u00e9s \u00e0 partir d&rsquo;un mat\u00e9riau composite compos\u00e9 de polyamide, qui leur conf\u00e8re leur souplesse, et de fibre de verre, qui leur conf\u00e8re leur r\u00e9sistance. Chaque cube sans entretoise est test\u00e9 pour supporter une pression descendante de 750 kg. <\/li>\n<\/ul>\n<p>&nbsp;<\/p>\n","protected":false},"excerpt":{"rendered":"<p>Vitrine haute en verre. Id\u00e9ale pour les expositions de produits fragiles ou les mus\u00e9es. <\/p>\n","protected":false},"featured_media":29718,"template":"","meta":{"inline_featured_image":false},"product_brand":[],"product_cat":[455],"product_tag":[457,456],"class_list":{"0":"post-27423","1":"product","2":"type-product","3":"status-publish","4":"has-post-thumbnail","6":"product_cat-affichage","7":"product_tag-exposition-museale","8":"product_tag-presentation-des-produits","10":"first","11":"instock","12":"shipping-taxable","13":"purchasable","14":"product-type-variable","15":"has-default-attributes"},"_links":{"self":[{"href":"https:\/\/gridinteriorsystem.com\/fr\/wp-json\/wp\/v2\/product\/27423","targetHints":{"allow":["GET"]}}],"collection":[{"href":"https:\/\/gridinteriorsystem.com\/fr\/wp-json\/wp\/v2\/product"}],"about":[{"href":"https:\/\/gridinteriorsystem.com\/fr\/wp-json\/wp\/v2\/types\/product"}],"wp:featuredmedia":[{"embeddable":true,"href":"https:\/\/gridinteriorsystem.com\/fr\/wp-json\/wp\/v2\/media\/29718"}],"wp:attachment":[{"href":"https:\/\/gridinteriorsystem.com\/fr\/wp-json\/wp\/v2\/media?parent=27423"}],"wp:term":[{"taxonomy":"product_brand","embeddable":true,"href":"https:\/\/gridinteriorsystem.com\/fr\/wp-json\/wp\/v2\/product_brand?post=27423"},{"taxonomy":"product_cat","embeddable":true,"href":"https:\/\/gridinteriorsystem.com\/fr\/wp-json\/wp\/v2\/product_cat?post=27423"},{"taxonomy":"product_tag","embeddable":true,"href":"https:\/\/gridinteriorsystem.com\/fr\/wp-json\/wp\/v2\/product_tag?post=27423"}],"curies":[{"name":"wp","href":"https:\/\/api.w.org\/{rel}","templated":true}]}}