{"id":27424,"date":"2025-08-29T07:34:45","date_gmt":"2025-08-29T07:34:45","guid":{"rendered":"https:\/\/gridinteriorsystem.com\/product\/armoire-avec-tableau-blanc\/"},"modified":"2025-12-19T10:15:03","modified_gmt":"2025-12-19T10:15:03","slug":"armoire-avec-tableau-blanc","status":"publish","type":"product","link":"https:\/\/gridinteriorsystem.com\/fr\/product\/armoire-avec-tableau-blanc\/","title":{"rendered":"\u00c9tag\u00e8re avec tableau d\u2019affichage"},"content":{"rendered":"<p>\u00c9tag\u00e8re avec tableau d&rsquo;affichage int\u00e9gr\u00e9 pour messages, post-it et d\u00e9corations. Etag\u00e8res d&rsquo;un c\u00f4t\u00e9, tableau d&rsquo;affichage de l&rsquo;autre, avec des placards de rangement dans la base. Sur\u00e9lev\u00e9 sur un pi\u00e9tement. <\/p>\n<p>&nbsp;<\/p>\n<ul>\n<li>Combinez votre \u00e9tag\u00e8re avec un tableau d&rsquo;affichage pour obtenir un meuble de bureau multifonctionnel. Une \u00e9tag\u00e8re et un outil de brainstorming tout-en-un. <\/li>\n<li>Les cubes et les entretoises sont fabriqu\u00e9s \u00e0 partir d&rsquo;un mat\u00e9riau composite compos\u00e9 de polyamide, qui leur conf\u00e8re leur souplesse, et de fibre de verre, qui leur conf\u00e8re leur r\u00e9sistance. Chaque cube sans entretoise est test\u00e9 pour supporter une pression descendante de 750 kg. <\/li>\n<\/ul>\n<p>&nbsp;<\/p>\n","protected":false},"excerpt":{"rendered":"<p>\u00c9tag\u00e8re avec tableau d&rsquo;affichage int\u00e9gr\u00e9 pour messages, post-it et d\u00e9corations.<\/p>\n","protected":false},"featured_media":31268,"template":"","meta":{"inline_featured_image":false},"product_brand":[],"product_cat":[452,458],"product_tag":[446,699,779,780,445],"class_list":{"0":"post-27424","1":"product","2":"type-product","3":"status-publish","4":"has-post-thumbnail","6":"product_cat-espace-de-stockage","7":"product_cat-etagere","8":"product_tag-etageres","9":"product_tag-feutre","10":"product_tag-liege","11":"product_tag-mousse","12":"product_tag-placard","14":"first","15":"instock","16":"shipping-taxable","17":"purchasable","18":"product-type-variable","19":"has-default-attributes"},"_links":{"self":[{"href":"https:\/\/gridinteriorsystem.com\/fr\/wp-json\/wp\/v2\/product\/27424","targetHints":{"allow":["GET"]}}],"collection":[{"href":"https:\/\/gridinteriorsystem.com\/fr\/wp-json\/wp\/v2\/product"}],"about":[{"href":"https:\/\/gridinteriorsystem.com\/fr\/wp-json\/wp\/v2\/types\/product"}],"wp:featuredmedia":[{"embeddable":true,"href":"https:\/\/gridinteriorsystem.com\/fr\/wp-json\/wp\/v2\/media\/31268"}],"wp:attachment":[{"href":"https:\/\/gridinteriorsystem.com\/fr\/wp-json\/wp\/v2\/media?parent=27424"}],"wp:term":[{"taxonomy":"product_brand","embeddable":true,"href":"https:\/\/gridinteriorsystem.com\/fr\/wp-json\/wp\/v2\/product_brand?post=27424"},{"taxonomy":"product_cat","embeddable":true,"href":"https:\/\/gridinteriorsystem.com\/fr\/wp-json\/wp\/v2\/product_cat?post=27424"},{"taxonomy":"product_tag","embeddable":true,"href":"https:\/\/gridinteriorsystem.com\/fr\/wp-json\/wp\/v2\/product_tag?post=27424"}],"curies":[{"name":"wp","href":"https:\/\/api.w.org\/{rel}","templated":true}]}}