{"id":27425,"date":"2025-08-29T08:05:02","date_gmt":"2025-08-29T08:05:02","guid":{"rendered":"https:\/\/gridinteriorsystem.com\/product\/etagere-avec-televiseur\/"},"modified":"2025-12-18T10:33:03","modified_gmt":"2025-12-18T10:33:03","slug":"etagere-avec-televiseur","status":"publish","type":"product","link":"https:\/\/gridinteriorsystem.com\/fr\/product\/etagere-avec-televiseur\/","title":{"rendered":"Meuble TV sur roulettes"},"content":{"rendered":"<p>Meuble mobile avec espace pour un t\u00e9l\u00e9viseur int\u00e9gr\u00e9. D\u00e9coratif et multifonctionnel, ce meuble mobile pour \u00e9cran vous offre un espace de rangement et un look \u00e9l\u00e9gant, pour r\u00e9pondre \u00e0 vos besoins en mati\u00e8re de mobilier pour \u00e9cran. <\/p>\n<ul>\n<li>Les jardini\u00e8res et les couleurs chaudes compl\u00e8tent le GRID noir.<\/li>\n<li>L&rsquo;\u00e9cran est vendu s\u00e9par\u00e9ment.<\/li>\n<li>Les cubes et les entretoises sont fabriqu\u00e9s \u00e0 partir d&rsquo;un mat\u00e9riau composite compos\u00e9 de polyamide, qui leur conf\u00e8re leur souplesse, et de fibre de verre, qui leur conf\u00e8re leur r\u00e9sistance. Chaque cube sans entretoise est test\u00e9 pour supporter une pression descendante de 750 kg. <\/li>\n<\/ul>\n<p>&nbsp;<\/p>\n","protected":false},"excerpt":{"rendered":"<p>Meuble TV sur mesure avec roulettes et \u00e9tag\u00e8res int\u00e9gr\u00e9es. Les bacs \u00e0 plantes et les d\u00e9tails en placage en font un \u00e9l\u00e9ment d\u00e9coratif id\u00e9al pour votre bureau ou votre salle de conf\u00e9rence. <\/p>\n","protected":false},"featured_media":31477,"template":"","meta":{"inline_featured_image":false},"product_brand":[],"product_cat":[458,461,460],"product_tag":[465,446,464,462,463],"class_list":{"0":"post-27425","1":"product","2":"type-product","3":"status-publish","4":"has-post-thumbnail","6":"product_cat-etagere","7":"product_cat-unite-de-surveillance","8":"product_cat-unites-mobiles","9":"product_tag-a-roues","10":"product_tag-etageres","11":"product_tag-mobile-fr","12":"product_tag-moniteur","13":"product_tag-television","15":"first","16":"instock","17":"shipping-taxable","18":"purchasable","19":"product-type-variable","20":"has-default-attributes"},"_links":{"self":[{"href":"https:\/\/gridinteriorsystem.com\/fr\/wp-json\/wp\/v2\/product\/27425","targetHints":{"allow":["GET"]}}],"collection":[{"href":"https:\/\/gridinteriorsystem.com\/fr\/wp-json\/wp\/v2\/product"}],"about":[{"href":"https:\/\/gridinteriorsystem.com\/fr\/wp-json\/wp\/v2\/types\/product"}],"wp:featuredmedia":[{"embeddable":true,"href":"https:\/\/gridinteriorsystem.com\/fr\/wp-json\/wp\/v2\/media\/31477"}],"wp:attachment":[{"href":"https:\/\/gridinteriorsystem.com\/fr\/wp-json\/wp\/v2\/media?parent=27425"}],"wp:term":[{"taxonomy":"product_brand","embeddable":true,"href":"https:\/\/gridinteriorsystem.com\/fr\/wp-json\/wp\/v2\/product_brand?post=27425"},{"taxonomy":"product_cat","embeddable":true,"href":"https:\/\/gridinteriorsystem.com\/fr\/wp-json\/wp\/v2\/product_cat?post=27425"},{"taxonomy":"product_tag","embeddable":true,"href":"https:\/\/gridinteriorsystem.com\/fr\/wp-json\/wp\/v2\/product_tag?post=27425"}],"curies":[{"name":"wp","href":"https:\/\/api.w.org\/{rel}","templated":true}]}}