{"id":27426,"date":"2025-08-29T08:21:54","date_gmt":"2025-08-29T08:21:54","guid":{"rendered":"https:\/\/gridinteriorsystem.com\/product\/table-basse\/"},"modified":"2025-12-18T10:24:36","modified_gmt":"2025-12-18T10:24:36","slug":"table-basse","status":"publish","type":"product","link":"https:\/\/gridinteriorsystem.com\/fr\/product\/table-basse\/","title":{"rendered":"Table de r\u00e9union"},"content":{"rendered":"<p>Table de r\u00e9union modulaire avec placards et \u00e9tag\u00e8res int\u00e9gr\u00e9s. \u00c9quip\u00e9e de pieds r\u00e9glables, elle s&rsquo;int\u00e8gre parfaitement dans une salle de r\u00e9union, une salle de pause ou une caf\u00e9t\u00e9ria. <\/p>\n<ul>\n<li>Le rangement dans la base rend cette table id\u00e9ale pour les petites pauses ou les discussions autour d&rsquo;un caf\u00e9.<\/li>\n<li>Les cubes et les entretoises sont fabriqu\u00e9s \u00e0 partir d&rsquo;un mat\u00e9riau composite compos\u00e9 de polyamide, qui leur conf\u00e8re leur souplesse, et de fibre de verre, qui leur conf\u00e8re leur r\u00e9sistance. Chaque cube sans entretoise est test\u00e9 pour supporter une pression descendante de 750 kg. <\/li>\n<\/ul>\n<p>&nbsp;<\/p>\n","protected":false},"excerpt":{"rendered":"<p>Table de r\u00e9union avec placards int\u00e9gr\u00e9s pour le rangement dans la base. Id\u00e9ale pour la salle de r\u00e9union, la salle de pause ou la caf\u00e9t\u00e9ria. <\/p>\n","protected":false},"featured_media":29968,"template":"","meta":{"inline_featured_image":false},"product_brand":[],"product_cat":[452,468],"product_tag":[446,469],"class_list":{"0":"post-27426","1":"product","2":"type-product","3":"status-publish","4":"has-post-thumbnail","6":"product_cat-espace-de-stockage","7":"product_cat-table-fr","8":"product_tag-etageres","9":"product_tag-table-fr","11":"first","12":"instock","13":"shipping-taxable","14":"purchasable","15":"product-type-variable","16":"has-default-attributes"},"_links":{"self":[{"href":"https:\/\/gridinteriorsystem.com\/fr\/wp-json\/wp\/v2\/product\/27426","targetHints":{"allow":["GET"]}}],"collection":[{"href":"https:\/\/gridinteriorsystem.com\/fr\/wp-json\/wp\/v2\/product"}],"about":[{"href":"https:\/\/gridinteriorsystem.com\/fr\/wp-json\/wp\/v2\/types\/product"}],"wp:featuredmedia":[{"embeddable":true,"href":"https:\/\/gridinteriorsystem.com\/fr\/wp-json\/wp\/v2\/media\/29968"}],"wp:attachment":[{"href":"https:\/\/gridinteriorsystem.com\/fr\/wp-json\/wp\/v2\/media?parent=27426"}],"wp:term":[{"taxonomy":"product_brand","embeddable":true,"href":"https:\/\/gridinteriorsystem.com\/fr\/wp-json\/wp\/v2\/product_brand?post=27426"},{"taxonomy":"product_cat","embeddable":true,"href":"https:\/\/gridinteriorsystem.com\/fr\/wp-json\/wp\/v2\/product_cat?post=27426"},{"taxonomy":"product_tag","embeddable":true,"href":"https:\/\/gridinteriorsystem.com\/fr\/wp-json\/wp\/v2\/product_tag?post=27426"}],"curies":[{"name":"wp","href":"https:\/\/api.w.org\/{rel}","templated":true}]}}