{"id":27427,"date":"2025-08-29T09:35:19","date_gmt":"2025-08-29T09:35:19","guid":{"rendered":"https:\/\/gridinteriorsystem.com\/product\/penderie\/"},"modified":"2025-12-18T10:20:57","modified_gmt":"2025-12-18T10:20:57","slug":"penderie","status":"publish","type":"product","link":"https:\/\/gridinteriorsystem.com\/fr\/product\/penderie\/","title":{"rendered":"Vestiaire"},"content":{"rendered":"<p>Armoire compl\u00e8te avec \u00e9tag\u00e8res et tringle pour cintres. Une seule unit\u00e9 pour r\u00e9pondre aux diff\u00e9rents besoins de votre garde-robe ou pour pr\u00e9senter vos produits dans une boutique de mode ou un magasin de v\u00eatements. <\/p>\n<ul>\n<li>Le cintre int\u00e9gr\u00e9 au milieu est entour\u00e9 d&rsquo;\u00e9tag\u00e8res 40&#215;40, permettant de ranger v\u00eatements et chaussures dans la base.<\/li>\n<li>Les cubes et les entretoises sont fabriqu\u00e9s \u00e0 partir d&rsquo;un mat\u00e9riau composite compos\u00e9 de polyamide, qui leur conf\u00e8re leur souplesse, et de fibre de verre, qui leur conf\u00e8re leur r\u00e9sistance. Chaque cube sans entretoise est test\u00e9 pour supporter une pression descendante de 750 kg. <\/li>\n<\/ul>\n<p>&nbsp;<\/p>\n","protected":false},"excerpt":{"rendered":"<p>Armoire compl\u00e8te ou pr\u00e9sentoir \u00e0 v\u00eatements. Tringle \u00e0 cintres et \u00e9tag\u00e8res int\u00e9gr\u00e9es pour armoires professionnelles ou pr\u00e9sentation de v\u00eatements. <\/p>\n","protected":false},"featured_media":31305,"template":"","meta":{"inline_featured_image":false},"product_brand":[],"product_cat":[452,458,472,471],"product_tag":[473,446,476,475,474],"class_list":{"0":"post-27427","1":"product","2":"type-product","3":"status-publish","4":"has-post-thumbnail","6":"product_cat-espace-de-stockage","7":"product_cat-etagere","8":"product_cat-penderie","9":"product_cat-presentation-des-produits","10":"product_tag-cintre","11":"product_tag-etageres","12":"product_tag-noir","13":"product_tag-oregano-fr","14":"product_tag-penderie","16":"first","17":"instock","18":"shipping-taxable","19":"purchasable","20":"product-type-variable","21":"has-default-attributes"},"_links":{"self":[{"href":"https:\/\/gridinteriorsystem.com\/fr\/wp-json\/wp\/v2\/product\/27427","targetHints":{"allow":["GET"]}}],"collection":[{"href":"https:\/\/gridinteriorsystem.com\/fr\/wp-json\/wp\/v2\/product"}],"about":[{"href":"https:\/\/gridinteriorsystem.com\/fr\/wp-json\/wp\/v2\/types\/product"}],"wp:featuredmedia":[{"embeddable":true,"href":"https:\/\/gridinteriorsystem.com\/fr\/wp-json\/wp\/v2\/media\/31305"}],"wp:attachment":[{"href":"https:\/\/gridinteriorsystem.com\/fr\/wp-json\/wp\/v2\/media?parent=27427"}],"wp:term":[{"taxonomy":"product_brand","embeddable":true,"href":"https:\/\/gridinteriorsystem.com\/fr\/wp-json\/wp\/v2\/product_brand?post=27427"},{"taxonomy":"product_cat","embeddable":true,"href":"https:\/\/gridinteriorsystem.com\/fr\/wp-json\/wp\/v2\/product_cat?post=27427"},{"taxonomy":"product_tag","embeddable":true,"href":"https:\/\/gridinteriorsystem.com\/fr\/wp-json\/wp\/v2\/product_tag?post=27427"}],"curies":[{"name":"wp","href":"https:\/\/api.w.org\/{rel}","templated":true}]}}