{"id":27428,"date":"2025-08-29T09:58:49","date_gmt":"2025-08-29T09:58:49","guid":{"rendered":"https:\/\/gridinteriorsystem.com\/product\/grand-separateur-de-piece\/"},"modified":"2025-12-18T10:14:56","modified_gmt":"2025-12-18T10:14:56","slug":"grand-separateur-de-piece","status":"publish","type":"product","link":"https:\/\/gridinteriorsystem.com\/fr\/product\/grand-separateur-de-piece\/","title":{"rendered":"Grand S\u00e9parateur de Pi\u00e8ce"},"content":{"rendered":"<p>Grand s\u00e9parateur de pi\u00e8ce. Peut servir de biblioth\u00e8que ou de s\u00e9parateur de pi\u00e8ce dans les grandes pi\u00e8ces. Comprend des \u00e9tag\u00e8res pour les livres et les objets d\u00e9coratifs.  <\/p>\n<ul>\n<li>\u00c9l\u00e9gante biblioth\u00e8que ou cloison de s\u00e9paration minimaliste au design danois.<\/li>\n<li>Les cubes et les entretoises sont fabriqu\u00e9s \u00e0 partir d&rsquo;un mat\u00e9riau composite compos\u00e9 de polyamide, qui leur conf\u00e8re leur souplesse, et de fibre de verre, qui leur conf\u00e8re leur r\u00e9sistance. Chaque cube sans entretoise est test\u00e9 pour supporter une pression descendante de 750 kg. <\/li>\n<\/ul>\n<p>&nbsp;<\/p>\n","protected":false},"excerpt":{"rendered":"<p>Grande cloison de s\u00e9paration au design danois minimaliste, avec des \u00e9tag\u00e8res modulables pouvant accueillir des objets de tailles irr\u00e9guli\u00e8res. Peut servir de cloison de s\u00e9paration et\/ou de biblioth\u00e8que. <\/p>\n","protected":false},"featured_media":29932,"template":"","meta":{"inline_featured_image":false},"product_brand":[],"product_cat":[452,442,437,458,471],"product_tag":[477,446,438],"class_list":{"0":"post-27428","1":"product","2":"type-product","3":"status-publish","4":"has-post-thumbnail","6":"product_cat-espace-de-stockage","7":"product_cat-bibliotheques","8":"product_cat-cloisons-de-separation","9":"product_cat-etagere","10":"product_cat-presentation-des-produits","11":"product_tag-bibliotheque","12":"product_tag-etageres","13":"product_tag-separateur-de-pieces","15":"first","16":"instock","17":"shipping-taxable","18":"purchasable","19":"product-type-variable","20":"has-default-attributes"},"_links":{"self":[{"href":"https:\/\/gridinteriorsystem.com\/fr\/wp-json\/wp\/v2\/product\/27428","targetHints":{"allow":["GET"]}}],"collection":[{"href":"https:\/\/gridinteriorsystem.com\/fr\/wp-json\/wp\/v2\/product"}],"about":[{"href":"https:\/\/gridinteriorsystem.com\/fr\/wp-json\/wp\/v2\/types\/product"}],"wp:featuredmedia":[{"embeddable":true,"href":"https:\/\/gridinteriorsystem.com\/fr\/wp-json\/wp\/v2\/media\/29932"}],"wp:attachment":[{"href":"https:\/\/gridinteriorsystem.com\/fr\/wp-json\/wp\/v2\/media?parent=27428"}],"wp:term":[{"taxonomy":"product_brand","embeddable":true,"href":"https:\/\/gridinteriorsystem.com\/fr\/wp-json\/wp\/v2\/product_brand?post=27428"},{"taxonomy":"product_cat","embeddable":true,"href":"https:\/\/gridinteriorsystem.com\/fr\/wp-json\/wp\/v2\/product_cat?post=27428"},{"taxonomy":"product_tag","embeddable":true,"href":"https:\/\/gridinteriorsystem.com\/fr\/wp-json\/wp\/v2\/product_tag?post=27428"}],"curies":[{"name":"wp","href":"https:\/\/api.w.org\/{rel}","templated":true}]}}