{"id":27429,"date":"2025-08-29T10:13:05","date_gmt":"2025-08-29T10:13:05","guid":{"rendered":"https:\/\/gridinteriorsystem.com\/product\/podium-dexposition\/"},"modified":"2026-02-27T11:14:34","modified_gmt":"2026-02-27T11:14:34","slug":"podium-dexposition","status":"publish","type":"product","link":"https:\/\/gridinteriorsystem.com\/fr\/product\/podium-dexposition\/","title":{"rendered":"Meuble d\u2019exposition"},"content":{"rendered":"<p>Podium d&rsquo;exposition \u00e0 plusieurs niveaux pour un affichage original. Id\u00e9al pour pr\u00e9senter des produits dans les magasins de chaussures ou pour exposer des livres dans les biblioth\u00e8ques sur un support mobile.  <\/p>\n<ul>\n<li>\u00c9quip\u00e9 de roulettes pour d\u00e9placer facilement le podium, de porte-revues pour exposer des livres et d&rsquo;un espace de rangement dans la base.<\/li>\n<li>Les cubes et les entretoises sont fabriqu\u00e9s \u00e0 partir d&rsquo;un mat\u00e9riau composite compos\u00e9 de polyamide, qui leur conf\u00e8re leur souplesse, et de fibre de verre, qui leur conf\u00e8re leur r\u00e9sistance. Chaque cube sans entretoise est test\u00e9 pour supporter une pression descendante de 750 kg. <\/li>\n<\/ul>\n<p>&nbsp;<\/p>\n","protected":false},"excerpt":{"rendered":"<p>Podium d&rsquo;exposition \u00e0 plusieurs niveaux avec roulettes pour une solution d&rsquo;exposition mobile. Id\u00e9al pour les livres ou les petits produits qui doivent \u00eatre d\u00e9plac\u00e9s. <\/p>\n","protected":false},"featured_media":31281,"template":"","meta":{"inline_featured_image":false},"product_brand":[],"product_cat":[455,458,471,480],"product_tag":[477,446,464,690,454],"class_list":{"0":"post-27429","1":"product","2":"type-product","3":"status-publish","4":"has-post-thumbnail","6":"product_cat-affichage","7":"product_cat-etagere","8":"product_cat-presentation-des-produits","9":"product_cat-unite-mobile","10":"product_tag-bibliotheque","11":"product_tag-etageres","12":"product_tag-mobile-fr","13":"product_tag-podium","14":"product_tag-presentoir-de-magazines","16":"first","17":"instock","18":"shipping-taxable","19":"purchasable","20":"product-type-variable","21":"has-default-attributes"},"_links":{"self":[{"href":"https:\/\/gridinteriorsystem.com\/fr\/wp-json\/wp\/v2\/product\/27429","targetHints":{"allow":["GET"]}}],"collection":[{"href":"https:\/\/gridinteriorsystem.com\/fr\/wp-json\/wp\/v2\/product"}],"about":[{"href":"https:\/\/gridinteriorsystem.com\/fr\/wp-json\/wp\/v2\/types\/product"}],"wp:featuredmedia":[{"embeddable":true,"href":"https:\/\/gridinteriorsystem.com\/fr\/wp-json\/wp\/v2\/media\/31281"}],"wp:attachment":[{"href":"https:\/\/gridinteriorsystem.com\/fr\/wp-json\/wp\/v2\/media?parent=27429"}],"wp:term":[{"taxonomy":"product_brand","embeddable":true,"href":"https:\/\/gridinteriorsystem.com\/fr\/wp-json\/wp\/v2\/product_brand?post=27429"},{"taxonomy":"product_cat","embeddable":true,"href":"https:\/\/gridinteriorsystem.com\/fr\/wp-json\/wp\/v2\/product_cat?post=27429"},{"taxonomy":"product_tag","embeddable":true,"href":"https:\/\/gridinteriorsystem.com\/fr\/wp-json\/wp\/v2\/product_tag?post=27429"}],"curies":[{"name":"wp","href":"https:\/\/api.w.org\/{rel}","templated":true}]}}