{"id":31397,"date":"2025-12-18T13:17:34","date_gmt":"2025-12-18T13:17:34","guid":{"rendered":"https:\/\/gridinteriorsystem.com\/product\/portal\/"},"modified":"2026-02-27T09:00:22","modified_gmt":"2026-02-27T09:00:22","slug":"portal","status":"publish","type":"product","link":"https:\/\/gridinteriorsystem.com\/fr\/product\/portal\/","title":{"rendered":"Portal"},"content":{"rendered":"<p>Grande construction murale avec portails praticables, \u00e0 utiliser lors d&rsquo;\u00e9v\u00e9nements ou comme unit\u00e9 murale pour la d\u00e9coration et le rangement.<\/p>\n<ul>\n<li>Peut \u00eatre personnalis\u00e9 en fonction de la taille de votre mur ou de vos souhaits pour l&rsquo;\u00e9v\u00e9nement, les portails \u00e9tant facilement d\u00e9pla\u00e7ables ou amovibles, afin de s&rsquo;adapter \u00e0 vos besoins sp\u00e9cifiques.<\/li>\n<li>Les cubes et les entretoises sont fabriqu\u00e9s \u00e0 partir d&rsquo;un mat\u00e9riau composite compos\u00e9 de polyamide, qui leur conf\u00e8re leur souplesse, et de fibre de verre, qui leur conf\u00e8re leur r\u00e9sistance. Chaque cube sans entretoise est test\u00e9 pour supporter une pression descendante de 750 kg. <\/li>\n<\/ul>\n","protected":false},"excerpt":{"rendered":"<p>Grande construction murale avec portails praticables, \u00e0 utiliser lors d&rsquo;\u00e9v\u00e9nements ou comme unit\u00e9 murale pour la d\u00e9coration et le rangement.<\/p>\n","protected":false},"featured_media":31365,"template":"","meta":{"inline_featured_image":false},"product_brand":[],"product_cat":[455,458],"product_tag":[760,432,761],"class_list":{"0":"post-31397","1":"product","2":"type-product","3":"status-publish","4":"has-post-thumbnail","6":"product_cat-affichage","7":"product_cat-etagere","8":"product_tag-meuble-mural","9":"product_tag-plant-box-fr","10":"product_tag-portal","12":"first","13":"instock","14":"shipping-taxable","15":"purchasable","16":"product-type-variable","17":"has-default-attributes"},"_links":{"self":[{"href":"https:\/\/gridinteriorsystem.com\/fr\/wp-json\/wp\/v2\/product\/31397","targetHints":{"allow":["GET"]}}],"collection":[{"href":"https:\/\/gridinteriorsystem.com\/fr\/wp-json\/wp\/v2\/product"}],"about":[{"href":"https:\/\/gridinteriorsystem.com\/fr\/wp-json\/wp\/v2\/types\/product"}],"wp:featuredmedia":[{"embeddable":true,"href":"https:\/\/gridinteriorsystem.com\/fr\/wp-json\/wp\/v2\/media\/31365"}],"wp:attachment":[{"href":"https:\/\/gridinteriorsystem.com\/fr\/wp-json\/wp\/v2\/media?parent=31397"}],"wp:term":[{"taxonomy":"product_brand","embeddable":true,"href":"https:\/\/gridinteriorsystem.com\/fr\/wp-json\/wp\/v2\/product_brand?post=31397"},{"taxonomy":"product_cat","embeddable":true,"href":"https:\/\/gridinteriorsystem.com\/fr\/wp-json\/wp\/v2\/product_cat?post=31397"},{"taxonomy":"product_tag","embeddable":true,"href":"https:\/\/gridinteriorsystem.com\/fr\/wp-json\/wp\/v2\/product_tag?post=31397"}],"curies":[{"name":"wp","href":"https:\/\/api.w.org\/{rel}","templated":true}]}}