{"id":31440,"date":"2025-12-18T13:43:31","date_gmt":"2025-12-18T13:43:31","guid":{"rendered":"https:\/\/gridinteriorsystem.com\/product\/etagere-a-livres\/"},"modified":"2025-12-18T13:43:31","modified_gmt":"2025-12-18T13:43:31","slug":"etagere-a-livres","status":"publish","type":"product","link":"https:\/\/gridinteriorsystem.com\/fr\/product\/etagere-a-livres\/","title":{"rendered":"\u00c9tag\u00e8re \u00e0 livres"},"content":{"rendered":"<p>Biblioth\u00e8que offrant un vaste espace de rangement et d&rsquo;exposition. Les \u00e9tag\u00e8res et les porte-revues peuvent \u00eatre ajout\u00e9s et remplac\u00e9s selon les besoins, tout comme les placards.  Les \u00e9tag\u00e8res ouvertes en haut et ferm\u00e9es en bas donnent un aspect moderne, sans prendre trop de place, tout en offrant de nombreuses possibilit\u00e9s de rangement. Id\u00e9al pour les biblioth\u00e8ques, les espaces commerciaux ou les bureaux. <\/p>\n<ul>\n<li>Biblioth\u00e8que minimaliste au design danois.<\/li>\n<li>Les cubes et les entretoises sont fabriqu\u00e9s \u00e0 partir d&rsquo;un mat\u00e9riau composite compos\u00e9 de polyamide, qui leur conf\u00e8re leur souplesse, et de fibre de verre, qui leur conf\u00e8re leur r\u00e9sistance. Chaque cube sans entretoise est test\u00e9 pour supporter une pression descendante de 750 kg. <\/li>\n<\/ul>\n<p>&nbsp;<\/p>\n","protected":false},"excerpt":{"rendered":"<p>Biblioth\u00e8que offrant un vaste espace de rangement et d&rsquo;exposition. Les \u00e9tag\u00e8res et les porte-revues peuvent \u00eatre ajout\u00e9s et remplac\u00e9s selon les besoins, tout comme les placards. <\/p>\n","protected":false},"featured_media":31420,"template":"","meta":{"inline_featured_image":false},"product_brand":[],"product_cat":[452,442,437,458,471],"product_tag":[477,446],"class_list":{"0":"post-31440","1":"product","2":"type-product","3":"status-publish","4":"has-post-thumbnail","6":"product_cat-espace-de-stockage","7":"product_cat-bibliotheques","8":"product_cat-cloisons-de-separation","9":"product_cat-etagere","10":"product_cat-presentation-des-produits","11":"product_tag-bibliotheque","12":"product_tag-etageres","14":"first","15":"instock","16":"shipping-taxable","17":"purchasable","18":"product-type-variable","19":"has-default-attributes"},"_links":{"self":[{"href":"https:\/\/gridinteriorsystem.com\/fr\/wp-json\/wp\/v2\/product\/31440","targetHints":{"allow":["GET"]}}],"collection":[{"href":"https:\/\/gridinteriorsystem.com\/fr\/wp-json\/wp\/v2\/product"}],"about":[{"href":"https:\/\/gridinteriorsystem.com\/fr\/wp-json\/wp\/v2\/types\/product"}],"wp:featuredmedia":[{"embeddable":true,"href":"https:\/\/gridinteriorsystem.com\/fr\/wp-json\/wp\/v2\/media\/31420"}],"wp:attachment":[{"href":"https:\/\/gridinteriorsystem.com\/fr\/wp-json\/wp\/v2\/media?parent=31440"}],"wp:term":[{"taxonomy":"product_brand","embeddable":true,"href":"https:\/\/gridinteriorsystem.com\/fr\/wp-json\/wp\/v2\/product_brand?post=31440"},{"taxonomy":"product_cat","embeddable":true,"href":"https:\/\/gridinteriorsystem.com\/fr\/wp-json\/wp\/v2\/product_cat?post=31440"},{"taxonomy":"product_tag","embeddable":true,"href":"https:\/\/gridinteriorsystem.com\/fr\/wp-json\/wp\/v2\/product_tag?post=31440"}],"curies":[{"name":"wp","href":"https:\/\/api.w.org\/{rel}","templated":true}]}}