{"id":31484,"date":"2025-12-18T14:20:18","date_gmt":"2025-12-18T14:20:18","guid":{"rendered":"https:\/\/gridinteriorsystem.com\/product\/trolley\/"},"modified":"2025-12-18T14:20:18","modified_gmt":"2025-12-18T14:20:18","slug":"trolley","status":"publish","type":"product","link":"https:\/\/gridinteriorsystem.com\/fr\/product\/trolley\/","title":{"rendered":"Trolley"},"content":{"rendered":"<p>Trolley de bureau, pour transporter et ranger des documents et autres mat\u00e9riels. Taille id\u00e9ale pour tous les bureaux, avec \u00e9tag\u00e8res, placard int\u00e9gr\u00e9 et bo\u00eete de rangement. <\/p>\n<p>&nbsp;<\/p>\n<ul>\n<li>Muni de roulettes pour faciliter le d\u00e9placement.<\/li>\n<li>Les cubes et les entretoises sont fabriqu\u00e9s \u00e0 partir d&rsquo;un mat\u00e9riau composite compos\u00e9 de polyamide, qui leur conf\u00e8re leur souplesse, et de fibre de verre, qui leur conf\u00e8re leur r\u00e9sistance. Chaque cube sans entretoise est test\u00e9 pour supporter une pression descendante de 750 kg. <\/li>\n<\/ul>\n","protected":false},"excerpt":{"rendered":"<p>Trolley de bureau, pour transporter et ranger des documents et autres mat\u00e9riels. Taille id\u00e9ale pour tous les bureaux, avec \u00e9tag\u00e8res, placard int\u00e9gr\u00e9 et bo\u00eete de rangement. <\/p>\n","protected":false},"featured_media":31461,"template":"","meta":{"inline_featured_image":false},"product_brand":[],"product_cat":[480,452,458,468,460],"product_tag":[465,449,443,464,772],"class_list":{"0":"post-31484","1":"product","2":"type-product","3":"status-publish","4":"has-post-thumbnail","6":"product_cat-unite-mobile","7":"product_cat-espace-de-stockage","8":"product_cat-etagere","9":"product_cat-table-fr","10":"product_cat-unites-mobiles","11":"product_tag-a-roues","12":"product_tag-bureau","13":"product_tag-espace-de-stockage","14":"product_tag-mobile-fr","15":"product_tag-trolley","17":"first","18":"instock","19":"shipping-taxable","20":"purchasable","21":"product-type-variable","22":"has-default-attributes"},"_links":{"self":[{"href":"https:\/\/gridinteriorsystem.com\/fr\/wp-json\/wp\/v2\/product\/31484","targetHints":{"allow":["GET"]}}],"collection":[{"href":"https:\/\/gridinteriorsystem.com\/fr\/wp-json\/wp\/v2\/product"}],"about":[{"href":"https:\/\/gridinteriorsystem.com\/fr\/wp-json\/wp\/v2\/types\/product"}],"wp:featuredmedia":[{"embeddable":true,"href":"https:\/\/gridinteriorsystem.com\/fr\/wp-json\/wp\/v2\/media\/31461"}],"wp:attachment":[{"href":"https:\/\/gridinteriorsystem.com\/fr\/wp-json\/wp\/v2\/media?parent=31484"}],"wp:term":[{"taxonomy":"product_brand","embeddable":true,"href":"https:\/\/gridinteriorsystem.com\/fr\/wp-json\/wp\/v2\/product_brand?post=31484"},{"taxonomy":"product_cat","embeddable":true,"href":"https:\/\/gridinteriorsystem.com\/fr\/wp-json\/wp\/v2\/product_cat?post=31484"},{"taxonomy":"product_tag","embeddable":true,"href":"https:\/\/gridinteriorsystem.com\/fr\/wp-json\/wp\/v2\/product_tag?post=31484"}],"curies":[{"name":"wp","href":"https:\/\/api.w.org\/{rel}","templated":true}]}}